{"id":1280,"date":"2024-09-19T16:15:17","date_gmt":"2024-09-19T14:15:17","guid":{"rendered":"https:\/\/www.lawpoint.at\/?page_id=1280"},"modified":"2024-10-31T10:07:39","modified_gmt":"2024-10-31T09:07:39","slug":"life-sciences-healthcare","status":"publish","type":"page","link":"https:\/\/www.lawpoint.at\/en\/spezialgebiete\/life-sciences-healthcare\/","title":{"rendered":"Life Science &#038; Healthcare"},"content":{"rendered":"<div class=\"content_row row vc_row wpb_row  default-style fullwidth\">\n\t\n\t<div class=\"content_row_wrapper  default\"><div class=\"vc_col-sm-12 wpb_column vc_column_container rt-column-container\">\n\t<div class=\"vc_column-inner rt-column-inner\">\n\t\t<div class=\"wpb_wrapper rt-wrapper\">\n\t\t\t\n\t<div  class=\"wpb_single_image wpb_content_element vc_align_left wpb_content_element\">\n\t\t\n\t\t<figure class=\"wpb_wrapper vc_figure\">\n\t\t\t<div class=\"vc_single_image-wrapper   vc_box_border_grey\"><img fetchpriority=\"high\" decoding=\"async\" width=\"1500\" height=\"600\" src=\"https:\/\/www.lawpoint.at\/wp-content\/uploads\/2024\/09\/life-science.jpg\" class=\"vc_single_image-img attachment-full\" alt=\"\" title=\"life-science-titelbild\" srcset=\"https:\/\/www.lawpoint.at\/wp-content\/uploads\/2024\/09\/life-science.jpg 1500w, https:\/\/www.lawpoint.at\/wp-content\/uploads\/2024\/09\/life-science-300x120.jpg 300w, https:\/\/www.lawpoint.at\/wp-content\/uploads\/2024\/09\/life-science-1024x410.jpg 1024w, https:\/\/www.lawpoint.at\/wp-content\/uploads\/2024\/09\/life-science-768x307.jpg 768w, https:\/\/www.lawpoint.at\/wp-content\/uploads\/2024\/09\/life-science-18x7.jpg 18w, https:\/\/www.lawpoint.at\/wp-content\/uploads\/2024\/09\/life-science-750x300.jpg 750w\" sizes=\"(max-width: 1500px) 100vw, 1500px\" \/><\/div>\n\t\t<\/figure>\n\t<\/div>\n\n\t\t<\/div>\n\t<\/div>\n\t<\/div>\n\n\t<div class=\"vc_col-sm-8 wpb_column vc_column_container vc_custom_1726661264529 rt-1824699 rt-column-container\">\n\t<div class=\"vc_column-inner rt-column-inner\">\n\t\t<div class=\"wpb_wrapper rt-wrapper\">\n\t\t\t<div class=\"vc_empty_space\"   style=\"height: 32px\"><span class=\"vc_empty_space_inner\"><\/span><\/div><div class=\"rt-heading-wrapper style-5 rt-8240463\">\n\t\t\t\t\t\t<h1 class=\"rt-heading style-5\" >Life Science &amp; Health Care<\/h1>\n\t\t\t\t\t<\/div>\n\t<div class=\"wpb_text_column wpb_content_element\" >\n\t\t<div class=\"wpb_wrapper\">\n\t\t\t<p>Seit Jahrzehnten sind wir als <strong>Anw\u00e4lte im Bereich Life Sciences &amp; Health Care<\/strong> t\u00e4tig. Unter diesem Begriff fassen wir das Arzneimittelrecht, das Lebensmittelrecht inklusive Nahrungserg\u00e4nzungsmittelrecht, das Kosmetikrecht, das Medizinprodukterecht und das Speziallebensmittelrecht zusammen. Diese Gebiete greifen ineinander und sind einem st\u00e4ndigen Wandel unterworfen, der zum einen durch die EU Gesetzgebung und zum anderen durch nationale und europ\u00e4ische Judikatur bedingt ist. Auch Deutschland hat hier einen wesentlichen Einfluss, weshalb wir in Kooperation sowohl mit deutschen Anwaltskanzleien als auch Gutachtern stehen.<\/p>\n\n\t\t<\/div>\n\t<\/div>\n\n\t\t<\/div>\n\t<\/div>\n\t<\/div>\n\n\t<div class=\"vc_col-sm-4 wpb_column vc_column_container rt-column-container\">\n\t<div class=\"vc_column-inner rt-column-inner\">\n\t\t<div class=\"wpb_wrapper rt-wrapper\">\n\t\t\t\n\t\t<\/div>\n\t<\/div>\n\t<\/div>\n<\/div>\n<\/div>\n\n<div  class=\"content_row row vc_row wpb_row  default-style fullwidth\">\n\t\n\t<div class=\"content_row_wrapper  default\"><div class=\"vc_col-sm-4 wpb_column vc_column_container rt-column-container\">\n\t<div class=\"vc_column-inner rt-column-inner\">\n\t\t<div class=\"wpb_wrapper rt-wrapper\">\n\t\t\t<article class=\"image-content-box content-box  box-style-1  valign-top  left\" style=\"background-color:#f2f2f2;padding-top:10px;padding-bottom:20px;padding-left:10px;padding-right:10px;\"><div class=\"featured_image_holder\"><a href=\"https:\/\/www.lawpoint.at\/spezialgebiete\/life-sciences-healthcare\/arzneimittelrecht\/\" title=\"Rechtsberatung f\u00fcr Arzneimittelrecht\" target=\"\"><img decoding=\"async\" class=\"img-responsive left\" src=\"https:\/\/www.lawpoint.at\/wp-content\/uploads\/2024\/09\/arzneimittelrechtv2.jpg\" width=\"1500\" height=\"1000\" alt=\"\" \/><\/a><\/div><div class=\"text-holder\">\n\t<h3 class=\"heading\" >\n\t\t<a href=\"https:\/\/www.lawpoint.at\/spezialgebiete\/life-sciences-healthcare\/arzneimittelrecht\/\" title=\"Arzneimittelrecht\" target=\"\" >\n\t\t\tArzneimittelrecht\n\t\t<\/a>\n\t<\/h3> <p>Das Arzneimittelrecht ist ein von zahlreichen Spezialvorschriften gepr\u00e4gtes Rechtsgebiet. Sowohl f\u00fcr die <strong>Werbung<\/strong> als auch f\u00fcr die <strong>Kennzeichnung<\/strong> bedarf es des Fachwissens und der langj\u00e4hrigen Erfahrung in dieser Materie. Aber auch Themen wie <strong>Zulassung, Erstattungsf\u00e4higkeit, Parallelimport, Versandhandel oder Market Access<\/strong> spielen in unserer t\u00e4glichen Arbeit eine wichtige Rolle.<\/p>\n<a class=\"read_more\" href=\"https:\/\/www.lawpoint.at\/spezialgebiete\/life-sciences-healthcare\/arzneimittelrecht\/\" title=\"Rechtsberatung f\u00fcr Arzneimittelrecht\" target=\"_self\" >Rechtsberatung f\u00fcr Arzneimittelrecht<\/a><\/div><\/article>\n\t\t<\/div>\n\t<\/div>\n\t<\/div>\n\n\t<div class=\"vc_col-sm-4 wpb_column vc_column_container rt-column-container\">\n\t<div class=\"vc_column-inner rt-column-inner\">\n\t\t<div class=\"wpb_wrapper rt-wrapper\">\n\t\t\t<article class=\"image-content-box content-box  box-style-1  valign-top  left\" style=\"background-color:#f2f2f2;padding-top:10px;padding-bottom:20px;padding-left:10px;padding-right:10px;\"><div class=\"featured_image_holder\"><a href=\"https:\/\/www.lawpoint.at\/spezialgebiete\/life-sciences-healthcare\/lebensmittelrecht-2\/\" title=\"Rechtsberatung f\u00fcr Lebensmittelrecht\" target=\"\"><img decoding=\"async\" class=\"img-responsive left\" src=\"https:\/\/www.lawpoint.at\/wp-content\/uploads\/2024\/09\/lebensmittelrecht.jpg\" width=\"1500\" height=\"1000\" alt=\"\" \/><\/a><\/div><div class=\"text-holder\">\n\t<h3 class=\"heading\" >\n\t\t<a href=\"https:\/\/www.lawpoint.at\/spezialgebiete\/life-sciences-healthcare\/lebensmittelrecht-2\/\" title=\"Lebensmittelrecht\" target=\"\" >\n\t\t\tLebensmittelrecht\n\t\t<\/a>\n\t<\/h3> <p>Das <strong>Lebensmittelrecht<\/strong> ist eine an Umfang kaum zu \u00fcberbietende Rechtsmaterie. Die <strong>EU Gesetzgebung<\/strong> bewirkt eine sich st\u00e4ndig wandelnde Anforderung (Stichwort: Lebensmittelinformation) und die \u00f6sterreichischen Rechtsvorschriften wie Verordnungen oder das Lebensmittelbuch bringen eine F\u00fclle an zu beachtenden Bestimmungen.<\/p>\n<a class=\"read_more\" href=\"https:\/\/www.lawpoint.at\/spezialgebiete\/life-sciences-healthcare\/lebensmittelrecht-2\/\" title=\"Rechtsberatung f\u00fcr Lebensmittelrecht\" target=\"_self\" >Rechtsberatung f\u00fcr Lebensmittelrecht<\/a><\/div><\/article>\n\t\t<\/div>\n\t<\/div>\n\t<\/div>\n\n\t<div class=\"vc_col-sm-4 wpb_column vc_column_container rt-column-container\">\n\t<div class=\"vc_column-inner rt-column-inner\">\n\t\t<div class=\"wpb_wrapper rt-wrapper\">\n\t\t\t<article class=\"image-content-box content-box  box-style-1  valign-top  left\" style=\"background-color:#f2f2f2;padding-top:10px;padding-bottom:17px;padding-left:10px;padding-right:10px;\"><div class=\"featured_image_holder\"><a href=\"https:\/\/www.lawpoint.at\/spezialgebiete\/life-sciences-healthcare\/nahrungsergaenzungsmittelrecht-2\/\" title=\"Rechtsberatung Nahrungserg\u00e4nzungsmittel\" target=\"\"><img loading=\"lazy\" decoding=\"async\" class=\"img-responsive left\" src=\"https:\/\/www.lawpoint.at\/wp-content\/uploads\/2024\/09\/nahrungsergaenzungsmittelrecht.jpg\" width=\"1500\" height=\"1000\" alt=\"\" \/><\/a><\/div><div class=\"text-holder\">\n\t<h3 class=\"heading\" >\n\t\t<a href=\"https:\/\/www.lawpoint.at\/spezialgebiete\/life-sciences-healthcare\/nahrungsergaenzungsmittelrecht-2\/\" title=\"Nahrungserg\u00e4nzungs\u00admittelrecht\" target=\"\" >\n\t\t\tNahrungserg\u00e4nzungs\u00admittelrecht\n\t\t<\/a>\n\t<\/h3> <p>Wer die Entwicklung der <strong>Nahrungs\u00aderg\u00e4nzungs\u00admittel<\/strong> in der Geschichte mitverfolgt hat wie wir wei\u00df, welchen wechselnden <strong>Rechts\u00advorschriften<\/strong> diese Produktgruppe unterliegt. Nicht zuletzt durch die <strong>Health-Claims-Verordnung<\/strong>, blieb in diesem Rechtsbereich kein Stein auf dem anderen. Wer nicht in der Masse untergehen will, ben\u00f6tigt scharfe, juristisch rechtfertigbare Aussagen. Dabei unterst\u00fctzen wir Sie!<\/p>\n<a class=\"read_more\" href=\"https:\/\/www.lawpoint.at\/spezialgebiete\/life-sciences-healthcare\/nahrungsergaenzungsmittelrecht-2\/\" title=\"Rechtsberatung Nahrungserg\u00e4nzungsmittel\" target=\"_self\" >Rechtsberatung Nahrungserg\u00e4nzungsmittel<\/a><\/div><\/article>\n\t\t<\/div>\n\t<\/div>\n\t<\/div>\n<\/div>\n<\/div>\n\n<div  class=\"content_row row vc_row wpb_row  default-style fullwidth\">\n\t\n\t<div class=\"content_row_wrapper  default\"><div class=\"vc_col-sm-4 wpb_column vc_column_container rt-column-container\">\n\t<div class=\"vc_column-inner rt-column-inner\">\n\t\t<div class=\"wpb_wrapper rt-wrapper\">\n\t\t\t<article class=\"image-content-box content-box  box-style-1  valign-top  left\" style=\"background-color:#f2f2f2;padding-top:10px;padding-bottom:20px;padding-left:10px;padding-right:10px;\"><div class=\"featured_image_holder\"><a href=\"https:\/\/www.lawpoint.at\/spezialgebiete\/life-sciences-healthcare\/medizinrecht-patientenrecht\/\" title=\"Rechtsberatung Medizin- &amp; Patientenrecht\" target=\"\"><img loading=\"lazy\" decoding=\"async\" class=\"img-responsive left\" src=\"https:\/\/www.lawpoint.at\/wp-content\/uploads\/2024\/10\/medizin-patienten-recht-teaser.jpg\" width=\"1500\" height=\"1000\" alt=\"\" \/><\/a><\/div><div class=\"text-holder\">\n\t<h3 class=\"heading\" >\n\t\t<a href=\"https:\/\/www.lawpoint.at\/spezialgebiete\/life-sciences-healthcare\/medizinrecht-patientenrecht\/\" title=\"Medizinrecht &amp; Patientenrecht\" target=\"\" >\n\t\t\tMedizinrecht &amp; Patientenrecht\n\t\t<\/a>\n\t<\/h3> <p>Das Medizinrecht umfasst eine Vielzahl von Fragen zu <strong>Patientenrechten<\/strong> <strong>und Arzthaftung<\/strong>. Im Mittelpunkt stehen dabei Themen wie Behandlungsfehler, Schmerzensgeld\u00adanspr\u00fcche, \u00e4rztliche Aufkl\u00e4rungs\u00adpflicht und Patienten\u00adverf\u00fcgung. Weitere relevante Regelungsbereiche betreffen das \u00e4rztliche Berufsrecht und das Recht der medizinisch-therapeutischen Berufe. Unsere Kanzlei bietet eine fundierte Beratung in allen Fragen des Medizinrechts.<\/p>\n<a class=\"read_more\" href=\"https:\/\/www.lawpoint.at\/spezialgebiete\/life-sciences-healthcare\/medizinrecht-patientenrecht\/\" title=\"Rechtsberatung Medizin- &amp; Patientenrecht\" target=\"_self\" >Rechtsberatung Medizin- &amp; Patientenrecht<\/a><\/div><\/article>\n\t\t<\/div>\n\t<\/div>\n\t<\/div>\n\n\t<div class=\"vc_col-sm-4 wpb_column vc_column_container rt-column-container\">\n\t<div class=\"vc_column-inner rt-column-inner\">\n\t\t<div class=\"wpb_wrapper rt-wrapper\">\n\t\t\t<article class=\"image-content-box content-box  box-style-1  valign-top  left\" style=\"background-color:#f2f2f2;padding-top:10px;padding-bottom:20px;padding-left:10px;padding-right:10px;\"><div class=\"featured_image_holder\"><a href=\"https:\/\/www.lawpoint.at\/spezialgebiete\/life-sciences-healthcare\/medizinprodukterecht-2-2\/\" title=\"Rechtsberatung Medizinprodukterecht\" target=\"\"><img loading=\"lazy\" decoding=\"async\" class=\"img-responsive left\" src=\"https:\/\/www.lawpoint.at\/wp-content\/uploads\/2024\/09\/medizinprodukterecht-1.jpg\" width=\"1500\" height=\"1000\" alt=\"\" \/><\/a><\/div><div class=\"text-holder\">\n\t<h3 class=\"heading\" >\n\t\t<a href=\"https:\/\/www.lawpoint.at\/spezialgebiete\/life-sciences-healthcare\/medizinprodukterecht-2-2\/\" title=\"Medizinprodukterecht\" target=\"\" >\n\t\t\tMedizinprodukterecht\n\t\t<\/a>\n\t<\/h3> <p>Durch die Regelungsflut in anderen Life Science Bereichen ist das <strong>Medizinprodukt<\/strong> eine beliebte Alternative geworden. Auch hier spielen <strong>Abgrenzungs- und Werbungsfragen<\/strong> eine wichtige Rolle. Die harmonisierte Gesetzeslage erm\u00f6glicht es auch, Konformit\u00e4tserkl\u00e4rungen von beliebigen Instituten der EU zu w\u00e4hlen, was die Rechtsanwendung noch komplizierter macht. Auch dieses Gebiet ist einem st\u00e4ndigen Wandel unterworfen.<\/p>\n<a class=\"read_more\" href=\"https:\/\/www.lawpoint.at\/spezialgebiete\/life-sciences-healthcare\/medizinprodukterecht-2-2\/\" title=\"Rechtsberatung Medizinprodukterecht\" target=\"_self\" >Rechtsberatung Medizinprodukterecht<\/a><\/div><\/article>\n\t\t<\/div>\n\t<\/div>\n\t<\/div>\n\n\t<div class=\"vc_col-sm-4 wpb_column vc_column_container rt-column-container\">\n\t<div class=\"vc_column-inner rt-column-inner\">\n\t\t<div class=\"wpb_wrapper rt-wrapper\">\n\t\t\t<article class=\"image-content-box content-box  box-style-1  valign-top  left\" style=\"background-color:#f2f2f2;padding-top:10px;padding-bottom:20px;padding-left:10px;padding-right:10px;\"><div class=\"featured_image_holder\"><a href=\"https:\/\/www.lawpoint.at\/spezialgebiete\/life-sciences-healthcare\/kosmetikrecht\/\" title=\"Rechtsberatung Kosmetikrecht\" target=\"\"><img loading=\"lazy\" decoding=\"async\" class=\"img-responsive left\" src=\"https:\/\/www.lawpoint.at\/wp-content\/uploads\/2024\/09\/kosmetikrecht-1.jpg\" width=\"1500\" height=\"1000\" alt=\"\" \/><\/a><\/div><div class=\"text-holder\">\n\t<h3 class=\"heading\" >\n\t\t<a href=\"https:\/\/www.lawpoint.at\/spezialgebiete\/life-sciences-healthcare\/kosmetikrecht\/\" title=\"Kosmetikrecht\" target=\"\" >\n\t\t\tKosmetikrecht\n\t\t<\/a>\n\t<\/h3> <p>Die <strong>EU-Kosmetik-Verordnung<\/strong> brachte ein weitgehend harmonisiertes Rechtsgebiet f\u00fcr Kosmetika. Die Auslegung der Verordnung ist mitunter schwierig. Auch Abgrenzungsfragen zu anderen Produktgruppen spielen eine Rolle. Wir \u00fcbernehmen nicht nur die Vertretung in Verwaltungsverfahren, verfassen Rechtfertigungen und Rechtsmittel, sondern beraten Sie auch umfassend im richtigen Umgang mit den Beh\u00f6rden.<\/p>\n<a class=\"read_more\" href=\"https:\/\/www.lawpoint.at\/spezialgebiete\/life-sciences-healthcare\/kosmetikrecht\/\" title=\"Rechtsberatung Kosmetikrecht\" target=\"_self\" >Rechtsberatung Kosmetikrecht<\/a><\/div><\/article>\n\t\t<\/div>\n\t<\/div>\n\t<\/div>\n<\/div>\n<\/div>\n\n<div  class=\"content_row row vc_row wpb_row  default-style fullwidth\">\n\t\n\t<div class=\"content_row_wrapper  default\"><div class=\"vc_col-sm-4 wpb_column vc_column_container rt-column-container\">\n\t<div class=\"vc_column-inner rt-column-inner\">\n\t\t<div class=\"wpb_wrapper rt-wrapper\">\n\t\t\t<article class=\"image-content-box content-box  box-style-1  valign-top  left\" style=\"background-color:#f2f2f2;padding-top:10px;padding-bottom:17px;padding-left:10px;padding-right:10px;\"><div class=\"featured_image_holder\"><a href=\"https:\/\/www.lawpoint.at\/spezialgebiete\/life-sciences-healthcare\/futtermittelrecht\/\" title=\"Rechtsberatung Futtermittelrecht\" target=\"\"><img loading=\"lazy\" decoding=\"async\" class=\"img-responsive left\" src=\"https:\/\/www.lawpoint.at\/wp-content\/uploads\/2024\/09\/futtermittelrecht-1.jpg\" width=\"1500\" height=\"1000\" alt=\"\" \/><\/a><\/div><div class=\"text-holder\">\n\t<h3 class=\"heading\" >\n\t\t<a href=\"https:\/\/www.lawpoint.at\/spezialgebiete\/life-sciences-healthcare\/futtermittelrecht\/\" title=\"Futtermittelrecht\" target=\"\" >\n\t\t\tFuttermittelrecht\n\t\t<\/a>\n\t<\/h3> <p>Das <strong>Futtermittelrecht<\/strong> ist angesichts der Diversit\u00e4t im Tierreich, angefangen bei der gr\u00f6bsten Unterteilung in Nutz- und Heimtiere, von zahlreichen unterschiedlichen Anforderungen gepr\u00e4gt. Nicht zuletzt der immer gr\u00f6\u00dfer werdende Ruf der Verbraucher nach Transparenz stellt die Branche bei der Kennzeichnung und Werbung vor neue Herausforderungen. Gerne stellen wir Ihnen unsere umfangreiche Expertise zur Verf\u00fcgung.<\/p>\n<a class=\"read_more\" href=\"https:\/\/www.lawpoint.at\/spezialgebiete\/life-sciences-healthcare\/futtermittelrecht\/\" title=\"Rechtsberatung Futtermittelrecht\" target=\"_self\" >Rechtsberatung Futtermittelrecht<\/a><\/div><\/article>\n\t\t<\/div>\n\t<\/div>\n\t<\/div>\n\n\t<div class=\"vc_col-sm-4 wpb_column vc_column_container rt-column-container\">\n\t<div class=\"vc_column-inner rt-column-inner\">\n\t\t<div class=\"wpb_wrapper rt-wrapper\">\n\t\t\t\n\t\t<\/div>\n\t<\/div>\n\t<\/div>\n\n\t<div class=\"vc_col-sm-4 wpb_column vc_column_container rt-column-container\">\n\t<div class=\"vc_column-inner rt-column-inner\">\n\t\t<div class=\"wpb_wrapper rt-wrapper\">\n\t\t\t\n\t\t<\/div>\n\t<\/div>\n\t<\/div>\n<\/div>\n<\/div>\n\n<div  class=\"content_row row vc_row wpb_row  default-style fullwidth\">\n\t\n\t<div class=\"content_row_wrapper  default\"><div class=\"vc_col-sm-8 wpb_column vc_column_container rt-column-container\">\n\t<div class=\"vc_column-inner rt-column-inner\">\n\t\t<div class=\"wpb_wrapper rt-wrapper\">\n\t\t\t<div class=\"vc_empty_space\"   style=\"height: 20px\"><span class=\"vc_empty_space_inner\"><\/span><\/div>\n\t<div class=\"wpb_text_column wpb_content_element\" >\n\t\t<div class=\"wpb_wrapper\">\n\t\t\t<p><strong>Mag. Jakob H\u00fctthaler-Brandauer<\/strong>\u00a0has, so to speak, been involved in the field of life sciences since childhood through his mother and founder of the firm,\u00a0<strong>Dr. Ruth H\u00fctthaler-Brandauer.<\/strong>He regularly lectures in this field and advises national and international companies and associations. Since 2021, he has been a member of the Commission for the Publication of the Austrian Food Codex (Codex Commission) and publishes regularly in national and international journals.<\/p>\n\n\t\t<\/div>\n\t<\/div>\n<div class=\"vc_empty_space\"   style=\"height: 20px\"><span class=\"vc_empty_space_inner\"><\/span><\/div><section class=\"vc_cta3-container\"><div class=\"vc_general vc_do_cta3 vc_cta3 vc_cta3-style-custom vc_cta3-shape-square vc_cta3-align-center vc_cta3-icon-size-md vc_cta3-actions-right\" style=\"background-color:#f2f2f2;\"><div class=\"vc_cta3_content-container\"><div class=\"vc_cta3-content\"><header class=\"vc_cta3-content-header\"><h2 style=\"color:#1e73be;\">Anwalt f\u00fcr Life Science &amp; Health Care<\/h2><\/header><p style=\"text-align: center;\"><span data-sheets-root=\"1\">Sie sind auf der Suche nach einem Anwalt im Bereich Life Science &amp; Healthcare? Wir sind gerne f\u00fcr Sie da!<\/span><\/p>\n<\/div><div class=\"vc_cta3-actions\"><div class=\"vc_btn3-container vc_btn3-inline vc_do_btn\" ><a class=\"vc_general vc_btn3 vc_btn3-size-md vc_btn3-shape-rounded vc_btn3-style-classic vc_btn3-color-grey\" href=\"https:\/\/www.lawpoint.at\/kontakt\/\" title=\"Contact us\">Contact us<\/a><\/div><\/div><\/div><\/div><\/section>\n\t\t<\/div>\n\t<\/div>\n\t<\/div>\n\n\t<div class=\"vc_col-sm-4 wpb_column vc_column_container rt-column-container\">\n\t<div class=\"vc_column-inner rt-column-inner\">\n\t\t<div class=\"wpb_wrapper rt-wrapper\">\n\t\t\t\n\t\t<\/div>\n\t<\/div>\n\t<\/div>\n<\/div>\n<\/div>","protected":false},"excerpt":{"rendered":"Life Science &amp; Health Care Seit Jahrzehnten sind wir als Anw\u00e4lte im Bereich Life Sciences &amp; Health Care t\u00e4tig. Unter diesem Begriff fassen wir das Arzneimittelrecht, das Lebensmittelrecht inklusive Nahrungserg\u00e4nzungsmittelrecht, das Kosmetikrecht, das Medizinprodukterecht und das Speziallebensmittelrecht zusammen. Diese Gebiete greifen ineinander und sind einem st\u00e4ndigen Wandel unterworfen, der zum einen durch die EU Gesetzgebung [...]","protected":false},"author":2,"featured_media":0,"parent":200,"menu_order":0,"comment_status":"closed","ping_status":"closed","template":"","meta":{"footnotes":""},"class_list":["post-1280","page","type-page","status-publish","hentry"],"yoast_head":"<!-- This site is optimized with the Yoast SEO plugin v27.4 - https:\/\/yoast.com\/product\/yoast-seo-wordpress\/ -->\n<title>Life Science &amp; Healthcare - lawpoint<\/title>\n<meta name=\"robots\" content=\"index, follow, max-snippet:-1, max-image-preview:large, max-video-preview:-1\" \/>\n<link rel=\"canonical\" href=\"https:\/\/www.lawpoint.at\/en\/spezialgebiete\/life-sciences-healthcare\/\" \/>\n<meta property=\"og:locale\" content=\"en_US\" \/>\n<meta property=\"og:type\" content=\"article\" \/>\n<meta property=\"og:title\" content=\"Life Science &amp; Healthcare - lawpoint\" \/>\n<meta property=\"og:url\" content=\"https:\/\/www.lawpoint.at\/en\/spezialgebiete\/life-sciences-healthcare\/\" \/>\n<meta property=\"og:site_name\" content=\"lawpoint\" \/>\n<meta property=\"article:modified_time\" content=\"2024-10-31T09:07:39+00:00\" \/>\n<meta name=\"twitter:card\" content=\"summary_large_image\" \/>\n<meta name=\"twitter:label1\" content=\"Est. reading time\" \/>\n\t<meta name=\"twitter:data1\" content=\"7 minutes\" \/>\n<script type=\"application\/ld+json\" class=\"yoast-schema-graph\">{\"@context\":\"https:\\\/\\\/schema.org\",\"@graph\":[{\"@type\":\"WebPage\",\"@id\":\"https:\\\/\\\/www.lawpoint.at\\\/spezialgebiete\\\/life-sciences-healthcare\\\/\",\"url\":\"https:\\\/\\\/www.lawpoint.at\\\/spezialgebiete\\\/life-sciences-healthcare\\\/\",\"name\":\"Life Science & Healthcare - lawpoint\",\"isPartOf\":{\"@id\":\"https:\\\/\\\/www.lawpoint.at\\\/#website\"},\"datePublished\":\"2024-09-19T14:15:17+00:00\",\"dateModified\":\"2024-10-31T09:07:39+00:00\",\"breadcrumb\":{\"@id\":\"https:\\\/\\\/www.lawpoint.at\\\/spezialgebiete\\\/life-sciences-healthcare\\\/#breadcrumb\"},\"inLanguage\":\"en-US\",\"potentialAction\":[{\"@type\":\"ReadAction\",\"target\":[\"https:\\\/\\\/www.lawpoint.at\\\/spezialgebiete\\\/life-sciences-healthcare\\\/\"]}]},{\"@type\":\"BreadcrumbList\",\"@id\":\"https:\\\/\\\/www.lawpoint.at\\\/spezialgebiete\\\/life-sciences-healthcare\\\/#breadcrumb\",\"itemListElement\":[{\"@type\":\"ListItem\",\"position\":1,\"name\":\"Startseite\",\"item\":\"https:\\\/\\\/www.lawpoint.at\\\/\"},{\"@type\":\"ListItem\",\"position\":2,\"name\":\"Spezialgebiete\",\"item\":\"https:\\\/\\\/www.lawpoint.at\\\/spezialgebiete\\\/\"},{\"@type\":\"ListItem\",\"position\":3,\"name\":\"Life Science &#038; Healthcare\"}]},{\"@type\":\"WebSite\",\"@id\":\"https:\\\/\\\/www.lawpoint.at\\\/#website\",\"url\":\"https:\\\/\\\/www.lawpoint.at\\\/\",\"name\":\"lawpoint\",\"description\":\"We get to the point.\",\"publisher\":{\"@id\":\"https:\\\/\\\/www.lawpoint.at\\\/#organization\"},\"potentialAction\":[{\"@type\":\"SearchAction\",\"target\":{\"@type\":\"EntryPoint\",\"urlTemplate\":\"https:\\\/\\\/www.lawpoint.at\\\/?s={search_term_string}\"},\"query-input\":{\"@type\":\"PropertyValueSpecification\",\"valueRequired\":true,\"valueName\":\"search_term_string\"}}],\"inLanguage\":\"en-US\"},{\"@type\":\"Organization\",\"@id\":\"https:\\\/\\\/www.lawpoint.at\\\/#organization\",\"name\":\"lawpoint\",\"url\":\"https:\\\/\\\/www.lawpoint.at\\\/\",\"logo\":{\"@type\":\"ImageObject\",\"inLanguage\":\"en-US\",\"@id\":\"https:\\\/\\\/www.lawpoint.at\\\/#\\\/schema\\\/logo\\\/image\\\/\",\"url\":\"https:\\\/\\\/www.lawpoint.at\\\/wp-content\\\/uploads\\\/2021\\\/05\\\/logo_lawpoint_cmyk_zusatz_rechts_mehr-Arbeitsflaeche.png\",\"contentUrl\":\"https:\\\/\\\/www.lawpoint.at\\\/wp-content\\\/uploads\\\/2021\\\/05\\\/logo_lawpoint_cmyk_zusatz_rechts_mehr-Arbeitsflaeche.png\",\"width\":888,\"height\":448,\"caption\":\"lawpoint\"},\"image\":{\"@id\":\"https:\\\/\\\/www.lawpoint.at\\\/#\\\/schema\\\/logo\\\/image\\\/\"}}]}<\/script>\n<!-- \/ Yoast SEO plugin. -->","yoast_head_json":{"title":"Life Science & Healthcare - lawpoint","robots":{"index":"index","follow":"follow","max-snippet":"max-snippet:-1","max-image-preview":"max-image-preview:large","max-video-preview":"max-video-preview:-1"},"canonical":"https:\/\/www.lawpoint.at\/en\/spezialgebiete\/life-sciences-healthcare\/","og_locale":"en_US","og_type":"article","og_title":"Life Science & Healthcare - lawpoint","og_url":"https:\/\/www.lawpoint.at\/en\/spezialgebiete\/life-sciences-healthcare\/","og_site_name":"lawpoint","article_modified_time":"2024-10-31T09:07:39+00:00","twitter_card":"summary_large_image","twitter_misc":{"Est. reading time":"7 minutes"},"schema":{"@context":"https:\/\/schema.org","@graph":[{"@type":"WebPage","@id":"https:\/\/www.lawpoint.at\/spezialgebiete\/life-sciences-healthcare\/","url":"https:\/\/www.lawpoint.at\/spezialgebiete\/life-sciences-healthcare\/","name":"Life Science & Healthcare - lawpoint","isPartOf":{"@id":"https:\/\/www.lawpoint.at\/#website"},"datePublished":"2024-09-19T14:15:17+00:00","dateModified":"2024-10-31T09:07:39+00:00","breadcrumb":{"@id":"https:\/\/www.lawpoint.at\/spezialgebiete\/life-sciences-healthcare\/#breadcrumb"},"inLanguage":"en-US","potentialAction":[{"@type":"ReadAction","target":["https:\/\/www.lawpoint.at\/spezialgebiete\/life-sciences-healthcare\/"]}]},{"@type":"BreadcrumbList","@id":"https:\/\/www.lawpoint.at\/spezialgebiete\/life-sciences-healthcare\/#breadcrumb","itemListElement":[{"@type":"ListItem","position":1,"name":"Startseite","item":"https:\/\/www.lawpoint.at\/"},{"@type":"ListItem","position":2,"name":"Spezialgebiete","item":"https:\/\/www.lawpoint.at\/spezialgebiete\/"},{"@type":"ListItem","position":3,"name":"Life Science &#038; Healthcare"}]},{"@type":"WebSite","@id":"https:\/\/www.lawpoint.at\/#website","url":"https:\/\/www.lawpoint.at\/","name":"lawpoint","description":"We get to the point.","publisher":{"@id":"https:\/\/www.lawpoint.at\/#organization"},"potentialAction":[{"@type":"SearchAction","target":{"@type":"EntryPoint","urlTemplate":"https:\/\/www.lawpoint.at\/?s={search_term_string}"},"query-input":{"@type":"PropertyValueSpecification","valueRequired":true,"valueName":"search_term_string"}}],"inLanguage":"en-US"},{"@type":"Organization","@id":"https:\/\/www.lawpoint.at\/#organization","name":"lawpoint","url":"https:\/\/www.lawpoint.at\/","logo":{"@type":"ImageObject","inLanguage":"en-US","@id":"https:\/\/www.lawpoint.at\/#\/schema\/logo\/image\/","url":"https:\/\/www.lawpoint.at\/wp-content\/uploads\/2021\/05\/logo_lawpoint_cmyk_zusatz_rechts_mehr-Arbeitsflaeche.png","contentUrl":"https:\/\/www.lawpoint.at\/wp-content\/uploads\/2021\/05\/logo_lawpoint_cmyk_zusatz_rechts_mehr-Arbeitsflaeche.png","width":888,"height":448,"caption":"lawpoint"},"image":{"@id":"https:\/\/www.lawpoint.at\/#\/schema\/logo\/image\/"}}]}},"_links":{"self":[{"href":"https:\/\/www.lawpoint.at\/en\/wp-json\/wp\/v2\/pages\/1280","targetHints":{"allow":["GET"]}}],"collection":[{"href":"https:\/\/www.lawpoint.at\/en\/wp-json\/wp\/v2\/pages"}],"about":[{"href":"https:\/\/www.lawpoint.at\/en\/wp-json\/wp\/v2\/types\/page"}],"author":[{"embeddable":true,"href":"https:\/\/www.lawpoint.at\/en\/wp-json\/wp\/v2\/users\/2"}],"replies":[{"embeddable":true,"href":"https:\/\/www.lawpoint.at\/en\/wp-json\/wp\/v2\/comments?post=1280"}],"version-history":[{"count":89,"href":"https:\/\/www.lawpoint.at\/en\/wp-json\/wp\/v2\/pages\/1280\/revisions"}],"predecessor-version":[{"id":1739,"href":"https:\/\/www.lawpoint.at\/en\/wp-json\/wp\/v2\/pages\/1280\/revisions\/1739"}],"up":[{"embeddable":true,"href":"https:\/\/www.lawpoint.at\/en\/wp-json\/wp\/v2\/pages\/200"}],"wp:attachment":[{"href":"https:\/\/www.lawpoint.at\/en\/wp-json\/wp\/v2\/media?parent=1280"}],"curies":[{"name":"wp","href":"https:\/\/api.w.org\/{rel}","templated":true}]}}