{"id":1337,"date":"2024-09-19T14:49:29","date_gmt":"2024-09-19T12:49:29","guid":{"rendered":"https:\/\/www.lawpoint.at\/?page_id=1337"},"modified":"2025-09-12T10:47:55","modified_gmt":"2025-09-12T08:47:55","slug":"arzneimittelrecht","status":"publish","type":"page","link":"https:\/\/www.lawpoint.at\/en\/spezialgebiete\/life-sciences-healthcare\/arzneimittelrecht\/","title":{"rendered":"Arzneimittelrecht"},"content":{"rendered":"<div class=\"content_row row vc_row wpb_row  default-style fullwidth\">\n\t\n\t<div class=\"content_row_wrapper  default\">\n\t<div class=\"vc_col-sm-12 wpb_column vc_column_container rt-column-container\">\n\t<div class=\"vc_column-inner rt-column-inner\">\n\t\t<div class=\"wpb_wrapper rt-wrapper\">\n\t\t\t\n\t<div  class=\"wpb_single_image wpb_content_element vc_align_center wpb_content_element\">\n\t\t\n\t\t<figure class=\"wpb_wrapper vc_figure\">\n\t\t\t<div class=\"vc_single_image-wrapper   vc_box_border_grey\"><img fetchpriority=\"high\" decoding=\"async\" width=\"1500\" height=\"600\" src=\"https:\/\/www.lawpoint.at\/wp-content\/uploads\/2024\/09\/arzneimittelrecht-schmal-neu-unsplash.jpg\" class=\"vc_single_image-img attachment-full\" alt=\"\" title=\"arzneimittelrecht-schmal-neu-unsplash\" srcset=\"https:\/\/www.lawpoint.at\/wp-content\/uploads\/2024\/09\/arzneimittelrecht-schmal-neu-unsplash.jpg 1500w, https:\/\/www.lawpoint.at\/wp-content\/uploads\/2024\/09\/arzneimittelrecht-schmal-neu-unsplash-300x120.jpg 300w, https:\/\/www.lawpoint.at\/wp-content\/uploads\/2024\/09\/arzneimittelrecht-schmal-neu-unsplash-1024x410.jpg 1024w, https:\/\/www.lawpoint.at\/wp-content\/uploads\/2024\/09\/arzneimittelrecht-schmal-neu-unsplash-768x307.jpg 768w, https:\/\/www.lawpoint.at\/wp-content\/uploads\/2024\/09\/arzneimittelrecht-schmal-neu-unsplash-18x7.jpg 18w, https:\/\/www.lawpoint.at\/wp-content\/uploads\/2024\/09\/arzneimittelrecht-schmal-neu-unsplash-750x300.jpg 750w\" sizes=\"(max-width: 1500px) 100vw, 1500px\" \/><\/div>\n\t\t<\/figure>\n\t<\/div>\n\n\t\t<\/div>\n\t<\/div>\n\t<\/div>\n\n<\/div>\n<\/div>\n\n<div  class=\"content_row row vc_row wpb_row  default-style fullwidth rt-2134110\">\n\t\n\t<div class=\"content_row_wrapper  default\"><div class=\"vc_col-sm-8 wpb_column vc_column_container rt-column-container\">\n\t<div class=\"vc_column-inner rt-column-inner\">\n\t\t<div class=\"wpb_wrapper rt-wrapper\">\n\t\t\t<div class=\"rt-heading-wrapper style-5 rt-2585622\">\n\t\t\t\t\t\t<h1 class=\"rt-heading style-5\" >Anwalt f\u00fcr Arzneimittelrecht<\/h1>\n\t\t\t\t\t<\/div>\n\t<div class=\"wpb_text_column wpb_content_element\" >\n\t\t<div class=\"wpb_wrapper\">\n\t\t\t<p>Das <strong>Arzneimittelrecht<\/strong> ist ein von zahlreichen Spezialvorschriften gepr\u00e4gtes Rechtsgebiet. Sowohl f\u00fcr die Werbung als auch f\u00fcr die Kennzeichnung bedarf es des Fachwissens und der langj\u00e4hrigen Erfahrung in dieser Materie. Aber auch Themen wie<\/p>\n<ul>\n<li>Zulassung<\/li>\n<li>Erstattungsf\u00e4higkeit<\/li>\n<li>Parallelimport oder<\/li>\n<li>Versandhandel<\/li>\n<\/ul>\n<p>spielen in unserer t\u00e4glichen Arbeit eine wichtige Rolle. Ein weiterer bedeutender Aspekt ist der <strong>Market Access<\/strong>, bei dem wir Unternehmen umfassend betreuen. Wir stehen Ihnen am Anfang beratend zur Seite, begleiten Sie bei der Antragstellung und gehen in Verhandlung mit den zust\u00e4ndigen Beh\u00f6rden, bis hin zur Sicherstellung der Markteintrittsf\u00e4higkeit Ihrer Produkte.<\/p>\n\n\t\t<\/div>\n\t<\/div>\n\n\t\t<\/div>\n\t<\/div>\n\t<\/div>\n\n\t<div class=\"vc_col-sm-4 wpb_column vc_column_container rt-column-container\">\n\t<div class=\"vc_column-inner rt-column-inner\">\n\t\t<div class=\"wpb_wrapper rt-wrapper\">\n\t\t\t\n\t\t<\/div>\n\t<\/div>\n\t<\/div>\n<\/div>\n<\/div>\n\n<div  class=\"content_row row vc_row wpb_row  default-style fullwidth\">\n\t\n\t<div class=\"content_row_wrapper  default\"><div class=\"vc_col-sm-8 wpb_column vc_column_container vc_custom_1726494096885 rt-7439913 rt-column-container\">\n\t<div class=\"vc_column-inner rt-column-inner\">\n\t\t<div class=\"wpb_wrapper rt-wrapper\">\n\t\t\t<div class=\"rt-heading-wrapper rt-6061741\">\n\t\t\t\t\t\t<h2 class=\"rt-heading\" >Arzneimittelgesetz<\/h2>\n\t\t\t\t\t<\/div>\n\t<div class=\"wpb_text_column wpb_content_element\" >\n\t\t<div class=\"wpb_wrapper\">\n\t\t\t<p><span data-sheets-root=\"1\">In \u00d6sterreich wurden die Regelungen des <strong>Humanarzneimittelkodex<\/strong> (oder auch Humanarzneimittelrichtlinie) im <strong>Arzneimittelgesetz<\/strong> (AMG) umgesetzt. Es regelt s\u00e4mtliche Bereiche der Zulassung, Herstelleranforderung oder Werbung. Die Trennung zwischen Fachwerbung und Laienwerbung, RX und OTC, sind Begriffe, die untrennbar mit dem Werberecht verbunden sind. Daneben sind wesentliche Bestimmungen in anderen Rechtsquellen, etwa der Arzneimittelbetriebsordnung, zu finden. Auch Verwaltungsstrafen und gerichtliche Straftatbest\u00e4nde sind im AMG geregelt.<\/span><\/p>\n\n\t\t<\/div>\n\t<\/div>\n\n\t\t<\/div>\n\t<\/div>\n\t<\/div>\n\n\t<div class=\"vc_col-sm-4 wpb_column vc_column_container vc_custom_1726492602065 rt-2105338 rt-column-container\">\n\t<div class=\"vc_column-inner rt-column-inner\">\n\t\t<div class=\"wpb_wrapper rt-wrapper\">\n\t\t\t\n\t\t<\/div>\n\t<\/div>\n\t<\/div>\n<\/div>\n<\/div>\n\n<div  class=\"content_row row vc_row wpb_row  default-style fullwidth\">\n\t\n\t<div class=\"content_row_wrapper  default\"><div class=\"vc_col-sm-8 wpb_column vc_column_container rt-column-container\">\n\t<div class=\"vc_column-inner rt-column-inner\">\n\t\t<div class=\"wpb_wrapper rt-wrapper\">\n\t\t\t<div class=\"rt-heading-wrapper rt-9643998\">\n\t\t\t\t\t\t<h2 class=\"rt-heading\" >Market Access Consulting<\/h2>\n\t\t\t\t\t<\/div>\n\t<div class=\"wpb_text_column wpb_content_element\" >\n\t\t<div class=\"wpb_wrapper\">\n\t\t\t<p><span data-sheets-root=\"1\">Die Aufnahme in den <strong>Erstattungskodex<\/strong> mit seinem gr\u00fcnen, gelben oder roten Bereich (green Box, yellow Boxy, red Box) ist f\u00fcr viele Unternehmen ein Schl\u00fcsselfaktor f\u00fcr den erfolgreichen Marktzugang. Hier betreuen wir Sie von der strategischen Planung \u00fcber die Antragsstellung und \u00c4nderung bis hin zur manchmal notwendigen Durchsetzung der Rechte im Gerichtsweg.<\/span><\/p>\n\n\t\t<\/div>\n\t<\/div>\n\n\t\t<\/div>\n\t<\/div>\n\t<\/div>\n\n\t<div class=\"vc_col-sm-4 wpb_column vc_column_container rt-column-container\">\n\t<div class=\"vc_column-inner rt-column-inner\">\n\t\t<div class=\"wpb_wrapper rt-wrapper\">\n\t\t\t\n\t\t<\/div>\n\t<\/div>\n\t<\/div>\n<\/div>\n<\/div>\n\n<div  class=\"content_row row vc_row wpb_row  default-style fullwidth\">\n\t\n\t<div class=\"content_row_wrapper  default\"><div class=\"center vc_col-sm-8 wpb_column vc_column_container vc_custom_1726750032094 rt-9704800 border-top border-bottom border-left border-right text-center rt-column-container\">\n\t<div class=\"vc_column-inner rt-column-inner\">\n\t\t<div class=\"wpb_wrapper rt-wrapper\">\n\t\t\t\n<div  class=\"content_row row vc_row wpb_row vc_inner  global-style fullwidth\">\n\t\n\t<div class=\"content_row_wrapper  default\"><div class=\"vc_col-sm-6 wpb_column vc_column_container rt-column-container\">\n\t<div class=\"vc_column-inner rt-column-inner\">\n\t\t<div class=\"wpb_wrapper rt-wrapper\">\n\t\t\t\n\t<div  class=\"wpb_single_image wpb_content_element vc_align_right wpb_content_element vc_custom_1726750338931\">\n\t\t\n\t\t<figure class=\"wpb_wrapper vc_figure\">\n\t\t\t<div class=\"vc_single_image-wrapper   vc_box_border_grey\"><img decoding=\"async\" width=\"150\" height=\"150\" src=\"https:\/\/www.lawpoint.at\/wp-content\/uploads\/2024\/09\/Jakob-thumbnail.jpg\" class=\"vc_single_image-img attachment-thumbnail\" alt=\"Mag. Jakob H\u00fctthaler-Brandauer\" title=\"Mag. Jakob H\u00fctthaler-Brandauer\" srcset=\"https:\/\/www.lawpoint.at\/wp-content\/uploads\/2024\/09\/Jakob-thumbnail.jpg 150w, https:\/\/www.lawpoint.at\/wp-content\/uploads\/2024\/09\/Jakob-thumbnail-12x12.jpg 12w, https:\/\/www.lawpoint.at\/wp-content\/uploads\/2024\/09\/Jakob-thumbnail-75x75.jpg 75w\" sizes=\"(max-width: 150px) 100vw, 150px\" \/><\/div><figcaption class=\"vc_figure-caption\">Mag. Jakob H\u00fctthaler-Brandauer<\/figcaption>\n\t\t<\/figure>\n\t<\/div>\n\n\t\t<\/div>\n\t<\/div>\n\t<\/div>\n\n\t<div class=\"vc_col-sm-6 wpb_column vc_column_container rt-column-container\">\n\t<div class=\"vc_column-inner rt-column-inner\">\n\t\t<div class=\"wpb_wrapper rt-wrapper\">\n\t\t\t\n\t<div  class=\"wpb_single_image wpb_content_element vc_align_left wpb_content_element vc_custom_1726750346285\">\n\t\t\n\t\t<figure class=\"wpb_wrapper vc_figure\">\n\t\t\t<div class=\"vc_single_image-wrapper   vc_box_border_grey\"><img decoding=\"async\" width=\"150\" height=\"150\" src=\"https:\/\/www.lawpoint.at\/wp-content\/uploads\/2024\/09\/Dani-thumbnail.jpg\" class=\"vc_single_image-img attachment-thumbnail\" alt=\"Mag. Dany Valerieva-Knoblich\" title=\"Dani-thumbnail\" srcset=\"https:\/\/www.lawpoint.at\/wp-content\/uploads\/2024\/09\/Dani-thumbnail.jpg 150w, https:\/\/www.lawpoint.at\/wp-content\/uploads\/2024\/09\/Dani-thumbnail-12x12.jpg 12w, https:\/\/www.lawpoint.at\/wp-content\/uploads\/2024\/09\/Dani-thumbnail-75x75.jpg 75w\" sizes=\"(max-width: 150px) 100vw, 150px\" \/><\/div><figcaption class=\"vc_figure-caption\">Mag. Dany Valerieva-Knoblich<\/figcaption>\n\t\t<\/figure>\n\t<\/div>\n\n\t\t<\/div>\n\t<\/div>\n\t<\/div>\n<\/div>\n<\/div>\n<div class=\"rt-heading-wrapper text-center rt-8917125\">\n\t\t\t\t\t\t<h2 class=\"rt-heading\" >Ihre Anw\u00e4lte f\u00fcr Arzneimittelrecht<\/h2>\n\t\t\t\t\t<\/div>\n\t<div class=\"wpb_text_column wpb_content_element\" >\n\t\t<div class=\"wpb_wrapper\">\n\t\t\t<p style=\"text-align: center;\"><span data-sheets-root=\"1\">Sie ben\u00f6tigen eine Rechtsberatung f\u00fcr Arzneimittelrecht in \u00d6sterreich? Wir sind gerne f\u00fcr Sie da.<\/span><\/p>\n\n\t\t<\/div>\n\t<\/div>\n<div class=\"button_wrapper  aligncenter rounded\"><a href=\"https:\/\/www.lawpoint.at\/kontakt\/\" target=\"_self\" title=\"Contact us\" class=\"button_  style-1 medium rt-4640968\"><span><span>Contact us<\/span><\/span><\/a><\/div>\n\t\t<\/div>\n\t<\/div>\n\t<\/div>\n\n\t<div class=\"vc_col-sm-4 wpb_column vc_column_container rt-column-container\">\n\t<div class=\"vc_column-inner rt-column-inner\">\n\t\t<div class=\"wpb_wrapper rt-wrapper\">\n\t\t\t\n\t\t<\/div>\n\t<\/div>\n\t<\/div>\n<\/div>\n<\/div>\n\n<div  class=\"content_row row vc_row wpb_row  default-style fullwidth\">\n\t\n\t<div class=\"content_row_wrapper  default\"><div class=\"vc_col-sm-8 wpb_column vc_column_container rt-column-container\">\n\t<div class=\"vc_column-inner rt-column-inner\">\n\t\t<div class=\"wpb_wrapper rt-wrapper\">\n\t\t\t\n\t\t<\/div>\n\t<\/div>\n\t<\/div>\n\n\t<div class=\"vc_col-sm-4 wpb_column vc_column_container rt-column-container\">\n\t<div class=\"vc_column-inner rt-column-inner\">\n\t\t<div class=\"wpb_wrapper rt-wrapper\">\n\t\t\t\n\t\t<\/div>\n\t<\/div>\n\t<\/div>\n<\/div>\n<\/div>","protected":false},"excerpt":{"rendered":"Anwalt f\u00fcr Arzneimittelrecht Das Arzneimittelrecht ist ein von zahlreichen Spezialvorschriften gepr\u00e4gtes Rechtsgebiet. Sowohl f\u00fcr die Werbung als auch f\u00fcr die Kennzeichnung bedarf es des Fachwissens und der langj\u00e4hrigen Erfahrung in dieser Materie. Aber auch Themen wie Zulassung Erstattungsf\u00e4higkeit Parallelimport oder Versandhandel spielen in unserer t\u00e4glichen Arbeit eine wichtige Rolle. Ein weiterer bedeutender Aspekt ist der [...]","protected":false},"author":2,"featured_media":0,"parent":1280,"menu_order":0,"comment_status":"closed","ping_status":"closed","template":"","meta":{"footnotes":""},"class_list":["post-1337","page","type-page","status-publish","hentry"],"yoast_head":"<!-- This site is optimized with the Yoast SEO plugin v27.2 - https:\/\/yoast.com\/product\/yoast-seo-wordpress\/ -->\n<title>Anwalt f\u00fcr Arzneimittelrecht - lawpoint<\/title>\n<meta name=\"description\" content=\"Egal ob Arzneimittelwerbung, Kennzeichnung, Zulassung oder Market Access. Wir beraten Sie als Fachanwalt zum Thema Arzneimittelrecht.\" \/>\n<meta name=\"robots\" content=\"index, follow, max-snippet:-1, max-image-preview:large, max-video-preview:-1\" \/>\n<link rel=\"canonical\" href=\"https:\/\/www.lawpoint.at\/en\/spezialgebiete\/life-sciences-healthcare\/arzneimittelrecht\/\" \/>\n<meta property=\"og:locale\" content=\"en_US\" \/>\n<meta property=\"og:type\" content=\"article\" \/>\n<meta property=\"og:title\" content=\"Anwalt f\u00fcr Arzneimittelrecht - lawpoint\" \/>\n<meta property=\"og:description\" content=\"Egal ob Arzneimittelwerbung, Kennzeichnung, Zulassung oder Market Access. Wir beraten Sie als Fachanwalt zum Thema Arzneimittelrecht.\" \/>\n<meta property=\"og:url\" content=\"https:\/\/www.lawpoint.at\/en\/spezialgebiete\/life-sciences-healthcare\/arzneimittelrecht\/\" \/>\n<meta property=\"og:site_name\" content=\"lawpoint\" \/>\n<meta property=\"article:modified_time\" content=\"2025-09-12T08:47:55+00:00\" \/>\n<meta name=\"twitter:card\" content=\"summary_large_image\" \/>\n<meta name=\"twitter:label1\" content=\"Est. reading time\" \/>\n\t<meta name=\"twitter:data1\" content=\"4 minutes\" \/>\n<script type=\"application\/ld+json\" class=\"yoast-schema-graph\">{\"@context\":\"https:\/\/schema.org\",\"@graph\":[{\"@type\":\"WebPage\",\"@id\":\"https:\/\/www.lawpoint.at\/spezialgebiete\/life-sciences-healthcare\/arzneimittelrecht\/\",\"url\":\"https:\/\/www.lawpoint.at\/spezialgebiete\/life-sciences-healthcare\/arzneimittelrecht\/\",\"name\":\"Anwalt f\u00fcr Arzneimittelrecht - lawpoint\",\"isPartOf\":{\"@id\":\"https:\/\/www.lawpoint.at\/#website\"},\"datePublished\":\"2024-09-19T12:49:29+00:00\",\"dateModified\":\"2025-09-12T08:47:55+00:00\",\"description\":\"Egal ob Arzneimittelwerbung, Kennzeichnung, Zulassung oder Market Access. Wir beraten Sie als Fachanwalt zum Thema Arzneimittelrecht.\",\"breadcrumb\":{\"@id\":\"https:\/\/www.lawpoint.at\/spezialgebiete\/life-sciences-healthcare\/arzneimittelrecht\/#breadcrumb\"},\"inLanguage\":\"en-US\",\"potentialAction\":[{\"@type\":\"ReadAction\",\"target\":[\"https:\/\/www.lawpoint.at\/spezialgebiete\/life-sciences-healthcare\/arzneimittelrecht\/\"]}]},{\"@type\":\"BreadcrumbList\",\"@id\":\"https:\/\/www.lawpoint.at\/spezialgebiete\/life-sciences-healthcare\/arzneimittelrecht\/#breadcrumb\",\"itemListElement\":[{\"@type\":\"ListItem\",\"position\":1,\"name\":\"Startseite\",\"item\":\"https:\/\/www.lawpoint.at\/\"},{\"@type\":\"ListItem\",\"position\":2,\"name\":\"Spezialgebiete\",\"item\":\"https:\/\/www.lawpoint.at\/spezialgebiete\/\"},{\"@type\":\"ListItem\",\"position\":3,\"name\":\"Life Science &#038; Healthcare\",\"item\":\"https:\/\/www.lawpoint.at\/spezialgebiete\/life-sciences-healthcare\/\"},{\"@type\":\"ListItem\",\"position\":4,\"name\":\"Arzneimittelrecht\"}]},{\"@type\":\"WebSite\",\"@id\":\"https:\/\/www.lawpoint.at\/#website\",\"url\":\"https:\/\/www.lawpoint.at\/\",\"name\":\"lawpoint\",\"description\":\"We get to the point.\",\"publisher\":{\"@id\":\"https:\/\/www.lawpoint.at\/#organization\"},\"potentialAction\":[{\"@type\":\"SearchAction\",\"target\":{\"@type\":\"EntryPoint\",\"urlTemplate\":\"https:\/\/www.lawpoint.at\/?s={search_term_string}\"},\"query-input\":{\"@type\":\"PropertyValueSpecification\",\"valueRequired\":true,\"valueName\":\"search_term_string\"}}],\"inLanguage\":\"en-US\"},{\"@type\":\"Organization\",\"@id\":\"https:\/\/www.lawpoint.at\/#organization\",\"name\":\"lawpoint\",\"url\":\"https:\/\/www.lawpoint.at\/\",\"logo\":{\"@type\":\"ImageObject\",\"inLanguage\":\"en-US\",\"@id\":\"https:\/\/www.lawpoint.at\/#\/schema\/logo\/image\/\",\"url\":\"https:\/\/www.lawpoint.at\/wp-content\/uploads\/2021\/05\/logo_lawpoint_cmyk_zusatz_rechts_mehr-Arbeitsflaeche.png\",\"contentUrl\":\"https:\/\/www.lawpoint.at\/wp-content\/uploads\/2021\/05\/logo_lawpoint_cmyk_zusatz_rechts_mehr-Arbeitsflaeche.png\",\"width\":888,\"height\":448,\"caption\":\"lawpoint\"},\"image\":{\"@id\":\"https:\/\/www.lawpoint.at\/#\/schema\/logo\/image\/\"}}]}<\/script>\n<!-- \/ Yoast SEO plugin. -->","yoast_head_json":{"title":"Anwalt f\u00fcr Arzneimittelrecht - lawpoint","description":"Egal ob Arzneimittelwerbung, Kennzeichnung, Zulassung oder Market Access. Wir beraten Sie als Fachanwalt zum Thema Arzneimittelrecht.","robots":{"index":"index","follow":"follow","max-snippet":"max-snippet:-1","max-image-preview":"max-image-preview:large","max-video-preview":"max-video-preview:-1"},"canonical":"https:\/\/www.lawpoint.at\/en\/spezialgebiete\/life-sciences-healthcare\/arzneimittelrecht\/","og_locale":"en_US","og_type":"article","og_title":"Anwalt f\u00fcr Arzneimittelrecht - lawpoint","og_description":"Egal ob Arzneimittelwerbung, Kennzeichnung, Zulassung oder Market Access. Wir beraten Sie als Fachanwalt zum Thema Arzneimittelrecht.","og_url":"https:\/\/www.lawpoint.at\/en\/spezialgebiete\/life-sciences-healthcare\/arzneimittelrecht\/","og_site_name":"lawpoint","article_modified_time":"2025-09-12T08:47:55+00:00","twitter_card":"summary_large_image","twitter_misc":{"Est. reading time":"4 minutes"},"schema":{"@context":"https:\/\/schema.org","@graph":[{"@type":"WebPage","@id":"https:\/\/www.lawpoint.at\/spezialgebiete\/life-sciences-healthcare\/arzneimittelrecht\/","url":"https:\/\/www.lawpoint.at\/spezialgebiete\/life-sciences-healthcare\/arzneimittelrecht\/","name":"Anwalt f\u00fcr Arzneimittelrecht - lawpoint","isPartOf":{"@id":"https:\/\/www.lawpoint.at\/#website"},"datePublished":"2024-09-19T12:49:29+00:00","dateModified":"2025-09-12T08:47:55+00:00","description":"Egal ob Arzneimittelwerbung, Kennzeichnung, Zulassung oder Market Access. Wir beraten Sie als Fachanwalt zum Thema Arzneimittelrecht.","breadcrumb":{"@id":"https:\/\/www.lawpoint.at\/spezialgebiete\/life-sciences-healthcare\/arzneimittelrecht\/#breadcrumb"},"inLanguage":"en-US","potentialAction":[{"@type":"ReadAction","target":["https:\/\/www.lawpoint.at\/spezialgebiete\/life-sciences-healthcare\/arzneimittelrecht\/"]}]},{"@type":"BreadcrumbList","@id":"https:\/\/www.lawpoint.at\/spezialgebiete\/life-sciences-healthcare\/arzneimittelrecht\/#breadcrumb","itemListElement":[{"@type":"ListItem","position":1,"name":"Startseite","item":"https:\/\/www.lawpoint.at\/"},{"@type":"ListItem","position":2,"name":"Spezialgebiete","item":"https:\/\/www.lawpoint.at\/spezialgebiete\/"},{"@type":"ListItem","position":3,"name":"Life Science &#038; Healthcare","item":"https:\/\/www.lawpoint.at\/spezialgebiete\/life-sciences-healthcare\/"},{"@type":"ListItem","position":4,"name":"Arzneimittelrecht"}]},{"@type":"WebSite","@id":"https:\/\/www.lawpoint.at\/#website","url":"https:\/\/www.lawpoint.at\/","name":"lawpoint","description":"We get to the point.","publisher":{"@id":"https:\/\/www.lawpoint.at\/#organization"},"potentialAction":[{"@type":"SearchAction","target":{"@type":"EntryPoint","urlTemplate":"https:\/\/www.lawpoint.at\/?s={search_term_string}"},"query-input":{"@type":"PropertyValueSpecification","valueRequired":true,"valueName":"search_term_string"}}],"inLanguage":"en-US"},{"@type":"Organization","@id":"https:\/\/www.lawpoint.at\/#organization","name":"lawpoint","url":"https:\/\/www.lawpoint.at\/","logo":{"@type":"ImageObject","inLanguage":"en-US","@id":"https:\/\/www.lawpoint.at\/#\/schema\/logo\/image\/","url":"https:\/\/www.lawpoint.at\/wp-content\/uploads\/2021\/05\/logo_lawpoint_cmyk_zusatz_rechts_mehr-Arbeitsflaeche.png","contentUrl":"https:\/\/www.lawpoint.at\/wp-content\/uploads\/2021\/05\/logo_lawpoint_cmyk_zusatz_rechts_mehr-Arbeitsflaeche.png","width":888,"height":448,"caption":"lawpoint"},"image":{"@id":"https:\/\/www.lawpoint.at\/#\/schema\/logo\/image\/"}}]}},"_links":{"self":[{"href":"https:\/\/www.lawpoint.at\/en\/wp-json\/wp\/v2\/pages\/1337","targetHints":{"allow":["GET"]}}],"collection":[{"href":"https:\/\/www.lawpoint.at\/en\/wp-json\/wp\/v2\/pages"}],"about":[{"href":"https:\/\/www.lawpoint.at\/en\/wp-json\/wp\/v2\/types\/page"}],"author":[{"embeddable":true,"href":"https:\/\/www.lawpoint.at\/en\/wp-json\/wp\/v2\/users\/2"}],"replies":[{"embeddable":true,"href":"https:\/\/www.lawpoint.at\/en\/wp-json\/wp\/v2\/comments?post=1337"}],"version-history":[{"count":112,"href":"https:\/\/www.lawpoint.at\/en\/wp-json\/wp\/v2\/pages\/1337\/revisions"}],"predecessor-version":[{"id":1746,"href":"https:\/\/www.lawpoint.at\/en\/wp-json\/wp\/v2\/pages\/1337\/revisions\/1746"}],"up":[{"embeddable":true,"href":"https:\/\/www.lawpoint.at\/en\/wp-json\/wp\/v2\/pages\/1280"}],"wp:attachment":[{"href":"https:\/\/www.lawpoint.at\/en\/wp-json\/wp\/v2\/media?parent=1337"}],"curies":[{"name":"wp","href":"https:\/\/api.w.org\/{rel}","templated":true}]}}