{"id":1439,"date":"2024-09-19T15:37:38","date_gmt":"2024-09-19T13:37:38","guid":{"rendered":"https:\/\/www.lawpoint.at\/?page_id=1439"},"modified":"2025-08-27T09:48:09","modified_gmt":"2025-08-27T07:48:09","slug":"lebensmittelrecht-2","status":"publish","type":"page","link":"https:\/\/www.lawpoint.at\/en\/spezialgebiete\/life-sciences-healthcare\/lebensmittelrecht-2\/","title":{"rendered":"Lebensmittelrecht"},"content":{"rendered":"<div class=\"content_row row vc_row wpb_row  default-style fullwidth\">\n\t\n\t<div class=\"content_row_wrapper  default\">\n\t<div class=\"vc_col-sm-12 wpb_column vc_column_container rt-column-container\">\n\t<div class=\"vc_column-inner rt-column-inner\">\n\t\t<div class=\"wpb_wrapper rt-wrapper\">\n\t\t\t\n\t<div  class=\"wpb_single_image wpb_content_element vc_align_center wpb_content_element\">\n\t\t\n\t\t<figure class=\"wpb_wrapper vc_figure\">\n\t\t\t<div class=\"vc_single_image-wrapper   vc_box_border_grey\"><img fetchpriority=\"high\" decoding=\"async\" width=\"1500\" height=\"600\" src=\"https:\/\/www.lawpoint.at\/wp-content\/uploads\/2024\/09\/lebensmittelrecht-1.jpg\" class=\"vc_single_image-img attachment-full\" alt=\"\" title=\"lebensmittelrecht-titelbild\" srcset=\"https:\/\/www.lawpoint.at\/wp-content\/uploads\/2024\/09\/lebensmittelrecht-1.jpg 1500w, https:\/\/www.lawpoint.at\/wp-content\/uploads\/2024\/09\/lebensmittelrecht-1-300x120.jpg 300w, https:\/\/www.lawpoint.at\/wp-content\/uploads\/2024\/09\/lebensmittelrecht-1-1024x410.jpg 1024w, https:\/\/www.lawpoint.at\/wp-content\/uploads\/2024\/09\/lebensmittelrecht-1-768x307.jpg 768w, https:\/\/www.lawpoint.at\/wp-content\/uploads\/2024\/09\/lebensmittelrecht-1-18x7.jpg 18w, https:\/\/www.lawpoint.at\/wp-content\/uploads\/2024\/09\/lebensmittelrecht-1-750x300.jpg 750w\" sizes=\"(max-width: 1500px) 100vw, 1500px\" \/><\/div>\n\t\t<\/figure>\n\t<\/div>\n\n\t\t<\/div>\n\t<\/div>\n\t<\/div>\n\n<\/div>\n<\/div>\n\n<div  class=\"content_row row vc_row wpb_row  default-style fullwidth rt-2134110\">\n\t\n\t<div class=\"content_row_wrapper  default\"><div class=\"vc_col-sm-8 wpb_column vc_column_container rt-column-container\">\n\t<div class=\"vc_column-inner rt-column-inner\">\n\t\t<div class=\"wpb_wrapper rt-wrapper\">\n\t\t\t<div class=\"rt-heading-wrapper style-5 rt-8891790\">\n\t\t\t\t\t\t<h1 class=\"rt-heading style-5\" >Anwalt f\u00fcr Lebensmittelrecht<\/h1>\n\t\t\t\t\t<\/div>\n\t<div class=\"wpb_text_column wpb_content_element\" >\n\t\t<div class=\"wpb_wrapper\">\n\t\t\t<p><span data-sheets-root=\"1\">Das Lebensmittelrecht ist eine an Umfang kaum zu \u00fcberbietende Rechtsmaterie. Die<strong> EU Gesetzgebung<\/strong> bewirkt eine sich st\u00e4ndig wandelnde Anforderung (Stichwort: Lebensmittelinformation) und die nationalen Rechtsvorschriften in \u00d6sterreich wie Verordnungen oder das Lebensmittelbuch bringen eine F\u00fclle an zu beachtenden Bestimmungen. Wir z\u00e4hlen das zum klassischen Lebensmittelrecht. Zunehmende nationale aber auch europ\u00e4ische Judikatur gilt es zu beachten. Au\u00dferdem orientieren sich \u00f6sterreichische Gerichte und Beh\u00f6rden regelm\u00e4\u00dfig an Deutschland, weshalb wir in st\u00e4ndigem Austausch mit deutschen Spezialisten sehen. <\/span><\/p>\n\n\t\t<\/div>\n\t<\/div>\n\n\t\t<\/div>\n\t<\/div>\n\t<\/div>\n\n\t<div class=\"vc_col-sm-4 wpb_column vc_column_container rt-column-container\">\n\t<div class=\"vc_column-inner rt-column-inner\">\n\t\t<div class=\"wpb_wrapper rt-wrapper\">\n\t\t\t\n\t\t<\/div>\n\t<\/div>\n\t<\/div>\n<\/div>\n<\/div>\n\n<div  class=\"content_row row vc_row wpb_row  default-style fullwidth\">\n\t\n\t<div class=\"content_row_wrapper  default\"><div class=\"vc_col-sm-8 wpb_column vc_column_container vc_custom_1726494096885 rt-7439913 rt-column-container\">\n\t<div class=\"vc_column-inner rt-column-inner\">\n\t\t<div class=\"wpb_wrapper rt-wrapper\">\n\t\t\t<div class=\"rt-heading-wrapper rt-5839423\">\n\t\t\t\t\t\t<h2 class=\"rt-heading\" >Lebensmittelkennzeichnung \u00d6sterreich<\/h2>\n\t\t\t\t\t<\/div>\n\t<div class=\"wpb_text_column wpb_content_element\" >\n\t\t<div class=\"wpb_wrapper\">\n\t\t\t<p><span data-sheets-root=\"1\">Die F\u00fclle an <strong>Vorschriften f\u00fcr die Lebensmittelkennzeichnung<\/strong> macht es unm\u00f6glich, ohne professionelle Unterst\u00fctzung Lebensmittel richtig zu kennzeichnen. Dabei ist die korrekte Lebensmittelinformation am Etikett sehr wichtig, riskiert man sonst Verwaltungsstrafen und beh\u00f6rdliche Aufforderungen zur \u00c4nderung. <\/span><\/p>\n<p><span data-sheets-root=\"1\">Ob <strong>LMIV<\/strong>, <strong>Zusatzstoffverordnung<\/strong>, oder <strong>Anreicherungsverordnung<\/strong>, wir f\u00fchren Sie durch das Dickicht der kennzeichnungsrechtlichen Vorschriften und k\u00f6nnen Sie auch in der unterschiedlichen Beh\u00f6rdenpraxis anderer L\u00e4nder beraten.<\/span><\/p>\n\n\t\t<\/div>\n\t<\/div>\n<div class=\"rt-heading-wrapper rt-2876994\">\n\t\t\t\t\t\t<h2 class=\"rt-heading\" >Codex Alimentarius Austriacus<\/h2>\n\t\t\t\t\t<\/div>\n\t<div class=\"wpb_text_column wpb_content_element\" >\n\t\t<div class=\"wpb_wrapper\">\n\t\t\t<p><span data-sheets-root=\"1\"> Der <strong>Codex Alimentarius Austriacus<\/strong>, das \u00d6sterreichische Lebensmittelbuch oder Lebensmittelkodex, ist ein vom Bundesministerium f\u00fcr Soziales, Gesundheit, Pflege und Konsumentenschutz herausgegebene, umfangreiches Dokument zur Hilfestellung im Lebensmittelrecht. Das <strong>\u00d6sterreichische Lebensmittelbuch<\/strong> (Codex Alimentarius Austriacus) dient zur Verlautbarung von Sachbezeichnungen, Begriffsbestimmungen, Untersuchungsmethoden und Beurteilungsgrunds\u00e4tzen sowie von Richtlinien f\u00fcr das Inverkehrbringen von Waren (\u00a7 76 Lebensmittelsicherheits- und Verbraucherschutzgesetz &#8211; LMSVG).<\/span><\/p>\n<p>Das \u00d6sterreichische Lebensmittelbuch (\u00d6LMB) ist aus rechtlicher Sicht als &#8222;objektiviertes Sachverst\u00e4ndigengutachten&#8220; einzustufen. Es ist keine Rechtsvorschrift im engeren Sinn.<\/p>\n\n\t\t<\/div>\n\t<\/div>\n\n\t\t<\/div>\n\t<\/div>\n\t<\/div>\n\n\t<div class=\"vc_col-sm-4 wpb_column vc_column_container vc_custom_1726492602065 rt-2105338 rt-column-container\">\n\t<div class=\"vc_column-inner rt-column-inner\">\n\t\t<div class=\"wpb_wrapper rt-wrapper\">\n\t\t\t\n\t\t<\/div>\n\t<\/div>\n\t<\/div>\n<\/div>\n<\/div>\n\n<div  class=\"content_row row vc_row wpb_row  default-style fullwidth\">\n\t\n\t<div class=\"content_row_wrapper  default\"><div class=\"vc_col-sm-8 wpb_column vc_column_container rt-column-container\">\n\t<div class=\"vc_column-inner rt-column-inner\">\n\t\t<div class=\"wpb_wrapper rt-wrapper\">\n\t\t\t<div class=\"rt-heading-wrapper rt-9643998\">\n\t\t\t\t\t\t<h2 class=\"rt-heading\" >Market Access Consulting<\/h2>\n\t\t\t\t\t<\/div>\n\t<div class=\"wpb_text_column wpb_content_element\" >\n\t\t<div class=\"wpb_wrapper\">\n\t\t\t<p><span data-sheets-root=\"1\">Speziell durch die Restriktion bei der Werbung f\u00fcr Nahrungserg\u00e4nzungsmittel wurden viele Produkte in sog <strong>Lebensmittel f\u00fcr besondere medizinische Zwecke (FSMP)<\/strong> \u201egeswitcht\u201c. Auch dieser Bereich ist nicht zuletzt durch die VO EU 609\/2013 und die delegierte VO (EU) 128\/2016 einem Wandel unterzogen, der die Branche intensiv besch\u00e4ftigt und in j\u00fcngster Zeit durch den EuGH gekl\u00e4rt worden ist. Dadurch ist vielen FSMP die Rechtsgrundlage entzogen worden. <\/span><\/p>\n<p><span data-sheets-root=\"1\">Dennoch haben wir in der Kanzlei in den letzten Jahren <strong>FSMP<\/strong> erfolgreich und nachhaltig f\u00fcr unsere Mandanten am Markt platzieren k\u00f6nnen.<\/span><\/p>\n\n\t\t<\/div>\n\t<\/div>\n\n\t\t<\/div>\n\t<\/div>\n\t<\/div>\n\n\t<div class=\"vc_col-sm-4 wpb_column vc_column_container rt-column-container\">\n\t<div class=\"vc_column-inner rt-column-inner\">\n\t\t<div class=\"wpb_wrapper rt-wrapper\">\n\t\t\t\n\t\t<\/div>\n\t<\/div>\n\t<\/div>\n<\/div>\n<\/div>\n\n<div  class=\"content_row row vc_row wpb_row  default-style fullwidth\">\n\t\n\t<div class=\"content_row_wrapper  default\"><div class=\"vc_col-sm-8 wpb_column vc_column_container vc_custom_1726495318205 rt-9779006 border-top border-bottom border-left border-right rt-column-container\">\n\t<div class=\"vc_column-inner rt-column-inner\">\n\t\t<div class=\"wpb_wrapper rt-wrapper\">\n\t\t\t\n\t<div  class=\"wpb_single_image wpb_content_element vc_align_center wpb_content_element vc_custom_1726750532645\">\n\t\t\n\t\t<figure class=\"wpb_wrapper vc_figure\">\n\t\t\t<div class=\"vc_single_image-wrapper   vc_box_border_grey\"><img decoding=\"async\" width=\"150\" height=\"150\" src=\"https:\/\/www.lawpoint.at\/wp-content\/uploads\/2024\/09\/Jakob-thumbnail.jpg\" class=\"vc_single_image-img attachment-thumbnail\" alt=\"Mag. Jakob H\u00fctthaler-Brandauer\" title=\"Mag. Jakob H\u00fctthaler-Brandauer\" srcset=\"https:\/\/www.lawpoint.at\/wp-content\/uploads\/2024\/09\/Jakob-thumbnail.jpg 150w, https:\/\/www.lawpoint.at\/wp-content\/uploads\/2024\/09\/Jakob-thumbnail-12x12.jpg 12w, https:\/\/www.lawpoint.at\/wp-content\/uploads\/2024\/09\/Jakob-thumbnail-75x75.jpg 75w\" sizes=\"(max-width: 150px) 100vw, 150px\" \/><\/div><figcaption class=\"vc_figure-caption\">Mag. Jakob H\u00fctthaler-Brandauer<\/figcaption>\n\t\t<\/figure>\n\t<\/div>\n<div class=\"rt-heading-wrapper text-center rt-3177496\">\n\t\t\t\t\t\t<h2 class=\"rt-heading\" >Ihr Anwalt f\u00fcr Lebensmittelrecht<\/h2>\n\t\t\t\t\t<\/div>\n\t<div class=\"wpb_text_column wpb_content_element\" >\n\t\t<div class=\"wpb_wrapper\">\n\t\t\t<p style=\"text-align: center;\"><span data-sheets-root=\"1\">Sie sind auf der Suche nach einem Anwalt f\u00fcr Lebensmittelrecht? Wir sind gerne f\u00fcr Sie da.<\/span><\/p>\n\n\t\t<\/div>\n\t<\/div>\n<div class=\"button_wrapper  aligncenter rounded\"><a href=\"https:\/\/www.lawpoint.at\/kontakt\/\" target=\"_self\" title=\"Contact us\" class=\"button_  style-1 medium rt-8301725\"><span><span>Contact us<\/span><\/span><\/a><\/div>\n\t\t<\/div>\n\t<\/div>\n\t<\/div>\n\n\t<div class=\"vc_col-sm-4 wpb_column vc_column_container rt-column-container\">\n\t<div class=\"vc_column-inner rt-column-inner\">\n\t\t<div class=\"wpb_wrapper rt-wrapper\">\n\t\t\t\n\t\t<\/div>\n\t<\/div>\n\t<\/div>\n<\/div>\n<\/div>","protected":false},"excerpt":{"rendered":"Anwalt f\u00fcr Lebensmittelrecht Das Lebensmittelrecht ist eine an Umfang kaum zu \u00fcberbietende Rechtsmaterie. Die EU Gesetzgebung bewirkt eine sich st\u00e4ndig wandelnde Anforderung (Stichwort: Lebensmittelinformation) und die nationalen Rechtsvorschriften in \u00d6sterreich wie Verordnungen oder das Lebensmittelbuch bringen eine F\u00fclle an zu beachtenden Bestimmungen. Wir z\u00e4hlen das zum klassischen Lebensmittelrecht. Zunehmende nationale aber auch europ\u00e4ische Judikatur gilt [...]","protected":false},"author":2,"featured_media":0,"parent":1280,"menu_order":0,"comment_status":"closed","ping_status":"closed","template":"","meta":{"footnotes":""},"class_list":["post-1439","page","type-page","status-publish","hentry"],"yoast_head":"<!-- This site is optimized with the Yoast SEO plugin v27.4 - https:\/\/yoast.com\/product\/yoast-seo-wordpress\/ -->\n<title>Anwalt f\u00fcr Lebensmittelrecht - lawpoint<\/title>\n<meta name=\"description\" content=\"Als Fachanwalt f\u00fcr Lebensmittelrecht beraten wir Sie bei allen Rechtsfragen zum Thema Kennzeichnung, Werbung, FSMP und mehr.\" \/>\n<meta name=\"robots\" content=\"index, follow, max-snippet:-1, max-image-preview:large, max-video-preview:-1\" \/>\n<link rel=\"canonical\" href=\"https:\/\/www.lawpoint.at\/en\/spezialgebiete\/life-sciences-healthcare\/lebensmittelrecht-2\/\" \/>\n<meta property=\"og:locale\" content=\"en_US\" \/>\n<meta property=\"og:type\" content=\"article\" \/>\n<meta property=\"og:title\" content=\"Anwalt f\u00fcr Lebensmittelrecht - lawpoint\" \/>\n<meta property=\"og:description\" content=\"Als Fachanwalt f\u00fcr Lebensmittelrecht beraten wir Sie bei allen Rechtsfragen zum Thema Kennzeichnung, Werbung, FSMP und mehr.\" \/>\n<meta property=\"og:url\" content=\"https:\/\/www.lawpoint.at\/en\/spezialgebiete\/life-sciences-healthcare\/lebensmittelrecht-2\/\" \/>\n<meta property=\"og:site_name\" content=\"lawpoint\" \/>\n<meta property=\"article:modified_time\" content=\"2025-08-27T07:48:09+00:00\" \/>\n<meta name=\"twitter:card\" content=\"summary_large_image\" \/>\n<meta name=\"twitter:label1\" content=\"Est. reading time\" \/>\n\t<meta name=\"twitter:data1\" content=\"4 minutes\" \/>\n<script type=\"application\/ld+json\" class=\"yoast-schema-graph\">{\"@context\":\"https:\\\/\\\/schema.org\",\"@graph\":[{\"@type\":\"WebPage\",\"@id\":\"https:\\\/\\\/www.lawpoint.at\\\/spezialgebiete\\\/life-sciences-healthcare\\\/lebensmittelrecht-2\\\/\",\"url\":\"https:\\\/\\\/www.lawpoint.at\\\/spezialgebiete\\\/life-sciences-healthcare\\\/lebensmittelrecht-2\\\/\",\"name\":\"Anwalt f\u00fcr Lebensmittelrecht - lawpoint\",\"isPartOf\":{\"@id\":\"https:\\\/\\\/www.lawpoint.at\\\/#website\"},\"datePublished\":\"2024-09-19T13:37:38+00:00\",\"dateModified\":\"2025-08-27T07:48:09+00:00\",\"description\":\"Als Fachanwalt f\u00fcr Lebensmittelrecht beraten wir Sie bei allen Rechtsfragen zum Thema Kennzeichnung, Werbung, FSMP und mehr.\",\"breadcrumb\":{\"@id\":\"https:\\\/\\\/www.lawpoint.at\\\/spezialgebiete\\\/life-sciences-healthcare\\\/lebensmittelrecht-2\\\/#breadcrumb\"},\"inLanguage\":\"en-US\",\"potentialAction\":[{\"@type\":\"ReadAction\",\"target\":[\"https:\\\/\\\/www.lawpoint.at\\\/spezialgebiete\\\/life-sciences-healthcare\\\/lebensmittelrecht-2\\\/\"]}]},{\"@type\":\"BreadcrumbList\",\"@id\":\"https:\\\/\\\/www.lawpoint.at\\\/spezialgebiete\\\/life-sciences-healthcare\\\/lebensmittelrecht-2\\\/#breadcrumb\",\"itemListElement\":[{\"@type\":\"ListItem\",\"position\":1,\"name\":\"Startseite\",\"item\":\"https:\\\/\\\/www.lawpoint.at\\\/\"},{\"@type\":\"ListItem\",\"position\":2,\"name\":\"Spezialgebiete\",\"item\":\"https:\\\/\\\/www.lawpoint.at\\\/spezialgebiete\\\/\"},{\"@type\":\"ListItem\",\"position\":3,\"name\":\"Life Science &#038; Healthcare\",\"item\":\"https:\\\/\\\/www.lawpoint.at\\\/spezialgebiete\\\/life-sciences-healthcare\\\/\"},{\"@type\":\"ListItem\",\"position\":4,\"name\":\"Lebensmittelrecht\"}]},{\"@type\":\"WebSite\",\"@id\":\"https:\\\/\\\/www.lawpoint.at\\\/#website\",\"url\":\"https:\\\/\\\/www.lawpoint.at\\\/\",\"name\":\"lawpoint\",\"description\":\"We get to the point.\",\"publisher\":{\"@id\":\"https:\\\/\\\/www.lawpoint.at\\\/#organization\"},\"potentialAction\":[{\"@type\":\"SearchAction\",\"target\":{\"@type\":\"EntryPoint\",\"urlTemplate\":\"https:\\\/\\\/www.lawpoint.at\\\/?s={search_term_string}\"},\"query-input\":{\"@type\":\"PropertyValueSpecification\",\"valueRequired\":true,\"valueName\":\"search_term_string\"}}],\"inLanguage\":\"en-US\"},{\"@type\":\"Organization\",\"@id\":\"https:\\\/\\\/www.lawpoint.at\\\/#organization\",\"name\":\"lawpoint\",\"url\":\"https:\\\/\\\/www.lawpoint.at\\\/\",\"logo\":{\"@type\":\"ImageObject\",\"inLanguage\":\"en-US\",\"@id\":\"https:\\\/\\\/www.lawpoint.at\\\/#\\\/schema\\\/logo\\\/image\\\/\",\"url\":\"https:\\\/\\\/www.lawpoint.at\\\/wp-content\\\/uploads\\\/2021\\\/05\\\/logo_lawpoint_cmyk_zusatz_rechts_mehr-Arbeitsflaeche.png\",\"contentUrl\":\"https:\\\/\\\/www.lawpoint.at\\\/wp-content\\\/uploads\\\/2021\\\/05\\\/logo_lawpoint_cmyk_zusatz_rechts_mehr-Arbeitsflaeche.png\",\"width\":888,\"height\":448,\"caption\":\"lawpoint\"},\"image\":{\"@id\":\"https:\\\/\\\/www.lawpoint.at\\\/#\\\/schema\\\/logo\\\/image\\\/\"}}]}<\/script>\n<!-- \/ Yoast SEO plugin. -->","yoast_head_json":{"title":"Anwalt f\u00fcr Lebensmittelrecht - lawpoint","description":"Als Fachanwalt f\u00fcr Lebensmittelrecht beraten wir Sie bei allen Rechtsfragen zum Thema Kennzeichnung, Werbung, FSMP und mehr.","robots":{"index":"index","follow":"follow","max-snippet":"max-snippet:-1","max-image-preview":"max-image-preview:large","max-video-preview":"max-video-preview:-1"},"canonical":"https:\/\/www.lawpoint.at\/en\/spezialgebiete\/life-sciences-healthcare\/lebensmittelrecht-2\/","og_locale":"en_US","og_type":"article","og_title":"Anwalt f\u00fcr Lebensmittelrecht - lawpoint","og_description":"Als Fachanwalt f\u00fcr Lebensmittelrecht beraten wir Sie bei allen Rechtsfragen zum Thema Kennzeichnung, Werbung, FSMP und mehr.","og_url":"https:\/\/www.lawpoint.at\/en\/spezialgebiete\/life-sciences-healthcare\/lebensmittelrecht-2\/","og_site_name":"lawpoint","article_modified_time":"2025-08-27T07:48:09+00:00","twitter_card":"summary_large_image","twitter_misc":{"Est. reading time":"4 minutes"},"schema":{"@context":"https:\/\/schema.org","@graph":[{"@type":"WebPage","@id":"https:\/\/www.lawpoint.at\/spezialgebiete\/life-sciences-healthcare\/lebensmittelrecht-2\/","url":"https:\/\/www.lawpoint.at\/spezialgebiete\/life-sciences-healthcare\/lebensmittelrecht-2\/","name":"Anwalt f\u00fcr Lebensmittelrecht - lawpoint","isPartOf":{"@id":"https:\/\/www.lawpoint.at\/#website"},"datePublished":"2024-09-19T13:37:38+00:00","dateModified":"2025-08-27T07:48:09+00:00","description":"Als Fachanwalt f\u00fcr Lebensmittelrecht beraten wir Sie bei allen Rechtsfragen zum Thema Kennzeichnung, Werbung, FSMP und mehr.","breadcrumb":{"@id":"https:\/\/www.lawpoint.at\/spezialgebiete\/life-sciences-healthcare\/lebensmittelrecht-2\/#breadcrumb"},"inLanguage":"en-US","potentialAction":[{"@type":"ReadAction","target":["https:\/\/www.lawpoint.at\/spezialgebiete\/life-sciences-healthcare\/lebensmittelrecht-2\/"]}]},{"@type":"BreadcrumbList","@id":"https:\/\/www.lawpoint.at\/spezialgebiete\/life-sciences-healthcare\/lebensmittelrecht-2\/#breadcrumb","itemListElement":[{"@type":"ListItem","position":1,"name":"Startseite","item":"https:\/\/www.lawpoint.at\/"},{"@type":"ListItem","position":2,"name":"Spezialgebiete","item":"https:\/\/www.lawpoint.at\/spezialgebiete\/"},{"@type":"ListItem","position":3,"name":"Life Science &#038; Healthcare","item":"https:\/\/www.lawpoint.at\/spezialgebiete\/life-sciences-healthcare\/"},{"@type":"ListItem","position":4,"name":"Lebensmittelrecht"}]},{"@type":"WebSite","@id":"https:\/\/www.lawpoint.at\/#website","url":"https:\/\/www.lawpoint.at\/","name":"lawpoint","description":"We get to the point.","publisher":{"@id":"https:\/\/www.lawpoint.at\/#organization"},"potentialAction":[{"@type":"SearchAction","target":{"@type":"EntryPoint","urlTemplate":"https:\/\/www.lawpoint.at\/?s={search_term_string}"},"query-input":{"@type":"PropertyValueSpecification","valueRequired":true,"valueName":"search_term_string"}}],"inLanguage":"en-US"},{"@type":"Organization","@id":"https:\/\/www.lawpoint.at\/#organization","name":"lawpoint","url":"https:\/\/www.lawpoint.at\/","logo":{"@type":"ImageObject","inLanguage":"en-US","@id":"https:\/\/www.lawpoint.at\/#\/schema\/logo\/image\/","url":"https:\/\/www.lawpoint.at\/wp-content\/uploads\/2021\/05\/logo_lawpoint_cmyk_zusatz_rechts_mehr-Arbeitsflaeche.png","contentUrl":"https:\/\/www.lawpoint.at\/wp-content\/uploads\/2021\/05\/logo_lawpoint_cmyk_zusatz_rechts_mehr-Arbeitsflaeche.png","width":888,"height":448,"caption":"lawpoint"},"image":{"@id":"https:\/\/www.lawpoint.at\/#\/schema\/logo\/image\/"}}]}},"_links":{"self":[{"href":"https:\/\/www.lawpoint.at\/en\/wp-json\/wp\/v2\/pages\/1439","targetHints":{"allow":["GET"]}}],"collection":[{"href":"https:\/\/www.lawpoint.at\/en\/wp-json\/wp\/v2\/pages"}],"about":[{"href":"https:\/\/www.lawpoint.at\/en\/wp-json\/wp\/v2\/types\/page"}],"author":[{"embeddable":true,"href":"https:\/\/www.lawpoint.at\/en\/wp-json\/wp\/v2\/users\/2"}],"replies":[{"embeddable":true,"href":"https:\/\/www.lawpoint.at\/en\/wp-json\/wp\/v2\/comments?post=1439"}],"version-history":[{"count":18,"href":"https:\/\/www.lawpoint.at\/en\/wp-json\/wp\/v2\/pages\/1439\/revisions"}],"predecessor-version":[{"id":1775,"href":"https:\/\/www.lawpoint.at\/en\/wp-json\/wp\/v2\/pages\/1439\/revisions\/1775"}],"up":[{"embeddable":true,"href":"https:\/\/www.lawpoint.at\/en\/wp-json\/wp\/v2\/pages\/1280"}],"wp:attachment":[{"href":"https:\/\/www.lawpoint.at\/en\/wp-json\/wp\/v2\/media?parent=1439"}],"curies":[{"name":"wp","href":"https:\/\/api.w.org\/{rel}","templated":true}]}}