{"id":1481,"date":"2024-09-19T15:39:33","date_gmt":"2024-09-19T13:39:33","guid":{"rendered":"https:\/\/www.lawpoint.at\/?page_id=1481"},"modified":"2025-08-22T13:27:42","modified_gmt":"2025-08-22T11:27:42","slug":"futtermittelrecht","status":"publish","type":"page","link":"https:\/\/www.lawpoint.at\/en\/spezialgebiete\/life-sciences-healthcare\/futtermittelrecht\/","title":{"rendered":"Futtermittelrecht"},"content":{"rendered":"<div class=\"content_row row vc_row wpb_row  default-style fullwidth\">\n\t\n\t<div class=\"content_row_wrapper  default\">\n\t<div class=\"vc_col-sm-12 wpb_column vc_column_container rt-column-container\">\n\t<div class=\"vc_column-inner rt-column-inner\">\n\t\t<div class=\"wpb_wrapper rt-wrapper\">\n\t\t\t\n\t<div  class=\"wpb_single_image wpb_content_element vc_align_center wpb_content_element\">\n\t\t\n\t\t<figure class=\"wpb_wrapper vc_figure\">\n\t\t\t<div class=\"vc_single_image-wrapper   vc_box_border_grey\"><img fetchpriority=\"high\" decoding=\"async\" width=\"1500\" height=\"600\" src=\"https:\/\/www.lawpoint.at\/wp-content\/uploads\/2024\/09\/futtermittelrecht.jpg\" class=\"vc_single_image-img attachment-full\" alt=\"\" title=\"futtermittelrecht-titelbild-3\" srcset=\"https:\/\/www.lawpoint.at\/wp-content\/uploads\/2024\/09\/futtermittelrecht.jpg 1500w, https:\/\/www.lawpoint.at\/wp-content\/uploads\/2024\/09\/futtermittelrecht-300x120.jpg 300w, https:\/\/www.lawpoint.at\/wp-content\/uploads\/2024\/09\/futtermittelrecht-1024x410.jpg 1024w, https:\/\/www.lawpoint.at\/wp-content\/uploads\/2024\/09\/futtermittelrecht-768x307.jpg 768w, https:\/\/www.lawpoint.at\/wp-content\/uploads\/2024\/09\/futtermittelrecht-18x7.jpg 18w, https:\/\/www.lawpoint.at\/wp-content\/uploads\/2024\/09\/futtermittelrecht-750x300.jpg 750w\" sizes=\"(max-width: 1500px) 100vw, 1500px\" \/><\/div>\n\t\t<\/figure>\n\t<\/div>\n\n\t\t<\/div>\n\t<\/div>\n\t<\/div>\n\n<\/div>\n<\/div>\n\n<div  class=\"content_row row vc_row wpb_row  default-style fullwidth rt-2134110\">\n\t\n\t<div class=\"content_row_wrapper  default\"><div class=\"vc_col-sm-8 wpb_column vc_column_container rt-column-container\">\n\t<div class=\"vc_column-inner rt-column-inner\">\n\t\t<div class=\"wpb_wrapper rt-wrapper\">\n\t\t\t<div class=\"rt-heading-wrapper style-5 rt-2356641\">\n\t\t\t\t\t\t<h1 class=\"rt-heading style-5\" >Anwalt f\u00fcr Futtermittelrecht<\/h1>\n\t\t\t\t\t<\/div>\n\t<div class=\"wpb_text_column wpb_content_element\" >\n\t\t<div class=\"wpb_wrapper\">\n\t\t\t<p><span data-sheets-root=\"1\">Die Herstellung von Futtermitteln wird durch die <strong>europ\u00e4ische Verordnung (EG) Nr. 767\/2009<\/strong> \u00fcber das Inverkehrbringen und die Verwendung von Futtermitteln geregelt. Damit sind die Bedingungen, unter denen insbesondere Heimtierfutter und Erg\u00e4nzungsfuttermittel, sozusagen &#8222;<strong>Nahrungserg\u00e4nzungsmittel f\u00fcr Tiere<\/strong>&#8222;, in Verkehr gebracht werden d\u00fcrfen, streng geregelt. Dies gilt insbesondere f\u00fcr die Kennzeichnung und die Werbung. Denn wie bei Lebensmitteln darf auch f\u00fcr Heimtierfutter nicht uneingeschr\u00e4nkt geworben werden, sondern es m\u00fcssen bestimmte Voraussetzungen erf\u00fcllt sein.<\/span><\/p>\n\n\t\t<\/div>\n\t<\/div>\n<div class=\"rt-heading-wrapper rt-2182590\">\n\t\t\t\t\t\t<h2 class=\"rt-heading\" >Futtermittelgesetz \u00d6sterreich<\/h2>\n\t\t\t\t\t<\/div>\n\t<div class=\"wpb_text_column wpb_content_element\" >\n\t\t<div class=\"wpb_wrapper\">\n\t\t\t<p><span data-sheets-root=\"1\">Die Zulassung und Registrierung von Futtermittelbetrieben sowie die anschlie\u00dfende Markt\u00fcberwachung sind im <strong>\u00f6sterreichischen Futtermittelgesetz<\/strong> geregelt. Das Bundesamt f\u00fcr Ern\u00e4hrungssicherheit, kurz <strong>BAES<\/strong>, ist die zust\u00e4ndige zentrale Beh\u00f6rde f\u00fcr die Durchf\u00fchrung der amtlichen Kontrollen. <\/span><\/p>\n<p><span data-sheets-root=\"1\">Hat das <strong>BAES<\/strong> den Verdacht, dass ein Futtermittel oder die betrieblichen Anforderungen nicht in Ordnung sind, kann es entsprechende Anordnungen treffen, wie z.B. das weitere Inverkehrbringen untersagen, betriebliche Ma\u00dfnahmen vorsehen oder die Anpassung von Angaben auf der Kennzeichnung oder der Website verlangen. Eine solche Anordnung ist jedoch nicht immer gerechtfertigt. Wir beraten Sie in unserer Kanzlei im Falle von Anordnungen, vertreten Sie im Verfahren vor der Beh\u00f6rde und erstellen die gefordeten Stellungnahmen.<\/span><\/p>\n\n\t\t<\/div>\n\t<\/div>\n\n\t\t<\/div>\n\t<\/div>\n\t<\/div>\n\n\t<div class=\"vc_col-sm-4 wpb_column vc_column_container rt-column-container\">\n\t<div class=\"vc_column-inner rt-column-inner\">\n\t\t<div class=\"wpb_wrapper rt-wrapper\">\n\t\t\t\n\t\t<\/div>\n\t<\/div>\n\t<\/div>\n<\/div>\n<\/div>\n\n<div  class=\"content_row row vc_row wpb_row  default-style fullwidth\">\n\t\n\t<div class=\"content_row_wrapper  default\"><div class=\"vc_col-sm-8 wpb_column vc_column_container rt-column-container\">\n\t<div class=\"vc_column-inner rt-column-inner\">\n\t\t<div class=\"wpb_wrapper rt-wrapper\">\n\t\t\t\n\t\t<\/div>\n\t<\/div>\n\t<\/div>\n\n\t<div class=\"vc_col-sm-4 wpb_column vc_column_container rt-column-container\">\n\t<div class=\"vc_column-inner rt-column-inner\">\n\t\t<div class=\"wpb_wrapper rt-wrapper\">\n\t\t\t\n\t\t<\/div>\n\t<\/div>\n\t<\/div>\n<\/div>\n<\/div>\n\n<div  class=\"content_row row vc_row wpb_row  default-style fullwidth\">\n\t\n\t<div class=\"content_row_wrapper  default\"><div class=\"vc_col-sm-8 wpb_column vc_column_container vc_custom_1726495318205 rt-9779006 border-top border-bottom border-left border-right rt-column-container\">\n\t<div class=\"vc_column-inner rt-column-inner\">\n\t\t<div class=\"wpb_wrapper rt-wrapper\">\n\t\t\t\n\t<div  class=\"wpb_single_image wpb_content_element vc_align_center wpb_content_element vc_custom_1726750400486\">\n\t\t\n\t\t<figure class=\"wpb_wrapper vc_figure\">\n\t\t\t<div class=\"vc_single_image-wrapper   vc_box_border_grey\"><img decoding=\"async\" width=\"150\" height=\"150\" src=\"https:\/\/www.lawpoint.at\/wp-content\/uploads\/2024\/09\/Dani-thumbnail.jpg\" class=\"vc_single_image-img attachment-thumbnail\" alt=\"Mag. Dany Valerieva-Knoblich\" title=\"Dani-thumbnail\" srcset=\"https:\/\/www.lawpoint.at\/wp-content\/uploads\/2024\/09\/Dani-thumbnail.jpg 150w, https:\/\/www.lawpoint.at\/wp-content\/uploads\/2024\/09\/Dani-thumbnail-12x12.jpg 12w, https:\/\/www.lawpoint.at\/wp-content\/uploads\/2024\/09\/Dani-thumbnail-75x75.jpg 75w\" sizes=\"(max-width: 150px) 100vw, 150px\" \/><\/div><figcaption class=\"vc_figure-caption\">Mag. Dany Valerieva-Knoblich<\/figcaption>\n\t\t<\/figure>\n\t<\/div>\n<div class=\"rt-heading-wrapper text-center rt-8907110\">\n\t\t\t\t\t\t<h2 class=\"rt-heading\" >Ihre Anw\u00e4ltin f\u00fcr Futtermittelrecht<\/h2>\n\t\t\t\t\t<\/div>\n\t<div class=\"wpb_text_column wpb_content_element\" >\n\t\t<div class=\"wpb_wrapper\">\n\t\t\t<p style=\"text-align: center;\"><span data-sheets-root=\"1\">Sie suchen einen Anwalt f\u00fcr Futtermittelrecht? Wir sind gerne f\u00fcr Sie da.<\/span><\/p>\n\n\t\t<\/div>\n\t<\/div>\n<div class=\"button_wrapper  aligncenter rounded\"><a href=\"https:\/\/www.lawpoint.at\/kontakt\/\" target=\"_self\" title=\"Contact us\" class=\"button_  style-1 medium rt-5898230\"><span><span>Contact us<\/span><\/span><\/a><\/div>\n\t\t<\/div>\n\t<\/div>\n\t<\/div>\n\n\t<div class=\"vc_col-sm-4 wpb_column vc_column_container rt-column-container\">\n\t<div class=\"vc_column-inner rt-column-inner\">\n\t\t<div class=\"wpb_wrapper rt-wrapper\">\n\t\t\t\n\t\t<\/div>\n\t<\/div>\n\t<\/div>\n<\/div>\n<\/div>","protected":false},"excerpt":{"rendered":"Anwalt f\u00fcr Futtermittelrecht Die Herstellung von Futtermitteln wird durch die europ\u00e4ische Verordnung (EG) Nr. 767\/2009 \u00fcber das Inverkehrbringen und die Verwendung von Futtermitteln geregelt. Damit sind die Bedingungen, unter denen insbesondere Heimtierfutter und Erg\u00e4nzungsfuttermittel, sozusagen \"Nahrungserg\u00e4nzungsmittel f\u00fcr Tiere\", in Verkehr gebracht werden d\u00fcrfen, streng geregelt. Dies gilt insbesondere f\u00fcr die Kennzeichnung und die Werbung. Denn [...]","protected":false},"author":2,"featured_media":0,"parent":1280,"menu_order":0,"comment_status":"closed","ping_status":"closed","template":"","meta":{"footnotes":""},"class_list":["post-1481","page","type-page","status-publish","hentry"],"yoast_head":"<!-- This site is optimized with the Yoast SEO plugin v27.4 - https:\/\/yoast.com\/product\/yoast-seo-wordpress\/ -->\n<title>Anwalt f\u00fcr Futtermittelrecht - lawpoint<\/title>\n<meta name=\"description\" content=\"Als Fachanwalt f\u00fcr Futtermittelrecht bieten wir Ihnen professionelle Rechtsberatung rund um das Thema Futtermittelrecht in \u00d6sterreich.\" \/>\n<meta name=\"robots\" content=\"index, follow, max-snippet:-1, max-image-preview:large, max-video-preview:-1\" \/>\n<link rel=\"canonical\" href=\"https:\/\/www.lawpoint.at\/en\/spezialgebiete\/life-sciences-healthcare\/futtermittelrecht\/\" \/>\n<meta property=\"og:locale\" content=\"en_US\" \/>\n<meta property=\"og:type\" content=\"article\" \/>\n<meta property=\"og:title\" content=\"Anwalt f\u00fcr Futtermittelrecht - lawpoint\" \/>\n<meta property=\"og:description\" content=\"Als Fachanwalt f\u00fcr Futtermittelrecht bieten wir Ihnen professionelle Rechtsberatung rund um das Thema Futtermittelrecht in \u00d6sterreich.\" \/>\n<meta property=\"og:url\" content=\"https:\/\/www.lawpoint.at\/en\/spezialgebiete\/life-sciences-healthcare\/futtermittelrecht\/\" \/>\n<meta property=\"og:site_name\" content=\"lawpoint\" \/>\n<meta property=\"article:modified_time\" content=\"2025-08-22T11:27:42+00:00\" \/>\n<meta name=\"twitter:card\" content=\"summary_large_image\" \/>\n<meta name=\"twitter:label1\" content=\"Est. reading time\" \/>\n\t<meta name=\"twitter:data1\" content=\"3 minutes\" \/>\n<script type=\"application\/ld+json\" class=\"yoast-schema-graph\">{\"@context\":\"https:\\\/\\\/schema.org\",\"@graph\":[{\"@type\":\"WebPage\",\"@id\":\"https:\\\/\\\/www.lawpoint.at\\\/spezialgebiete\\\/life-sciences-healthcare\\\/futtermittelrecht\\\/\",\"url\":\"https:\\\/\\\/www.lawpoint.at\\\/spezialgebiete\\\/life-sciences-healthcare\\\/futtermittelrecht\\\/\",\"name\":\"Anwalt f\u00fcr Futtermittelrecht - lawpoint\",\"isPartOf\":{\"@id\":\"https:\\\/\\\/www.lawpoint.at\\\/#website\"},\"datePublished\":\"2024-09-19T13:39:33+00:00\",\"dateModified\":\"2025-08-22T11:27:42+00:00\",\"description\":\"Als Fachanwalt f\u00fcr Futtermittelrecht bieten wir Ihnen professionelle Rechtsberatung rund um das Thema Futtermittelrecht in \u00d6sterreich.\",\"breadcrumb\":{\"@id\":\"https:\\\/\\\/www.lawpoint.at\\\/spezialgebiete\\\/life-sciences-healthcare\\\/futtermittelrecht\\\/#breadcrumb\"},\"inLanguage\":\"en-US\",\"potentialAction\":[{\"@type\":\"ReadAction\",\"target\":[\"https:\\\/\\\/www.lawpoint.at\\\/spezialgebiete\\\/life-sciences-healthcare\\\/futtermittelrecht\\\/\"]}]},{\"@type\":\"BreadcrumbList\",\"@id\":\"https:\\\/\\\/www.lawpoint.at\\\/spezialgebiete\\\/life-sciences-healthcare\\\/futtermittelrecht\\\/#breadcrumb\",\"itemListElement\":[{\"@type\":\"ListItem\",\"position\":1,\"name\":\"Startseite\",\"item\":\"https:\\\/\\\/www.lawpoint.at\\\/\"},{\"@type\":\"ListItem\",\"position\":2,\"name\":\"Spezialgebiete\",\"item\":\"https:\\\/\\\/www.lawpoint.at\\\/spezialgebiete\\\/\"},{\"@type\":\"ListItem\",\"position\":3,\"name\":\"Life Science &#038; Healthcare\",\"item\":\"https:\\\/\\\/www.lawpoint.at\\\/spezialgebiete\\\/life-sciences-healthcare\\\/\"},{\"@type\":\"ListItem\",\"position\":4,\"name\":\"Futtermittelrecht\"}]},{\"@type\":\"WebSite\",\"@id\":\"https:\\\/\\\/www.lawpoint.at\\\/#website\",\"url\":\"https:\\\/\\\/www.lawpoint.at\\\/\",\"name\":\"lawpoint\",\"description\":\"We get to the point.\",\"publisher\":{\"@id\":\"https:\\\/\\\/www.lawpoint.at\\\/#organization\"},\"potentialAction\":[{\"@type\":\"SearchAction\",\"target\":{\"@type\":\"EntryPoint\",\"urlTemplate\":\"https:\\\/\\\/www.lawpoint.at\\\/?s={search_term_string}\"},\"query-input\":{\"@type\":\"PropertyValueSpecification\",\"valueRequired\":true,\"valueName\":\"search_term_string\"}}],\"inLanguage\":\"en-US\"},{\"@type\":\"Organization\",\"@id\":\"https:\\\/\\\/www.lawpoint.at\\\/#organization\",\"name\":\"lawpoint\",\"url\":\"https:\\\/\\\/www.lawpoint.at\\\/\",\"logo\":{\"@type\":\"ImageObject\",\"inLanguage\":\"en-US\",\"@id\":\"https:\\\/\\\/www.lawpoint.at\\\/#\\\/schema\\\/logo\\\/image\\\/\",\"url\":\"https:\\\/\\\/www.lawpoint.at\\\/wp-content\\\/uploads\\\/2021\\\/05\\\/logo_lawpoint_cmyk_zusatz_rechts_mehr-Arbeitsflaeche.png\",\"contentUrl\":\"https:\\\/\\\/www.lawpoint.at\\\/wp-content\\\/uploads\\\/2021\\\/05\\\/logo_lawpoint_cmyk_zusatz_rechts_mehr-Arbeitsflaeche.png\",\"width\":888,\"height\":448,\"caption\":\"lawpoint\"},\"image\":{\"@id\":\"https:\\\/\\\/www.lawpoint.at\\\/#\\\/schema\\\/logo\\\/image\\\/\"}}]}<\/script>\n<!-- \/ Yoast SEO plugin. -->","yoast_head_json":{"title":"Anwalt f\u00fcr Futtermittelrecht - lawpoint","description":"Als Fachanwalt f\u00fcr Futtermittelrecht bieten wir Ihnen professionelle Rechtsberatung rund um das Thema Futtermittelrecht in \u00d6sterreich.","robots":{"index":"index","follow":"follow","max-snippet":"max-snippet:-1","max-image-preview":"max-image-preview:large","max-video-preview":"max-video-preview:-1"},"canonical":"https:\/\/www.lawpoint.at\/en\/spezialgebiete\/life-sciences-healthcare\/futtermittelrecht\/","og_locale":"en_US","og_type":"article","og_title":"Anwalt f\u00fcr Futtermittelrecht - lawpoint","og_description":"Als Fachanwalt f\u00fcr Futtermittelrecht bieten wir Ihnen professionelle Rechtsberatung rund um das Thema Futtermittelrecht in \u00d6sterreich.","og_url":"https:\/\/www.lawpoint.at\/en\/spezialgebiete\/life-sciences-healthcare\/futtermittelrecht\/","og_site_name":"lawpoint","article_modified_time":"2025-08-22T11:27:42+00:00","twitter_card":"summary_large_image","twitter_misc":{"Est. reading time":"3 minutes"},"schema":{"@context":"https:\/\/schema.org","@graph":[{"@type":"WebPage","@id":"https:\/\/www.lawpoint.at\/spezialgebiete\/life-sciences-healthcare\/futtermittelrecht\/","url":"https:\/\/www.lawpoint.at\/spezialgebiete\/life-sciences-healthcare\/futtermittelrecht\/","name":"Anwalt f\u00fcr Futtermittelrecht - lawpoint","isPartOf":{"@id":"https:\/\/www.lawpoint.at\/#website"},"datePublished":"2024-09-19T13:39:33+00:00","dateModified":"2025-08-22T11:27:42+00:00","description":"Als Fachanwalt f\u00fcr Futtermittelrecht bieten wir Ihnen professionelle Rechtsberatung rund um das Thema Futtermittelrecht in \u00d6sterreich.","breadcrumb":{"@id":"https:\/\/www.lawpoint.at\/spezialgebiete\/life-sciences-healthcare\/futtermittelrecht\/#breadcrumb"},"inLanguage":"en-US","potentialAction":[{"@type":"ReadAction","target":["https:\/\/www.lawpoint.at\/spezialgebiete\/life-sciences-healthcare\/futtermittelrecht\/"]}]},{"@type":"BreadcrumbList","@id":"https:\/\/www.lawpoint.at\/spezialgebiete\/life-sciences-healthcare\/futtermittelrecht\/#breadcrumb","itemListElement":[{"@type":"ListItem","position":1,"name":"Startseite","item":"https:\/\/www.lawpoint.at\/"},{"@type":"ListItem","position":2,"name":"Spezialgebiete","item":"https:\/\/www.lawpoint.at\/spezialgebiete\/"},{"@type":"ListItem","position":3,"name":"Life Science &#038; Healthcare","item":"https:\/\/www.lawpoint.at\/spezialgebiete\/life-sciences-healthcare\/"},{"@type":"ListItem","position":4,"name":"Futtermittelrecht"}]},{"@type":"WebSite","@id":"https:\/\/www.lawpoint.at\/#website","url":"https:\/\/www.lawpoint.at\/","name":"lawpoint","description":"We get to the point.","publisher":{"@id":"https:\/\/www.lawpoint.at\/#organization"},"potentialAction":[{"@type":"SearchAction","target":{"@type":"EntryPoint","urlTemplate":"https:\/\/www.lawpoint.at\/?s={search_term_string}"},"query-input":{"@type":"PropertyValueSpecification","valueRequired":true,"valueName":"search_term_string"}}],"inLanguage":"en-US"},{"@type":"Organization","@id":"https:\/\/www.lawpoint.at\/#organization","name":"lawpoint","url":"https:\/\/www.lawpoint.at\/","logo":{"@type":"ImageObject","inLanguage":"en-US","@id":"https:\/\/www.lawpoint.at\/#\/schema\/logo\/image\/","url":"https:\/\/www.lawpoint.at\/wp-content\/uploads\/2021\/05\/logo_lawpoint_cmyk_zusatz_rechts_mehr-Arbeitsflaeche.png","contentUrl":"https:\/\/www.lawpoint.at\/wp-content\/uploads\/2021\/05\/logo_lawpoint_cmyk_zusatz_rechts_mehr-Arbeitsflaeche.png","width":888,"height":448,"caption":"lawpoint"},"image":{"@id":"https:\/\/www.lawpoint.at\/#\/schema\/logo\/image\/"}}]}},"_links":{"self":[{"href":"https:\/\/www.lawpoint.at\/en\/wp-json\/wp\/v2\/pages\/1481","targetHints":{"allow":["GET"]}}],"collection":[{"href":"https:\/\/www.lawpoint.at\/en\/wp-json\/wp\/v2\/pages"}],"about":[{"href":"https:\/\/www.lawpoint.at\/en\/wp-json\/wp\/v2\/types\/page"}],"author":[{"embeddable":true,"href":"https:\/\/www.lawpoint.at\/en\/wp-json\/wp\/v2\/users\/2"}],"replies":[{"embeddable":true,"href":"https:\/\/www.lawpoint.at\/en\/wp-json\/wp\/v2\/comments?post=1481"}],"version-history":[{"count":10,"href":"https:\/\/www.lawpoint.at\/en\/wp-json\/wp\/v2\/pages\/1481\/revisions"}],"predecessor-version":[{"id":1745,"href":"https:\/\/www.lawpoint.at\/en\/wp-json\/wp\/v2\/pages\/1481\/revisions\/1745"}],"up":[{"embeddable":true,"href":"https:\/\/www.lawpoint.at\/en\/wp-json\/wp\/v2\/pages\/1280"}],"wp:attachment":[{"href":"https:\/\/www.lawpoint.at\/en\/wp-json\/wp\/v2\/media?parent=1481"}],"curies":[{"name":"wp","href":"https:\/\/api.w.org\/{rel}","templated":true}]}}