{"id":1587,"date":"2024-10-30T11:10:41","date_gmt":"2024-10-30T10:10:41","guid":{"rendered":"https:\/\/www.lawpoint.at\/?page_id=1587"},"modified":"2025-08-27T09:52:19","modified_gmt":"2025-08-27T07:52:19","slug":"medizinrecht-patientenrecht","status":"publish","type":"page","link":"https:\/\/www.lawpoint.at\/en\/spezialgebiete\/life-sciences-healthcare\/medizinrecht-patientenrecht\/","title":{"rendered":"Medizinrecht &#038; Patientenrecht"},"content":{"rendered":"<div class=\"content_row row vc_row wpb_row  default-style fullwidth\">\n\t\n\t<div class=\"content_row_wrapper  default\">\n\t<div class=\"vc_col-sm-12 wpb_column vc_column_container rt-column-container\">\n\t<div class=\"vc_column-inner rt-column-inner\">\n\t\t<div class=\"wpb_wrapper rt-wrapper\">\n\t\t\t\n\t<div  class=\"wpb_single_image wpb_content_element vc_align_center wpb_content_element\">\n\t\t\n\t\t<figure class=\"wpb_wrapper vc_figure\">\n\t\t\t<div class=\"vc_single_image-wrapper   vc_box_border_grey\"><img fetchpriority=\"high\" decoding=\"async\" width=\"1500\" height=\"600\" src=\"https:\/\/www.lawpoint.at\/wp-content\/uploads\/2024\/10\/mezinin-patienten-recht.jpg\" class=\"vc_single_image-img attachment-full\" alt=\"\" title=\"mezinin-patienten-recht\" srcset=\"https:\/\/www.lawpoint.at\/wp-content\/uploads\/2024\/10\/mezinin-patienten-recht.jpg 1500w, https:\/\/www.lawpoint.at\/wp-content\/uploads\/2024\/10\/mezinin-patienten-recht-300x120.jpg 300w, https:\/\/www.lawpoint.at\/wp-content\/uploads\/2024\/10\/mezinin-patienten-recht-1024x410.jpg 1024w, https:\/\/www.lawpoint.at\/wp-content\/uploads\/2024\/10\/mezinin-patienten-recht-768x307.jpg 768w, https:\/\/www.lawpoint.at\/wp-content\/uploads\/2024\/10\/mezinin-patienten-recht-18x7.jpg 18w, https:\/\/www.lawpoint.at\/wp-content\/uploads\/2024\/10\/mezinin-patienten-recht-750x300.jpg 750w\" sizes=\"(max-width: 1500px) 100vw, 1500px\" \/><\/div>\n\t\t<\/figure>\n\t<\/div>\n\n\t\t<\/div>\n\t<\/div>\n\t<\/div>\n\n<\/div>\n<\/div>\n\n<div  class=\"content_row row vc_row wpb_row  default-style fullwidth rt-2134110\">\n\t\n\t<div class=\"content_row_wrapper  default\"><div class=\"vc_col-sm-8 wpb_column vc_column_container rt-column-container\">\n\t<div class=\"vc_column-inner rt-column-inner\">\n\t\t<div class=\"wpb_wrapper rt-wrapper\">\n\t\t\t<div class=\"rt-heading-wrapper style-5 rt-3174631\">\n\t\t\t\t\t\t<h1 class=\"rt-heading style-5\" >Anwalt f\u00fcr Medizinrecht &amp; Patientenrecht<\/h1>\n\t\t\t\t\t<\/div>\n\t<div class=\"wpb_text_column wpb_content_element\" >\n\t\t<div class=\"wpb_wrapper\">\n\t\t\t<p><span data-sheets-root=\"1\">Das <strong>Medizinrecht<\/strong>, insbesondere das <strong>Patientenrecht<\/strong>, ist ein weites und komplexes Rechtsgebiet. Wir unterst\u00fctzen Sie beispielsweise bei allen rechtlichen Fragen rund um das Arzt-Patienten-Verh\u00e4ltnis, von Behandlungsfehlern und Schadensersatzanspr\u00fcchen bis hin zu Fragen der \u00e4rztlichen Aufkl\u00e4rungspflicht und der Patientenverf\u00fcgung. Durch unsere langj\u00e4hrige Erfahrung und Spezialisierung sind wir in der Lage, die oft komplexen medizinischen und rechtlichen Sachverhalte schnell zu erfassen und effektiv zu vertreten \u2013 sei es au\u00dfergerichtlich oder vor Gericht. <\/span><\/p>\n\n\t\t<\/div>\n\t<\/div>\n\n\t\t<\/div>\n\t<\/div>\n\t<\/div>\n\n\t<div class=\"vc_col-sm-4 wpb_column vc_column_container rt-column-container\">\n\t<div class=\"vc_column-inner rt-column-inner\">\n\t\t<div class=\"wpb_wrapper rt-wrapper\">\n\t\t\t\n\t\t<\/div>\n\t<\/div>\n\t<\/div>\n<\/div>\n<\/div>\n\n<div  class=\"content_row row vc_row wpb_row  default-style fullwidth\">\n\t\n\t<div class=\"content_row_wrapper  default\"><div class=\"vc_col-sm-8 wpb_column vc_column_container vc_custom_1726494096885 rt-7439913 rt-column-container\">\n\t<div class=\"vc_column-inner rt-column-inner\">\n\t\t<div class=\"wpb_wrapper rt-wrapper\">\n\t\t\t<div class=\"rt-heading-wrapper rt-1177435\">\n\t\t\t\t\t\t<h2 class=\"rt-heading\" >Arzthaftung<\/h2>\n\t\t\t\t\t<\/div>\n\t<div class=\"wpb_text_column wpb_content_element\" >\n\t\t<div class=\"wpb_wrapper\">\n\t\t\t<p><span data-sheets-root=\"1\">Der Begriff der <strong>Arzthaftung<\/strong> umfasst die Verantwortlichkeit von \u00c4rztinnen und \u00c4rzten, Krankenanstalten und weiteren Angeh\u00f6rigen von Gesundheitsberufen, wie z.B. Hebammen oder Physiotherapeutinnen und Physiotherapeuten, f\u00fcr Sch\u00e4den, die Patientinnen und Patienten im Zusammenhang mit medizinischen Behandlungen erleiden. Die Arzthaftung umfasst ein breites Spektrum an rechtlichen Fragestellungen, die von unzureichenden Diagnosen und fehlerhaften Behandlungen bis hin zu unterlassener Aufkl\u00e4rung reichen k\u00f6nnen. Gerade in diesem sensiblen Bereich ist es entscheidend, sowohl fundierte juristische als auch Erfahrung in diesem Bereich zu vereinen, um die komplexen Zusammenh\u00e4nge zu verstehen.<\/span><\/p>\n\n\t\t<\/div>\n\t<\/div>\n\n\t\t<\/div>\n\t<\/div>\n\t<\/div>\n\n\t<div class=\"vc_col-sm-4 wpb_column vc_column_container vc_custom_1726492602065 rt-2105338 rt-column-container\">\n\t<div class=\"vc_column-inner rt-column-inner\">\n\t\t<div class=\"wpb_wrapper rt-wrapper\">\n\t\t\t\n\t\t<\/div>\n\t<\/div>\n\t<\/div>\n<\/div>\n<\/div>\n\n<div  class=\"content_row row vc_row wpb_row  default-style fullwidth\">\n\t\n\t<div class=\"content_row_wrapper  default\"><div class=\"vc_col-sm-8 wpb_column vc_column_container rt-column-container\">\n\t<div class=\"vc_column-inner rt-column-inner\">\n\t\t<div class=\"wpb_wrapper rt-wrapper\">\n\t\t\t<div class=\"rt-heading-wrapper rt-2917509\">\n\t\t\t\t\t\t<h2 class=\"rt-heading\" >Schmerzensgeld f\u00fcr Behandlungsfehler<\/h2>\n\t\t\t\t\t<\/div>\n\t<div class=\"wpb_text_column wpb_content_element\" >\n\t\t<div class=\"wpb_wrapper\">\n\t\t\t<p><span data-sheets-root=\"1\">Das <strong>Schmerzensgeld<\/strong> ist ein Schadensersatzanspruch bei Personensch\u00e4den und stellt den wichtigsten Fall des Ersatzes immaterieller Sch\u00e4den dar. Es dient dazu, dem Gesch\u00e4digten einen Ausgleich f\u00fcr die erlittenen k\u00f6rperlichen und seelischen Schmerzen zu verschaffen. Nach der Terminologie des Obersten Gerichtshofes (OGH) ist das Schmerzengeld pauschal zu bemessen und wird daher als Gesamtbetrag festgesetzt. Dabei sind insbesondere die Dauer und Intensit\u00e4t der Schmerzen sowie das Ausma\u00df der Beeintr\u00e4chtigung zu ber\u00fccksichtigen. <\/span><\/p>\n\n\t\t<\/div>\n\t<\/div>\n\n\t\t<\/div>\n\t<\/div>\n\t<\/div>\n\n\t<div class=\"vc_col-sm-4 wpb_column vc_column_container rt-column-container\">\n\t<div class=\"vc_column-inner rt-column-inner\">\n\t\t<div class=\"wpb_wrapper rt-wrapper\">\n\t\t\t\n\t\t<\/div>\n\t<\/div>\n\t<\/div>\n<\/div>\n<\/div>\n\n<div  class=\"content_row row vc_row wpb_row  default-style fullwidth\">\n\t\n\t<div class=\"content_row_wrapper  default\"><div class=\"vc_col-sm-8 wpb_column vc_column_container vc_custom_1726494096885 rt-7439913 rt-column-container\">\n\t<div class=\"vc_column-inner rt-column-inner\">\n\t\t<div class=\"wpb_wrapper rt-wrapper\">\n\t\t\t<div class=\"rt-heading-wrapper rt-5281420\">\n\t\t\t\t\t\t<h3 class=\"rt-heading\" >Schmerzensgeld Tabelle<\/h3>\n\t\t\t\t\t<\/div>\n\t<div class=\"wpb_text_column wpb_content_element\" >\n\t\t<div class=\"wpb_wrapper\">\n\t\t\t<p><span data-sheets-root=\"1\">Ungeachtet dessen hat sich in der Praxis ein sogenanntes <strong>Tagessatzsystem<\/strong> etabliert. Dabei wird meist unter Hinzuziehung eines Sachverst\u00e4ndigen die Dauer und Intensit\u00e4t der Schmerzen ermittelt und nach Kategorien wie leichte, mittlere und starke Schmerzen unterschieden. Die Tagess\u00e4tze umfassen regelm\u00e4\u00dfig folgende Bandbreiten:<\/span><\/p>\n<ul>\n<li><span data-sheets-root=\"1\">Leichte Schmerzen: \u20ac 110\u2013160 pro Tag<\/span><\/li>\n<li><span data-sheets-root=\"1\">Mittlere Schmerzen: \u20ac 220\u2013300 pro Tag<\/span><\/li>\n<li><span data-sheets-root=\"1\">Starke Schmerzen: \u20ac 330\u2013450 pro Tag<\/span><\/li>\n<\/ul>\n\n\t\t<\/div>\n\t<\/div>\n\n\t\t<\/div>\n\t<\/div>\n\t<\/div>\n\n\t<div class=\"vc_col-sm-4 wpb_column vc_column_container vc_custom_1726492602065 rt-2105338 rt-column-container\">\n\t<div class=\"vc_column-inner rt-column-inner\">\n\t\t<div class=\"wpb_wrapper rt-wrapper\">\n\t\t\t\n\t\t<\/div>\n\t<\/div>\n\t<\/div>\n<\/div>\n<\/div>\n\n<div  class=\"content_row row vc_row wpb_row  default-style fullwidth\">\n\t\n\t<div class=\"content_row_wrapper  default\"><div class=\"vc_col-sm-8 wpb_column vc_column_container rt-column-container\">\n\t<div class=\"vc_column-inner rt-column-inner\">\n\t\t<div class=\"wpb_wrapper rt-wrapper\">\n\t\t\t<div class=\"rt-heading-wrapper rt-5435250\">\n\t\t\t\t\t\t<h2 class=\"rt-heading\" >\u00c4rztliches Berufsrecht, MTD Recht und MAB Recht<\/h2>\n\t\t\t\t\t<\/div>\n\t<div class=\"wpb_text_column wpb_content_element\" >\n\t\t<div class=\"wpb_wrapper\">\n\t\t\t<p><span data-sheets-root=\"1\">Die Aus\u00fcbung der Gesundheitsberufe basiert auf verschiedenen Berufsgesetzen, wie z.B. dem <strong>\u00c4rztegesetz<\/strong> 1998, dem <strong>Bundesgesetz \u00fcber die gehobenen medizinisch-therapeutisch-diagnostischen Gesundheitsberufe<\/strong> (MTD-Gesetz 2024) oder dem <strong>Medizinischen Assistenzberufe-Gesetz<\/strong> (MABG). Diese Gesetze bilden die rechtliche Grundlage f\u00fcr die Aus\u00fcbung der Gesundheitsberufe und regeln die Berufspflichten, Ausbildungsvoraussetzungen und Befugnisse der jeweiligen Berufsgruppen.<\/span><\/p>\n<p>Wir beraten die Angeh\u00f6rigen der Gesundheitsberufe umfassend, nicht nur in Fragen der Kernt\u00e4tigkeit, sondern auch in Fragen der Berufsaus\u00fcbung im weiteren Sinne, wie z.B. zul\u00e4ssige Kooperationen mit anderen Gesundheitsberufen oder die medizinische T\u00e4tigkeit erg\u00e4nzende sinnvolle Dienstleistungen oder Warenangebote, wie z.B. Nahrungserg\u00e4nzungsmittel oder Medizinprodukte.<\/p>\n\n\t\t<\/div>\n\t<\/div>\n\n\t\t<\/div>\n\t<\/div>\n\t<\/div>\n\n\t<div class=\"vc_col-sm-4 wpb_column vc_column_container rt-column-container\">\n\t<div class=\"vc_column-inner rt-column-inner\">\n\t\t<div class=\"wpb_wrapper rt-wrapper\">\n\t\t\t\n\t\t<\/div>\n\t<\/div>\n\t<\/div>\n<\/div>\n<\/div>\n\n<div  class=\"content_row row vc_row wpb_row  default-style fullwidth\">\n\t\n\t<div class=\"content_row_wrapper  default\"><div class=\"vc_col-sm-8 wpb_column vc_column_container vc_custom_1726495318205 rt-9779006 border-top border-bottom border-left border-right rt-column-container\">\n\t<div class=\"vc_column-inner rt-column-inner\">\n\t\t<div class=\"wpb_wrapper rt-wrapper\">\n\t\t\t\n\t<div  class=\"wpb_single_image wpb_content_element vc_align_center wpb_content_element vc_custom_1726750559858\">\n\t\t\n\t\t<figure class=\"wpb_wrapper vc_figure\">\n\t\t\t<div class=\"vc_single_image-wrapper   vc_box_border_grey\"><img decoding=\"async\" width=\"150\" height=\"150\" src=\"https:\/\/www.lawpoint.at\/wp-content\/uploads\/2024\/09\/Dani-thumbnail.jpg\" class=\"vc_single_image-img attachment-thumbnail\" alt=\"Mag. Dany Valerieva-Knoblich\" title=\"Dani-thumbnail\" srcset=\"https:\/\/www.lawpoint.at\/wp-content\/uploads\/2024\/09\/Dani-thumbnail.jpg 150w, https:\/\/www.lawpoint.at\/wp-content\/uploads\/2024\/09\/Dani-thumbnail-12x12.jpg 12w, https:\/\/www.lawpoint.at\/wp-content\/uploads\/2024\/09\/Dani-thumbnail-75x75.jpg 75w\" sizes=\"(max-width: 150px) 100vw, 150px\" \/><\/div><figcaption class=\"vc_figure-caption\">Mag. Dany Valerieva-Knoblich<\/figcaption>\n\t\t<\/figure>\n\t<\/div>\n<div class=\"rt-heading-wrapper text-center rt-4791878\">\n\t\t\t\t\t\t<h2 class=\"rt-heading\" >Ihre Anw\u00e4ltin f\u00fcr Medizinrecht &amp; Patientenrecht<\/h2>\n\t\t\t\t\t<\/div>\n\t<div class=\"wpb_text_column wpb_content_element\" >\n\t\t<div class=\"wpb_wrapper\">\n\t\t\t<p style=\"text-align: center;\"><span data-sheets-root=\"1\">Sie sind auf der Suche nach einem Anwalt f\u00fcr Medizinrecht oder Patientenrecht? Wir sind gerne f\u00fcr Sie da.<\/span><\/p>\n\n\t\t<\/div>\n\t<\/div>\n<div class=\"button_wrapper  aligncenter rounded\"><a href=\"https:\/\/www.lawpoint.at\/kontakt\/\" target=\"_self\" title=\"Contact us\" class=\"button_  style-1 medium rt-5560322\"><span><span>Contact us<\/span><\/span><\/a><\/div>\n\t\t<\/div>\n\t<\/div>\n\t<\/div>\n\n\t<div class=\"vc_col-sm-4 wpb_column vc_column_container rt-column-container\">\n\t<div class=\"vc_column-inner rt-column-inner\">\n\t\t<div class=\"wpb_wrapper rt-wrapper\">\n\t\t\t\n\t\t<\/div>\n\t<\/div>\n\t<\/div>\n<\/div>\n<\/div>","protected":false},"excerpt":{"rendered":"Anwalt f\u00fcr Medizinrecht &amp; Patientenrecht Das Medizinrecht, insbesondere das Patientenrecht, ist ein weites und komplexes Rechtsgebiet. Wir unterst\u00fctzen Sie beispielsweise bei allen rechtlichen Fragen rund um das Arzt-Patienten-Verh\u00e4ltnis, von Behandlungsfehlern und Schadensersatzanspr\u00fcchen bis hin zu Fragen der \u00e4rztlichen Aufkl\u00e4rungspflicht und der Patientenverf\u00fcgung. Durch unsere langj\u00e4hrige Erfahrung und Spezialisierung sind wir in der Lage, die oft [...]","protected":false},"author":2,"featured_media":0,"parent":1280,"menu_order":0,"comment_status":"closed","ping_status":"closed","template":"","meta":{"footnotes":""},"class_list":["post-1587","page","type-page","status-publish","hentry"],"yoast_head":"<!-- This site is optimized with the Yoast SEO plugin v27.4 - https:\/\/yoast.com\/product\/yoast-seo-wordpress\/ -->\n<title>Anwalt f\u00fcr Medizinrecht &amp; Patientenrecht - lawpoint<\/title>\n<meta name=\"description\" content=\"Als Anwalt f\u00fcr Medizinrecht &amp; Patientenrecht bieten wir Ihnen professionelle Rechtsberatung rund um das Thema Arzthaftung, Behandlungsfehler &amp; \u00e4rztliches Berufsrecht.\" \/>\n<meta name=\"robots\" content=\"index, follow, max-snippet:-1, max-image-preview:large, max-video-preview:-1\" \/>\n<link rel=\"canonical\" href=\"https:\/\/www.lawpoint.at\/en\/spezialgebiete\/life-sciences-healthcare\/medizinrecht-patientenrecht\/\" \/>\n<meta property=\"og:locale\" content=\"en_US\" \/>\n<meta property=\"og:type\" content=\"article\" \/>\n<meta property=\"og:title\" content=\"Anwalt f\u00fcr Medizinrecht &amp; Patientenrecht - lawpoint\" \/>\n<meta property=\"og:description\" content=\"Als Anwalt f\u00fcr Medizinrecht &amp; Patientenrecht bieten wir Ihnen professionelle Rechtsberatung rund um das Thema Arzthaftung, Behandlungsfehler &amp; \u00e4rztliches Berufsrecht.\" \/>\n<meta property=\"og:url\" content=\"https:\/\/www.lawpoint.at\/en\/spezialgebiete\/life-sciences-healthcare\/medizinrecht-patientenrecht\/\" \/>\n<meta property=\"og:site_name\" content=\"lawpoint\" \/>\n<meta property=\"article:modified_time\" content=\"2025-08-27T07:52:19+00:00\" \/>\n<meta name=\"twitter:card\" content=\"summary_large_image\" \/>\n<meta name=\"twitter:label1\" content=\"Est. reading time\" \/>\n\t<meta name=\"twitter:data1\" content=\"5 minutes\" \/>\n<script type=\"application\/ld+json\" class=\"yoast-schema-graph\">{\"@context\":\"https:\\\/\\\/schema.org\",\"@graph\":[{\"@type\":\"WebPage\",\"@id\":\"https:\\\/\\\/www.lawpoint.at\\\/spezialgebiete\\\/life-sciences-healthcare\\\/medizinrecht-patientenrecht\\\/\",\"url\":\"https:\\\/\\\/www.lawpoint.at\\\/spezialgebiete\\\/life-sciences-healthcare\\\/medizinrecht-patientenrecht\\\/\",\"name\":\"Anwalt f\u00fcr Medizinrecht & Patientenrecht - lawpoint\",\"isPartOf\":{\"@id\":\"https:\\\/\\\/www.lawpoint.at\\\/#website\"},\"datePublished\":\"2024-10-30T10:10:41+00:00\",\"dateModified\":\"2025-08-27T07:52:19+00:00\",\"description\":\"Als Anwalt f\u00fcr Medizinrecht & Patientenrecht bieten wir Ihnen professionelle Rechtsberatung rund um das Thema Arzthaftung, Behandlungsfehler & \u00e4rztliches Berufsrecht.\",\"breadcrumb\":{\"@id\":\"https:\\\/\\\/www.lawpoint.at\\\/spezialgebiete\\\/life-sciences-healthcare\\\/medizinrecht-patientenrecht\\\/#breadcrumb\"},\"inLanguage\":\"en-US\",\"potentialAction\":[{\"@type\":\"ReadAction\",\"target\":[\"https:\\\/\\\/www.lawpoint.at\\\/spezialgebiete\\\/life-sciences-healthcare\\\/medizinrecht-patientenrecht\\\/\"]}]},{\"@type\":\"BreadcrumbList\",\"@id\":\"https:\\\/\\\/www.lawpoint.at\\\/spezialgebiete\\\/life-sciences-healthcare\\\/medizinrecht-patientenrecht\\\/#breadcrumb\",\"itemListElement\":[{\"@type\":\"ListItem\",\"position\":1,\"name\":\"Startseite\",\"item\":\"https:\\\/\\\/www.lawpoint.at\\\/\"},{\"@type\":\"ListItem\",\"position\":2,\"name\":\"Spezialgebiete\",\"item\":\"https:\\\/\\\/www.lawpoint.at\\\/spezialgebiete\\\/\"},{\"@type\":\"ListItem\",\"position\":3,\"name\":\"Life Science &#038; Healthcare\",\"item\":\"https:\\\/\\\/www.lawpoint.at\\\/spezialgebiete\\\/life-sciences-healthcare\\\/\"},{\"@type\":\"ListItem\",\"position\":4,\"name\":\"Medizinrecht &#038; Patientenrecht\"}]},{\"@type\":\"WebSite\",\"@id\":\"https:\\\/\\\/www.lawpoint.at\\\/#website\",\"url\":\"https:\\\/\\\/www.lawpoint.at\\\/\",\"name\":\"lawpoint\",\"description\":\"We get to the point.\",\"publisher\":{\"@id\":\"https:\\\/\\\/www.lawpoint.at\\\/#organization\"},\"potentialAction\":[{\"@type\":\"SearchAction\",\"target\":{\"@type\":\"EntryPoint\",\"urlTemplate\":\"https:\\\/\\\/www.lawpoint.at\\\/?s={search_term_string}\"},\"query-input\":{\"@type\":\"PropertyValueSpecification\",\"valueRequired\":true,\"valueName\":\"search_term_string\"}}],\"inLanguage\":\"en-US\"},{\"@type\":\"Organization\",\"@id\":\"https:\\\/\\\/www.lawpoint.at\\\/#organization\",\"name\":\"lawpoint\",\"url\":\"https:\\\/\\\/www.lawpoint.at\\\/\",\"logo\":{\"@type\":\"ImageObject\",\"inLanguage\":\"en-US\",\"@id\":\"https:\\\/\\\/www.lawpoint.at\\\/#\\\/schema\\\/logo\\\/image\\\/\",\"url\":\"https:\\\/\\\/www.lawpoint.at\\\/wp-content\\\/uploads\\\/2021\\\/05\\\/logo_lawpoint_cmyk_zusatz_rechts_mehr-Arbeitsflaeche.png\",\"contentUrl\":\"https:\\\/\\\/www.lawpoint.at\\\/wp-content\\\/uploads\\\/2021\\\/05\\\/logo_lawpoint_cmyk_zusatz_rechts_mehr-Arbeitsflaeche.png\",\"width\":888,\"height\":448,\"caption\":\"lawpoint\"},\"image\":{\"@id\":\"https:\\\/\\\/www.lawpoint.at\\\/#\\\/schema\\\/logo\\\/image\\\/\"}}]}<\/script>\n<!-- \/ Yoast SEO plugin. -->","yoast_head_json":{"title":"Anwalt f\u00fcr Medizinrecht & Patientenrecht - lawpoint","description":"Als Anwalt f\u00fcr Medizinrecht & Patientenrecht bieten wir Ihnen professionelle Rechtsberatung rund um das Thema Arzthaftung, Behandlungsfehler & \u00e4rztliches Berufsrecht.","robots":{"index":"index","follow":"follow","max-snippet":"max-snippet:-1","max-image-preview":"max-image-preview:large","max-video-preview":"max-video-preview:-1"},"canonical":"https:\/\/www.lawpoint.at\/en\/spezialgebiete\/life-sciences-healthcare\/medizinrecht-patientenrecht\/","og_locale":"en_US","og_type":"article","og_title":"Anwalt f\u00fcr Medizinrecht & Patientenrecht - lawpoint","og_description":"Als Anwalt f\u00fcr Medizinrecht & Patientenrecht bieten wir Ihnen professionelle Rechtsberatung rund um das Thema Arzthaftung, Behandlungsfehler & \u00e4rztliches Berufsrecht.","og_url":"https:\/\/www.lawpoint.at\/en\/spezialgebiete\/life-sciences-healthcare\/medizinrecht-patientenrecht\/","og_site_name":"lawpoint","article_modified_time":"2025-08-27T07:52:19+00:00","twitter_card":"summary_large_image","twitter_misc":{"Est. reading time":"5 minutes"},"schema":{"@context":"https:\/\/schema.org","@graph":[{"@type":"WebPage","@id":"https:\/\/www.lawpoint.at\/spezialgebiete\/life-sciences-healthcare\/medizinrecht-patientenrecht\/","url":"https:\/\/www.lawpoint.at\/spezialgebiete\/life-sciences-healthcare\/medizinrecht-patientenrecht\/","name":"Anwalt f\u00fcr Medizinrecht & Patientenrecht - lawpoint","isPartOf":{"@id":"https:\/\/www.lawpoint.at\/#website"},"datePublished":"2024-10-30T10:10:41+00:00","dateModified":"2025-08-27T07:52:19+00:00","description":"Als Anwalt f\u00fcr Medizinrecht & Patientenrecht bieten wir Ihnen professionelle Rechtsberatung rund um das Thema Arzthaftung, Behandlungsfehler & \u00e4rztliches Berufsrecht.","breadcrumb":{"@id":"https:\/\/www.lawpoint.at\/spezialgebiete\/life-sciences-healthcare\/medizinrecht-patientenrecht\/#breadcrumb"},"inLanguage":"en-US","potentialAction":[{"@type":"ReadAction","target":["https:\/\/www.lawpoint.at\/spezialgebiete\/life-sciences-healthcare\/medizinrecht-patientenrecht\/"]}]},{"@type":"BreadcrumbList","@id":"https:\/\/www.lawpoint.at\/spezialgebiete\/life-sciences-healthcare\/medizinrecht-patientenrecht\/#breadcrumb","itemListElement":[{"@type":"ListItem","position":1,"name":"Startseite","item":"https:\/\/www.lawpoint.at\/"},{"@type":"ListItem","position":2,"name":"Spezialgebiete","item":"https:\/\/www.lawpoint.at\/spezialgebiete\/"},{"@type":"ListItem","position":3,"name":"Life Science &#038; Healthcare","item":"https:\/\/www.lawpoint.at\/spezialgebiete\/life-sciences-healthcare\/"},{"@type":"ListItem","position":4,"name":"Medizinrecht &#038; Patientenrecht"}]},{"@type":"WebSite","@id":"https:\/\/www.lawpoint.at\/#website","url":"https:\/\/www.lawpoint.at\/","name":"lawpoint","description":"We get to the point.","publisher":{"@id":"https:\/\/www.lawpoint.at\/#organization"},"potentialAction":[{"@type":"SearchAction","target":{"@type":"EntryPoint","urlTemplate":"https:\/\/www.lawpoint.at\/?s={search_term_string}"},"query-input":{"@type":"PropertyValueSpecification","valueRequired":true,"valueName":"search_term_string"}}],"inLanguage":"en-US"},{"@type":"Organization","@id":"https:\/\/www.lawpoint.at\/#organization","name":"lawpoint","url":"https:\/\/www.lawpoint.at\/","logo":{"@type":"ImageObject","inLanguage":"en-US","@id":"https:\/\/www.lawpoint.at\/#\/schema\/logo\/image\/","url":"https:\/\/www.lawpoint.at\/wp-content\/uploads\/2021\/05\/logo_lawpoint_cmyk_zusatz_rechts_mehr-Arbeitsflaeche.png","contentUrl":"https:\/\/www.lawpoint.at\/wp-content\/uploads\/2021\/05\/logo_lawpoint_cmyk_zusatz_rechts_mehr-Arbeitsflaeche.png","width":888,"height":448,"caption":"lawpoint"},"image":{"@id":"https:\/\/www.lawpoint.at\/#\/schema\/logo\/image\/"}}]}},"_links":{"self":[{"href":"https:\/\/www.lawpoint.at\/en\/wp-json\/wp\/v2\/pages\/1587","targetHints":{"allow":["GET"]}}],"collection":[{"href":"https:\/\/www.lawpoint.at\/en\/wp-json\/wp\/v2\/pages"}],"about":[{"href":"https:\/\/www.lawpoint.at\/en\/wp-json\/wp\/v2\/types\/page"}],"author":[{"embeddable":true,"href":"https:\/\/www.lawpoint.at\/en\/wp-json\/wp\/v2\/users\/2"}],"replies":[{"embeddable":true,"href":"https:\/\/www.lawpoint.at\/en\/wp-json\/wp\/v2\/comments?post=1587"}],"version-history":[{"count":8,"href":"https:\/\/www.lawpoint.at\/en\/wp-json\/wp\/v2\/pages\/1587\/revisions"}],"predecessor-version":[{"id":1777,"href":"https:\/\/www.lawpoint.at\/en\/wp-json\/wp\/v2\/pages\/1587\/revisions\/1777"}],"up":[{"embeddable":true,"href":"https:\/\/www.lawpoint.at\/en\/wp-json\/wp\/v2\/pages\/1280"}],"wp:attachment":[{"href":"https:\/\/www.lawpoint.at\/en\/wp-json\/wp\/v2\/media?parent=1587"}],"curies":[{"name":"wp","href":"https:\/\/api.w.org\/{rel}","templated":true}]}}