{"id":1724,"date":"2025-08-30T11:32:17","date_gmt":"2025-08-30T09:32:17","guid":{"rendered":"https:\/\/www.lawpoint.at\/?page_id=1724"},"modified":"2025-09-19T10:22:24","modified_gmt":"2025-09-19T08:22:24","slug":"gesellschaftsrecht-ma","status":"publish","type":"page","link":"https:\/\/www.lawpoint.at\/en\/spezialgebiete\/gesellschaftsrecht-ma\/","title":{"rendered":"Gesellschaftsrecht und M&#038;A"},"content":{"rendered":"<div class=\"content_row row vc_row wpb_row  default-style fullwidth\">\n\t\n\t<div class=\"content_row_wrapper  default\"><div class=\"vc_col-sm-12 wpb_column vc_column_container rt-column-container\">\n\t<div class=\"vc_column-inner rt-column-inner\">\n\t\t<div class=\"wpb_wrapper rt-wrapper\">\n\t\t\t\n\t<div  class=\"wpb_single_image wpb_content_element vc_align_left wpb_content_element\">\n\t\t\n\t\t<figure class=\"wpb_wrapper vc_figure\">\n\t\t\t<div class=\"vc_single_image-wrapper   vc_box_border_grey\"><img fetchpriority=\"high\" decoding=\"async\" width=\"1707\" height=\"683\" src=\"https:\/\/www.lawpoint.at\/wp-content\/uploads\/2025\/08\/ivan-yerokhin-l-AAgX_Zep8-unsplash-scaled-e1756552508231.jpg\" class=\"vc_single_image-img attachment-full\" alt=\"\" title=\"ivan-yerokhin-l-AAgX_Zep8-unsplash\" srcset=\"https:\/\/www.lawpoint.at\/wp-content\/uploads\/2025\/08\/ivan-yerokhin-l-AAgX_Zep8-unsplash-scaled-e1756552508231.jpg 1707w, https:\/\/www.lawpoint.at\/wp-content\/uploads\/2025\/08\/ivan-yerokhin-l-AAgX_Zep8-unsplash-scaled-e1756552508231-300x120.jpg 300w, https:\/\/www.lawpoint.at\/wp-content\/uploads\/2025\/08\/ivan-yerokhin-l-AAgX_Zep8-unsplash-scaled-e1756552508231-1024x410.jpg 1024w, https:\/\/www.lawpoint.at\/wp-content\/uploads\/2025\/08\/ivan-yerokhin-l-AAgX_Zep8-unsplash-scaled-e1756552508231-768x307.jpg 768w, https:\/\/www.lawpoint.at\/wp-content\/uploads\/2025\/08\/ivan-yerokhin-l-AAgX_Zep8-unsplash-scaled-e1756552508231-1536x615.jpg 1536w, https:\/\/www.lawpoint.at\/wp-content\/uploads\/2025\/08\/ivan-yerokhin-l-AAgX_Zep8-unsplash-scaled-e1756552508231-18x7.jpg 18w, https:\/\/www.lawpoint.at\/wp-content\/uploads\/2025\/08\/ivan-yerokhin-l-AAgX_Zep8-unsplash-scaled-e1756552508231-853x341.jpg 853w\" sizes=\"(max-width: 1707px) 100vw, 1707px\" \/><\/div>\n\t\t<\/figure>\n\t<\/div>\n\n\t\t<\/div>\n\t<\/div>\n\t<\/div>\n\n\t<div class=\"vc_col-sm-8 wpb_column vc_column_container rt-column-container\">\n\t<div class=\"vc_column-inner rt-column-inner\">\n\t\t<div class=\"wpb_wrapper rt-wrapper\">\n\t\t\t<div class=\"vc_empty_space\"   style=\"height: 32px\"><span class=\"vc_empty_space_inner\"><\/span><\/div><div class=\"rt-heading-wrapper style-5 rt-9351046\">\n\t\t\t\t\t\t<h1 class=\"rt-heading style-5\" >Gesellschaftsrecht und M&amp;A<\/h1>\n\t\t\t\t\t<\/div>\n\t<div class=\"wpb_text_column wpb_content_element\" >\n\t\t<div class=\"wpb_wrapper\">\n\t\t\t<p>Im Bereich Gesellschaftsrecht und M&amp;A verstehen wir uns <strong>nicht nur als juristische Berater, sondern als strategische Partner an Ihrer Seite<\/strong>. Ob Sie ein Unternehmen gr\u00fcnden, es erfolgreich weiterentwickeln oder den entscheidenden Schritt zu einer Umstrukturierung oder \u00dcbernahme gehen m\u00f6chten \u2013 wir begleiten Sie mit Erfahrung, Klarheit und dem Blick f\u00fcr das gro\u00dfe Ganze. Unser Ziel ist es, Ihnen Sicherheit zu geben, damit Sie wichtige Entscheidungen mit Vertrauen treffen k\u00f6nnen. Mit unserer Expertise sorgen wir daf\u00fcr, dass Ihre Interessen gesch\u00fctzt werden und Ihr unternehmerischer Weg nicht nur rechtlich abgesichert, sondern auch langfristig erfolgreich ist.<\/p>\n\n\t\t<\/div>\n\t<\/div>\n\n\t\t<\/div>\n\t<\/div>\n\t<\/div>\n\n\t<div class=\"vc_col-sm-4 wpb_column vc_column_container rt-column-container\">\n\t<div class=\"vc_column-inner rt-column-inner\">\n\t\t<div class=\"wpb_wrapper rt-wrapper\">\n\t\t\t\n\t\t<\/div>\n\t<\/div>\n\t<\/div>\n<\/div>\n<\/div>\n\n<div  class=\"content_row row vc_row wpb_row  default-style default fixed_heights rt-flex-wrapper rt-7559668\">\n\t\n\t<div class=\"content_row_wrapper\"><div class=\"vc_col-sm-4 wpb_column vc_column_container rt-7061082 rt-column-container\">\n\t<div class=\"vc_column-inner rt-column-inner\">\n\t\t<div class=\"wpb_wrapper rt-wrapper\">\n\t\t\t<article class=\"image-content-box content-box  box-style-1  valign-top  left\" style=\"background-color:#F2F2F2;padding-top:10px;padding-bottom:20px;padding-left:10px;padding-right:10px;\"><div class=\"featured_image_holder\"><a href=\"https:\/\/www.lawpoint.at\/spezialgebiete\/gesellschaftsrecht-ma\/startups-joint-ventures\/\" title=\"Rechtsberatung f\u00fcr Start-ups &amp; Joint Venture\" target=\"\"><img decoding=\"async\" class=\"img-responsive left\" src=\"https:\/\/www.lawpoint.at\/wp-content\/uploads\/2025\/08\/startups.jpg\" width=\"2560\" height=\"1440\" alt=\"\" \/><\/a><\/div><div class=\"text-holder\">\n\t<h3 class=\"heading\" >\n\t\t<a href=\"https:\/\/www.lawpoint.at\/spezialgebiete\/gesellschaftsrecht-ma\/startups-joint-ventures\/\" title=\"Start-ups und Joint Venture\" target=\"\" >\n\t\t\tStart-ups und Joint Venture\n\t\t<\/a>\n\t<\/h3> <div class=\"same-height\">Wir begleiten Sie von der <strong>Gr\u00fcndung<\/strong> bis zum <strong>erfolgreichen Markteintritt<\/strong> \u2013 von der Wahl der passenden <strong>Gesellschaftsform<\/strong> bis zu <strong>Beteiligungsvertr\u00e4gen<\/strong>. Bei <strong>Joint Ventures<\/strong> unterst\u00fctzen wir Sie bei der rechtssicheren Gestaltung der Zusammenarbeit mehrerer Partner, damit Chancen optimal genutzt und Risiken minimiert werden.<\/div>\n<a class=\"read_more\" href=\"https:\/\/www.lawpoint.at\/spezialgebiete\/gesellschaftsrecht-ma\/startups-joint-ventures\/\" title=\"Rechtsberatung f\u00fcr Start-ups &amp; Joint Venture\" target=\"_self\" >Rechtsberatung f\u00fcr Start-ups &amp; Joint Venture<\/a><\/div><\/article>\n\t\t<\/div>\n\t<\/div>\n\t<\/div>\n\n\t<div class=\"vc_col-sm-4 wpb_column vc_column_container rt-column-container\">\n\t<div class=\"vc_column-inner rt-column-inner\">\n\t\t<div class=\"wpb_wrapper rt-wrapper\">\n\t\t\t<article class=\"image-content-box content-box  box-style-1  valign-top  left\" style=\"background-color:#F2F2F2;padding-top:10px;padding-bottom:20px;padding-left:10px;padding-right:10px;\"><div class=\"featured_image_holder\"><a href=\"https:\/\/www.lawpoint.at\/spezialgebiete\/corporate-governance-compliance\/\" title=\"Rechtsberatung f\u00fcr Corporate Governance\" target=\"\"><img decoding=\"async\" class=\"img-responsive left\" src=\"https:\/\/www.lawpoint.at\/wp-content\/uploads\/2025\/08\/compliance-scaled-e1756490408897.jpg\" width=\"2560\" height=\"1440\" alt=\"\" \/><\/a><\/div><div class=\"text-holder\">\n\t<h4 class=\"heading\" >\n\t\t<a href=\"https:\/\/www.lawpoint.at\/spezialgebiete\/corporate-governance-compliance\/\" title=\"Corporate Governance &amp; Compliance\" target=\"\" >\n\t\t\tCorporate Governance &amp; Compliance\n\t\t<\/a>\n\t<\/h4> <div class=\"same-height\">Wir beraten Sie zu einer rechtlich einwandfreien und transparenten <strong>Unternehmensf\u00fchrung<\/strong>, die den Anforderungen des \u00f6sterreichischen Gesellschaftsrechts entspricht. So helfen wir, <strong>Haftungsrisiken<\/strong> zu vermeiden und Vertrauen bei <strong>Gesch\u00e4ftspartnern<\/strong> and <strong>Investoren<\/strong> zu st\u00e4rken.<\/div>\n<a class=\"read_more\" href=\"https:\/\/www.lawpoint.at\/spezialgebiete\/corporate-governance-compliance\/\" title=\"Rechtsberatung f\u00fcr Corporate Governance\" target=\"_self\" >Rechtsberatung f\u00fcr Corporate Governance<\/a><\/div><\/article>\n\t\t<\/div>\n\t<\/div>\n\t<\/div>\n\n\t<div class=\"vc_col-sm-4 wpb_column vc_column_container rt-column-container\">\n\t<div class=\"vc_column-inner rt-column-inner\">\n\t\t<div class=\"wpb_wrapper rt-wrapper\">\n\t\t\t<article class=\"image-content-box content-box  box-style-1  valign-top  left\" style=\"background-color:#F2F2F2;padding-top:10px;padding-bottom:20px;padding-left:10px;padding-right:10px;\"><div class=\"featured_image_holder\"><a href=\"https:\/\/www.lawpoint.at\/spezialgebiete\/gesellschafterstreit\/\" title=\"Rechtsberatung f\u00fcr Gesellschafterstreit\" target=\"\"><img loading=\"lazy\" decoding=\"async\" class=\"img-responsive left\" src=\"https:\/\/www.lawpoint.at\/wp-content\/uploads\/2025\/08\/michael-fousert-RNsKphkdBTk-unsplash-scaled.jpg\" width=\"2560\" height=\"1440\" alt=\"\" \/><\/a><\/div><div class=\"text-holder\">\n\t<h3 class=\"heading\" >\n\t\t<a href=\"https:\/\/www.lawpoint.at\/spezialgebiete\/gesellschafterstreit\/\" title=\"Gesellschafterstreit\" target=\"\" >\n\t\t\tGesellschafterstreit\n\t\t<\/a>\n\t<\/h3> <div class=\"same-height\">Konflikte zwischen Gesellschaftern k\u00f6nnen den Fortbestand eines Unternehmens gef\u00e4hrden. Wir entwickeln f\u00fcr Sie Strategien zur <strong>au\u00dfergerichtlichen Einigung<\/strong> oder vertreten Ihre Interessen konsequent vor <strong>Gericht<\/strong>.<\/div>\n<a class=\"read_more\" href=\"https:\/\/www.lawpoint.at\/spezialgebiete\/gesellschafterstreit\/\" title=\"Rechtsberatung f\u00fcr Gesellschafterstreit\" target=\"_self\" >Rechtsberatung f\u00fcr Gesellschafterstreit<\/a><\/div><\/article>\n\t\t<\/div>\n\t<\/div>\n\t<\/div>\n<\/div>\n<\/div>\n\n<div  class=\"content_row row vc_row wpb_row  default-style fullwidth\">\n\t\n\t<div class=\"content_row_wrapper  default\"><div class=\"vc_col-sm-4 wpb_column vc_column_container rt-column-container\">\n\t<div class=\"vc_column-inner rt-column-inner\">\n\t\t<div class=\"wpb_wrapper rt-wrapper\">\n\t\t\t<article class=\"image-content-box content-box  box-style-1  valign-top  left\" style=\"background-color:#F2F2F2;padding-top:10px;padding-bottom:20px;padding-left:10px;padding-right:10px;\"><div class=\"featured_image_holder\"><a href=\"https:\/\/www.lawpoint.at\/spezialgebiete\/umgruendungen\/\" title=\"Rechtsberatung f\u00fcr Umgr\u00fcndungen\" target=\"\"><img loading=\"lazy\" decoding=\"async\" class=\"img-responsive left\" src=\"https:\/\/www.lawpoint.at\/wp-content\/uploads\/2025\/08\/pickawood-ZRVSxFkbUss-unsplash-scaled-e1756490936499.jpg\" width=\"2560\" height=\"1440\" alt=\"\" \/><\/a><\/div><div class=\"text-holder\">\n\t<h3 class=\"heading\" >\n\t\t<a href=\"https:\/\/www.lawpoint.at\/spezialgebiete\/umgruendungen\/\" title=\"Umgr\u00fcndungen\" target=\"\" >\n\t\t\tUmgr\u00fcndungen\n\t\t<\/a>\n\t<\/h3> <div class=\"same-height\">Ob <strong>Verschmelzung<\/strong>, <strong>Spaltung<\/strong> oder <strong>Einbringung<\/strong> \u2013 wir begleiten Sie durch den gesamten <strong>Umgr\u00fcndungsprozess<\/strong> nach dem <strong>Umgr\u00fcndungssteuergesetz<\/strong>. Unser Ziel: eine reibungslose Umsetzung unter optimaler Ber\u00fccksichtigung von steuerlichen und rechtlichen Aspekten.<\/div>\n<a class=\"read_more\" href=\"https:\/\/www.lawpoint.at\/spezialgebiete\/umgruendungen\/\" title=\"Rechtsberatung f\u00fcr Umgr\u00fcndungen\" target=\"_self\" >Rechtsberatung f\u00fcr Umgr\u00fcndungen<\/a><\/div><\/article>\n\t\t<\/div>\n\t<\/div>\n\t<\/div>\n\n\t<div class=\"vc_col-sm-4 wpb_column vc_column_container rt-column-container\">\n\t<div class=\"vc_column-inner rt-column-inner\">\n\t\t<div class=\"wpb_wrapper rt-wrapper\">\n\t\t\t<article class=\"image-content-box content-box  box-style-1  valign-top  left\" style=\"background-color:#F2F2F2;padding-top:10px;padding-bottom:20px;padding-left:10px;padding-right:10px;\"><div class=\"featured_image_holder\"><a href=\"https:\/\/www.lawpoint.at\/spezialgebiete\/corporate-housekeeping\/\" title=\"Rechtsberatung f\u00fcr Corporate Housekeeping\" target=\"\"><img loading=\"lazy\" decoding=\"async\" class=\"img-responsive left\" src=\"https:\/\/www.lawpoint.at\/wp-content\/uploads\/2025\/08\/mario-gogh-VBLHICVh-lI-unsplash-scaled-1.jpg\" width=\"2560\" height=\"1440\" alt=\"\" \/><\/a><\/div><div class=\"text-holder\">\n\t<h3 class=\"heading\" >\n\t\t<a href=\"https:\/\/www.lawpoint.at\/spezialgebiete\/corporate-housekeeping\/\" title=\"Corporate Housekeeping\" target=\"\" >\n\t\t\tCorporate Housekeeping\n\t\t<\/a>\n\t<\/h3> <div class=\"same-height\">Wir \u00fcbernehmen die laufende rechtliche Betreuung Ihrer Gesellschaft \u2013 von der Vorbereitung von <strong>Generalversammlungen<\/strong> bis zur \u00c4nderung des <strong>Firmenbuchs<\/strong>. Damit stellen wir sicher, dass Ihr Unternehmen stets alle gesetzlichen Pflichten erf\u00fcllt.<\/div>\n<a class=\"read_more\" href=\"https:\/\/www.lawpoint.at\/spezialgebiete\/corporate-housekeeping\/\" title=\"Rechtsberatung f\u00fcr Corporate Housekeeping\" target=\"_self\" >Rechtsberatung f\u00fcr Corporate Housekeeping<\/a><\/div><\/article>\n\t\t<\/div>\n\t<\/div>\n\t<\/div>\n\n\t<div class=\"vc_col-sm-4 wpb_column vc_column_container rt-column-container\">\n\t<div class=\"vc_column-inner rt-column-inner\">\n\t\t<div class=\"wpb_wrapper rt-wrapper\">\n\t\t\t<article class=\"image-content-box content-box  box-style-1  valign-top  left\" style=\"background-color:#F2F2F2;padding-top:10px;padding-bottom:20px;padding-left:10px;padding-right:10px;\"><div class=\"featured_image_holder\"><a href=\"https:\/\/www.lawpoint.at\/spezialgebiete\/mergers-acquisitions\/\" title=\"Rechtsberatung f\u00fcr Mergers &amp; Acquisitions\" target=\"\"><img loading=\"lazy\" decoding=\"async\" class=\"img-responsive left\" src=\"https:\/\/www.lawpoint.at\/wp-content\/uploads\/2025\/08\/photo-1691807714620-2c540def3257-1.jpg\" width=\"2194\" height=\"1234\" alt=\"\" \/><\/a><\/div><div class=\"text-holder\">\n\t<h3 class=\"heading\" >\n\t\t<a href=\"https:\/\/www.lawpoint.at\/spezialgebiete\/mergers-acquisitions\/\" title=\"Mergers &amp; Acquisitions\" target=\"\" >\n\t\t\tMergers &amp; Acquisitions\n\t\t<\/a>\n\t<\/h3> <div class=\"same-height\">Beim <strong>Kauf<\/strong> oder <strong>Verkauf<\/strong> von Unternehmen oder <strong>Beteiligungen<\/strong> sorgen wir f\u00fcr klare Vertr\u00e4ge und eine rechtssichere Abwicklung. Wir begleiten Sie von der <strong>Due Diligence<\/strong> bis zum <strong>Closing<\/strong> und sch\u00fctzen Ihre wirtschaftlichen Interessen.<\/div>\n<a class=\"read_more\" href=\"https:\/\/www.lawpoint.at\/spezialgebiete\/mergers-acquisitions\/\" title=\"Rechtsberatung f\u00fcr Mergers &amp; Acquisitions\" target=\"_self\" >Rechtsberatung f\u00fcr Mergers &amp; Acquisitions<\/a><\/div><\/article>\n\t\t<\/div>\n\t<\/div>\n\t<\/div>\n<\/div>\n<\/div>\n\n<div  class=\"content_row row vc_row wpb_row  default-style fullwidth\">\n\t\n\t<div class=\"content_row_wrapper  default\"><div class=\"vc_col-sm-4 wpb_column vc_column_container rt-column-container\">\n\t<div class=\"vc_column-inner rt-column-inner\">\n\t\t<div class=\"wpb_wrapper rt-wrapper\">\n\t\t\t<article class=\"image-content-box content-box  box-style-1  valign-top  left\" style=\"background-color:#F2F2F2;padding-top:10px;padding-bottom:20px;padding-left:10px;padding-right:10px;\"><div class=\"featured_image_holder\"><a href=\"https:\/\/www.lawpoint.at\/spezialgebiete\/venture-capital\/\" title=\"Rechtsberatung f\u00fcr Venture Capital\" target=\"\"><img loading=\"lazy\" decoding=\"async\" class=\"img-responsive left\" src=\"https:\/\/www.lawpoint.at\/wp-content\/uploads\/2025\/08\/towfiqu-barbhuiya-joqWSI9u_XM-unsplash-scaled-1.jpg\" width=\"2560\" height=\"1440\" alt=\"\" \/><\/a><\/div><div class=\"text-holder\">\n\t<h3 class=\"heading\" >\n\t\t<a href=\"https:\/\/www.lawpoint.at\/spezialgebiete\/venture-capital\/\" title=\"Venture Capital\" target=\"\" >\n\t\t\tVenture Capital\n\t\t<\/a>\n\t<\/h3> <div class=\"same-height\">Wir unterst\u00fctzen <strong>Gr\u00fcnder<\/strong> and <strong>Investoren<\/strong> bei der Gestaltung von <strong>Beteiligungsvertr\u00e4gen<\/strong> and <strong>Finanzierungsrunden<\/strong>. Unser Fokus liegt auf einer fairen und transparenten <strong>Vertragsgestaltung<\/strong>, die langfristigen Erfolg erm\u00f6glicht.<\/div>\n<a class=\"read_more\" href=\"https:\/\/www.lawpoint.at\/spezialgebiete\/venture-capital\/\" title=\"Rechtsberatung f\u00fcr Venture Capital\" target=\"_self\" >Rechtsberatung f\u00fcr Venture Capital<\/a><\/div><\/article>\n\t\t<\/div>\n\t<\/div>\n\t<\/div>\n\n\t<div class=\"vc_col-sm-4 wpb_column vc_column_container rt-column-container\">\n\t<div class=\"vc_column-inner rt-column-inner\">\n\t\t<div class=\"wpb_wrapper rt-wrapper\">\n\t\t\t\n\t\t<\/div>\n\t<\/div>\n\t<\/div>\n\n\t<div class=\"vc_col-sm-4 wpb_column vc_column_container rt-column-container\">\n\t<div class=\"vc_column-inner rt-column-inner\">\n\t\t<div class=\"wpb_wrapper rt-wrapper\">\n\t\t\t\n\t\t<\/div>\n\t<\/div>\n\t<\/div>\n<\/div>\n<\/div>\n\n<div  class=\"content_row row vc_row wpb_row  default-style fullwidth\">\n\t\n\t<div class=\"content_row_wrapper  default\"><div class=\"vc_col-sm-8 wpb_column vc_column_container rt-column-container\">\n\t<div class=\"vc_column-inner rt-column-inner\">\n\t\t<div class=\"wpb_wrapper rt-wrapper\">\n\t\t\t<div class=\"vc_empty_space\"   style=\"height: 20px\"><span class=\"vc_empty_space_inner\"><\/span><\/div><section class=\"vc_cta3-container\"><div class=\"vc_general vc_do_cta3 vc_cta3 vc_cta3-style-custom vc_cta3-shape-square vc_cta3-align-center vc_cta3-icon-size-md vc_cta3-actions-right\" style=\"background-color:#F2F2F2;\"><div class=\"vc_cta3_content-container\"><div class=\"vc_cta3-content\"><header class=\"vc_cta3-content-header\"><h2 style=\"color:#1E73BE;\">Anwalt f\u00fcr Gesellschaftsrecht und M&amp;A<\/h2><\/header><p style=\"text-align: center;\"><span data-sheets-root=\"1\">Sie sind auf der Suche nach einem Anwalt im Bereich Gesellschaftsrecht und M&amp;A<\/span><span data-sheets-root=\"1\">? Wir sind gerne f\u00fcr Sie da!<\/span><\/p>\n<\/div><div class=\"vc_cta3-actions\"><div class=\"vc_btn3-container vc_btn3-inline vc_do_btn\" ><a class=\"vc_general vc_btn3 vc_btn3-size-md vc_btn3-shape-rounded vc_btn3-style-classic vc_btn3-color-grey\" href=\"https:\/\/www.lawpoint.at\/kontakt\/\" title=\"Contact us\">Contact us<\/a><\/div><\/div><\/div><\/div><\/section>\n\t\t<\/div>\n\t<\/div>\n\t<\/div>\n\n\t<div class=\"vc_col-sm-4 wpb_column vc_column_container rt-column-container\">\n\t<div class=\"vc_column-inner rt-column-inner\">\n\t\t<div class=\"wpb_wrapper rt-wrapper\">\n\t\t\t\n\t\t<\/div>\n\t<\/div>\n\t<\/div>\n<\/div>\n<\/div>","protected":false},"excerpt":{"rendered":"Gesellschaftsrecht und M&amp;A Im Bereich Gesellschaftsrecht und M&amp;A verstehen wir uns nicht nur als juristische Berater, sondern als strategische Partner an Ihrer Seite. Ob Sie ein Unternehmen gr\u00fcnden, es erfolgreich weiterentwickeln oder den entscheidenden Schritt zu einer Umstrukturierung oder \u00dcbernahme gehen m\u00f6chten \u2013 wir begleiten Sie mit Erfahrung, Klarheit und dem Blick f\u00fcr das gro\u00dfe [...]","protected":false},"author":1,"featured_media":0,"parent":200,"menu_order":0,"comment_status":"closed","ping_status":"closed","template":"","meta":{"footnotes":""},"class_list":["post-1724","page","type-page","status-publish","hentry"],"yoast_head":"<!-- This site is optimized with the Yoast SEO plugin v27.4 - https:\/\/yoast.com\/product\/yoast-seo-wordpress\/ -->\n<title>Gesellschaftsrecht und M&amp;A - lawpoint<\/title>\n<meta name=\"robots\" content=\"index, follow, max-snippet:-1, max-image-preview:large, max-video-preview:-1\" \/>\n<link rel=\"canonical\" href=\"https:\/\/www.lawpoint.at\/en\/spezialgebiete\/gesellschaftsrecht-ma\/\" \/>\n<meta property=\"og:locale\" content=\"en_US\" \/>\n<meta property=\"og:type\" content=\"article\" \/>\n<meta property=\"og:title\" content=\"Gesellschaftsrecht und M&amp;A - lawpoint\" \/>\n<meta property=\"og:url\" content=\"https:\/\/www.lawpoint.at\/en\/spezialgebiete\/gesellschaftsrecht-ma\/\" \/>\n<meta property=\"og:site_name\" content=\"lawpoint\" \/>\n<meta property=\"article:modified_time\" content=\"2025-09-19T08:22:24+00:00\" \/>\n<meta name=\"twitter:card\" content=\"summary_large_image\" \/>\n<meta name=\"twitter:label1\" content=\"Est. reading time\" \/>\n\t<meta name=\"twitter:data1\" content=\"5 minutes\" \/>\n<script type=\"application\/ld+json\" class=\"yoast-schema-graph\">{\"@context\":\"https:\\\/\\\/schema.org\",\"@graph\":[{\"@type\":\"WebPage\",\"@id\":\"https:\\\/\\\/www.lawpoint.at\\\/spezialgebiete\\\/gesellschaftsrecht-ma\\\/\",\"url\":\"https:\\\/\\\/www.lawpoint.at\\\/spezialgebiete\\\/gesellschaftsrecht-ma\\\/\",\"name\":\"Gesellschaftsrecht und M&A - lawpoint\",\"isPartOf\":{\"@id\":\"https:\\\/\\\/www.lawpoint.at\\\/#website\"},\"datePublished\":\"2025-08-30T09:32:17+00:00\",\"dateModified\":\"2025-09-19T08:22:24+00:00\",\"breadcrumb\":{\"@id\":\"https:\\\/\\\/www.lawpoint.at\\\/spezialgebiete\\\/gesellschaftsrecht-ma\\\/#breadcrumb\"},\"inLanguage\":\"en-US\",\"potentialAction\":[{\"@type\":\"ReadAction\",\"target\":[\"https:\\\/\\\/www.lawpoint.at\\\/spezialgebiete\\\/gesellschaftsrecht-ma\\\/\"]}]},{\"@type\":\"BreadcrumbList\",\"@id\":\"https:\\\/\\\/www.lawpoint.at\\\/spezialgebiete\\\/gesellschaftsrecht-ma\\\/#breadcrumb\",\"itemListElement\":[{\"@type\":\"ListItem\",\"position\":1,\"name\":\"Startseite\",\"item\":\"https:\\\/\\\/www.lawpoint.at\\\/\"},{\"@type\":\"ListItem\",\"position\":2,\"name\":\"Spezialgebiete\",\"item\":\"https:\\\/\\\/www.lawpoint.at\\\/spezialgebiete\\\/\"},{\"@type\":\"ListItem\",\"position\":3,\"name\":\"Gesellschaftsrecht und M&#038;A\"}]},{\"@type\":\"WebSite\",\"@id\":\"https:\\\/\\\/www.lawpoint.at\\\/#website\",\"url\":\"https:\\\/\\\/www.lawpoint.at\\\/\",\"name\":\"lawpoint\",\"description\":\"We get to the point.\",\"publisher\":{\"@id\":\"https:\\\/\\\/www.lawpoint.at\\\/#organization\"},\"potentialAction\":[{\"@type\":\"SearchAction\",\"target\":{\"@type\":\"EntryPoint\",\"urlTemplate\":\"https:\\\/\\\/www.lawpoint.at\\\/?s={search_term_string}\"},\"query-input\":{\"@type\":\"PropertyValueSpecification\",\"valueRequired\":true,\"valueName\":\"search_term_string\"}}],\"inLanguage\":\"en-US\"},{\"@type\":\"Organization\",\"@id\":\"https:\\\/\\\/www.lawpoint.at\\\/#organization\",\"name\":\"lawpoint\",\"url\":\"https:\\\/\\\/www.lawpoint.at\\\/\",\"logo\":{\"@type\":\"ImageObject\",\"inLanguage\":\"en-US\",\"@id\":\"https:\\\/\\\/www.lawpoint.at\\\/#\\\/schema\\\/logo\\\/image\\\/\",\"url\":\"https:\\\/\\\/www.lawpoint.at\\\/wp-content\\\/uploads\\\/2021\\\/05\\\/logo_lawpoint_cmyk_zusatz_rechts_mehr-Arbeitsflaeche.png\",\"contentUrl\":\"https:\\\/\\\/www.lawpoint.at\\\/wp-content\\\/uploads\\\/2021\\\/05\\\/logo_lawpoint_cmyk_zusatz_rechts_mehr-Arbeitsflaeche.png\",\"width\":888,\"height\":448,\"caption\":\"lawpoint\"},\"image\":{\"@id\":\"https:\\\/\\\/www.lawpoint.at\\\/#\\\/schema\\\/logo\\\/image\\\/\"}}]}<\/script>\n<!-- \/ Yoast SEO plugin. -->","yoast_head_json":{"title":"Gesellschaftsrecht und M&A - lawpoint","robots":{"index":"index","follow":"follow","max-snippet":"max-snippet:-1","max-image-preview":"max-image-preview:large","max-video-preview":"max-video-preview:-1"},"canonical":"https:\/\/www.lawpoint.at\/en\/spezialgebiete\/gesellschaftsrecht-ma\/","og_locale":"en_US","og_type":"article","og_title":"Gesellschaftsrecht und M&A - lawpoint","og_url":"https:\/\/www.lawpoint.at\/en\/spezialgebiete\/gesellschaftsrecht-ma\/","og_site_name":"lawpoint","article_modified_time":"2025-09-19T08:22:24+00:00","twitter_card":"summary_large_image","twitter_misc":{"Est. reading time":"5 minutes"},"schema":{"@context":"https:\/\/schema.org","@graph":[{"@type":"WebPage","@id":"https:\/\/www.lawpoint.at\/spezialgebiete\/gesellschaftsrecht-ma\/","url":"https:\/\/www.lawpoint.at\/spezialgebiete\/gesellschaftsrecht-ma\/","name":"Gesellschaftsrecht und M&A - lawpoint","isPartOf":{"@id":"https:\/\/www.lawpoint.at\/#website"},"datePublished":"2025-08-30T09:32:17+00:00","dateModified":"2025-09-19T08:22:24+00:00","breadcrumb":{"@id":"https:\/\/www.lawpoint.at\/spezialgebiete\/gesellschaftsrecht-ma\/#breadcrumb"},"inLanguage":"en-US","potentialAction":[{"@type":"ReadAction","target":["https:\/\/www.lawpoint.at\/spezialgebiete\/gesellschaftsrecht-ma\/"]}]},{"@type":"BreadcrumbList","@id":"https:\/\/www.lawpoint.at\/spezialgebiete\/gesellschaftsrecht-ma\/#breadcrumb","itemListElement":[{"@type":"ListItem","position":1,"name":"Startseite","item":"https:\/\/www.lawpoint.at\/"},{"@type":"ListItem","position":2,"name":"Spezialgebiete","item":"https:\/\/www.lawpoint.at\/spezialgebiete\/"},{"@type":"ListItem","position":3,"name":"Gesellschaftsrecht und M&#038;A"}]},{"@type":"WebSite","@id":"https:\/\/www.lawpoint.at\/#website","url":"https:\/\/www.lawpoint.at\/","name":"lawpoint","description":"We get to the point.","publisher":{"@id":"https:\/\/www.lawpoint.at\/#organization"},"potentialAction":[{"@type":"SearchAction","target":{"@type":"EntryPoint","urlTemplate":"https:\/\/www.lawpoint.at\/?s={search_term_string}"},"query-input":{"@type":"PropertyValueSpecification","valueRequired":true,"valueName":"search_term_string"}}],"inLanguage":"en-US"},{"@type":"Organization","@id":"https:\/\/www.lawpoint.at\/#organization","name":"lawpoint","url":"https:\/\/www.lawpoint.at\/","logo":{"@type":"ImageObject","inLanguage":"en-US","@id":"https:\/\/www.lawpoint.at\/#\/schema\/logo\/image\/","url":"https:\/\/www.lawpoint.at\/wp-content\/uploads\/2021\/05\/logo_lawpoint_cmyk_zusatz_rechts_mehr-Arbeitsflaeche.png","contentUrl":"https:\/\/www.lawpoint.at\/wp-content\/uploads\/2021\/05\/logo_lawpoint_cmyk_zusatz_rechts_mehr-Arbeitsflaeche.png","width":888,"height":448,"caption":"lawpoint"},"image":{"@id":"https:\/\/www.lawpoint.at\/#\/schema\/logo\/image\/"}}]}},"_links":{"self":[{"href":"https:\/\/www.lawpoint.at\/en\/wp-json\/wp\/v2\/pages\/1724","targetHints":{"allow":["GET"]}}],"collection":[{"href":"https:\/\/www.lawpoint.at\/en\/wp-json\/wp\/v2\/pages"}],"about":[{"href":"https:\/\/www.lawpoint.at\/en\/wp-json\/wp\/v2\/types\/page"}],"author":[{"embeddable":true,"href":"https:\/\/www.lawpoint.at\/en\/wp-json\/wp\/v2\/users\/1"}],"replies":[{"embeddable":true,"href":"https:\/\/www.lawpoint.at\/en\/wp-json\/wp\/v2\/comments?post=1724"}],"version-history":[{"count":45,"href":"https:\/\/www.lawpoint.at\/en\/wp-json\/wp\/v2\/pages\/1724\/revisions"}],"predecessor-version":[{"id":1896,"href":"https:\/\/www.lawpoint.at\/en\/wp-json\/wp\/v2\/pages\/1724\/revisions\/1896"}],"up":[{"embeddable":true,"href":"https:\/\/www.lawpoint.at\/en\/wp-json\/wp\/v2\/pages\/200"}],"wp:attachment":[{"href":"https:\/\/www.lawpoint.at\/en\/wp-json\/wp\/v2\/media?parent=1724"}],"curies":[{"name":"wp","href":"https:\/\/api.w.org\/{rel}","templated":true}]}}