{"id":1744,"date":"2025-08-30T11:36:28","date_gmt":"2025-08-30T09:36:28","guid":{"rendered":"https:\/\/www.lawpoint.at\/?page_id=1744"},"modified":"2025-08-30T12:36:18","modified_gmt":"2025-08-30T10:36:18","slug":"corporate-governance-compliance","status":"publish","type":"page","link":"https:\/\/www.lawpoint.at\/en\/spezialgebiete\/gesellschaftsrecht-ma\/corporate-governance-compliance\/","title":{"rendered":"Corporate Governance &#038; Compliance"},"content":{"rendered":"<div class=\"content_row row vc_row wpb_row  default-style fullwidth\">\n\t\n\t<div class=\"content_row_wrapper  default\">\n\t<div class=\"vc_col-sm-12 wpb_column vc_column_container rt-column-container\">\n\t<div class=\"vc_column-inner rt-column-inner\">\n\t\t<div class=\"wpb_wrapper rt-wrapper\">\n\t\t\t\n\t<div  class=\"wpb_single_image wpb_content_element vc_align_center wpb_content_element\">\n\t\t\n\t\t<figure class=\"wpb_wrapper vc_figure\">\n\t\t\t<div class=\"vc_single_image-wrapper   vc_box_border_grey\"><img fetchpriority=\"high\" decoding=\"async\" width=\"2560\" height=\"1024\" src=\"https:\/\/www.lawpoint.at\/wp-content\/uploads\/2025\/08\/compliance-scaled-e1756500471557.jpg\" class=\"vc_single_image-img attachment-full\" alt=\"\" title=\"compliance\" srcset=\"https:\/\/www.lawpoint.at\/wp-content\/uploads\/2025\/08\/compliance-scaled-e1756500471557.jpg 2560w, https:\/\/www.lawpoint.at\/wp-content\/uploads\/2025\/08\/compliance-scaled-e1756500471557-300x120.jpg 300w, https:\/\/www.lawpoint.at\/wp-content\/uploads\/2025\/08\/compliance-scaled-e1756500471557-768x307.jpg 768w, https:\/\/www.lawpoint.at\/wp-content\/uploads\/2025\/08\/compliance-scaled-e1756500471557-1024x410.jpg 1024w, https:\/\/www.lawpoint.at\/wp-content\/uploads\/2025\/08\/compliance-scaled-e1756500471557-1536x614.jpg 1536w, https:\/\/www.lawpoint.at\/wp-content\/uploads\/2025\/08\/compliance-scaled-e1756500471557-2048x819.jpg 2048w, https:\/\/www.lawpoint.at\/wp-content\/uploads\/2025\/08\/compliance-scaled-e1756500471557-18x7.jpg 18w, https:\/\/www.lawpoint.at\/wp-content\/uploads\/2025\/08\/compliance-scaled-e1756500471557-1280x512.jpg 1280w\" sizes=\"(max-width: 2560px) 100vw, 2560px\" \/><\/div>\n\t\t<\/figure>\n\t<\/div>\n\n\t\t<\/div>\n\t<\/div>\n\t<\/div>\n\n<\/div>\n<\/div>\n\n<div  class=\"content_row row vc_row wpb_row  default-style fullwidth\">\n\t\n\t<div class=\"content_row_wrapper  default\"><div class=\"vc_col-sm-8 wpb_column vc_column_container rt-column-container\">\n\t<div class=\"vc_column-inner rt-column-inner\">\n\t\t<div class=\"wpb_wrapper rt-wrapper\">\n\t\t\t<div class=\"rt-heading-wrapper style-5 rt-2517771\">\n\t\t\t\t\t\t<h1 class=\"rt-heading style-5\" >Anwalt f\u00fcr Corporate Governance &amp; Compliance<\/h1>\n\t\t\t\t\t<\/div>\n\t<div class=\"wpb_text_column wpb_content_element\" >\n\t\t<div class=\"wpb_wrapper\">\n\t\t\t<p>Eine klare und gesetzeskonforme Unternehmensf\u00fchrung ist der Schl\u00fcssel zu Stabilit\u00e4t und Vertrauen. Wir beraten Gesch\u00e4ftsf\u00fchrer, Vorst\u00e4nde und Aufsichtsr\u00e4te zu allen Fragen der <strong>Corporate Governance<\/strong> und helfen, <strong>Compliance-Systeme<\/strong> aufzubauen, die gesetzliche Pflichten zuverl\u00e4ssig erf\u00fcllen.<\/p>\n\n\t\t<\/div>\n\t<\/div>\n\n\t\t<\/div>\n\t<\/div>\n\t<\/div>\n\n\t<div class=\"vc_col-sm-4 wpb_column vc_column_container rt-column-container\">\n\t<div class=\"vc_column-inner rt-column-inner\">\n\t\t<div class=\"wpb_wrapper rt-wrapper\">\n\t\t\t\n\t\t<\/div>\n\t<\/div>\n\t<\/div>\n<\/div>\n<\/div>\n\n<div  class=\"content_row row vc_row wpb_row  default-style fullwidth\">\n\t\n\t<div class=\"content_row_wrapper  default\"><div class=\"vc_col-sm-8 wpb_column vc_column_container rt-column-container\">\n\t<div class=\"vc_column-inner rt-column-inner\">\n\t\t<div class=\"wpb_wrapper rt-wrapper\">\n\t\t\t<div class=\"rt-heading-wrapper rt-4078690\">\n\t\t\t\t\t\t<h2 class=\"rt-heading\" >Haftungsvermeidung f\u00fcr Organe<\/h2>\n\t\t\t\t\t<\/div>\n\t<div class=\"wpb_text_column wpb_content_element\" >\n\t\t<div class=\"wpb_wrapper\">\n\t\t\t<p>Die <strong>Haftungsrisiken<\/strong> f\u00fcr Gesch\u00e4ftsf\u00fchrer und Vorst\u00e4nde in \u00d6sterreich sind erheblich. Wir erkl\u00e4ren, welche Pflichten sich aus dem GmbH-Gesetz, dem Aktiengesetz und dem Unternehmensgesetzbuch ergeben \u2013 und wie Sie diese rechtssicher erf\u00fcllen, um pers\u00f6nliche Haftung zu vermeiden.<\/p>\n\n\t\t<\/div>\n\t<\/div>\n\n\t\t<\/div>\n\t<\/div>\n\t<\/div>\n\n\t<div class=\"vc_col-sm-4 wpb_column vc_column_container rt-column-container\">\n\t<div class=\"vc_column-inner rt-column-inner\">\n\t\t<div class=\"wpb_wrapper rt-wrapper\">\n\t\t\t\n\t\t<\/div>\n\t<\/div>\n\t<\/div>\n<\/div>\n<\/div>\n\n<div  class=\"content_row row vc_row wpb_row  default-style fullwidth\">\n\t\n\t<div class=\"content_row_wrapper  default\"><div class=\"vc_col-sm-8 wpb_column vc_column_container rt-column-container\">\n\t<div class=\"vc_column-inner rt-column-inner\">\n\t\t<div class=\"wpb_wrapper rt-wrapper\">\n\t\t\t<div class=\"rt-heading-wrapper rt-4105059\">\n\t\t\t\t\t\t<h2 class=\"rt-heading\" >Effektive Compliance-Strukturen \u2013 Geldw\u00e4scherichtlinien<\/h2>\n\t\t\t\t\t<\/div>\n\t<div class=\"wpb_text_column wpb_content_element\" >\n\t\t<div class=\"wpb_wrapper\">\n\t\t\t<p>Ein funktionierendes Compliance-System beugt nicht nur Rechtsverst\u00f6\u00dfen vor, sondern sch\u00fctzt auch den Ruf des Unternehmens. Gemeinsam mit Ihnen entwickeln wir Richtlinien und interne Prozesse, die Themen wie <strong>Datenschutz, Geldw\u00e4schepr\u00e4vention<\/strong> and <strong>interne Kontrollsysteme<\/strong> abdecken.<\/p>\n\n\t\t<\/div>\n\t<\/div>\n\n\t\t<\/div>\n\t<\/div>\n\t<\/div>\n\n\t<div class=\"vc_col-sm-4 wpb_column vc_column_container rt-column-container\">\n\t<div class=\"vc_column-inner rt-column-inner\">\n\t\t<div class=\"wpb_wrapper rt-wrapper\">\n\t\t\t\n\t\t<\/div>\n\t<\/div>\n\t<\/div>\n<\/div>\n<\/div>\n\n<div  class=\"content_row row vc_row wpb_row  default-style fullwidth\">\n\t\n\t<div class=\"content_row_wrapper  default\"><div class=\"vc_col-sm-8 wpb_column vc_column_container vc_custom_1756502627005 rt-3464267 border-top border-bottom border-left border-right text-center rt-column-container\">\n\t<div class=\"vc_column-inner rt-column-inner\">\n\t\t<div class=\"wpb_wrapper rt-wrapper\">\n\t\t\t\n\t<div  class=\"wpb_single_image wpb_content_element vc_align_center wpb_content_element\">\n\t\t\n\t\t<figure class=\"wpb_wrapper vc_figure\">\n\t\t\t<div class=\"vc_single_image-wrapper   vc_box_border_grey\"><img decoding=\"async\" width=\"150\" height=\"150\" src=\"https:\/\/www.lawpoint.at\/wp-content\/uploads\/2021\/06\/LAWPOINT_\u00a9Lea_Sonderegger-7589-scaled-e1744787818754-150x150.jpg\" class=\"vc_single_image-img attachment-thumbnail\" alt=\"Mag. Gottfried Schellmann\" title=\"LAWPOINT_\u00a9Lea_Sonderegger-7589\" srcset=\"https:\/\/www.lawpoint.at\/wp-content\/uploads\/2021\/06\/LAWPOINT_\u00a9Lea_Sonderegger-7589-scaled-e1744787818754-150x150.jpg 150w, https:\/\/www.lawpoint.at\/wp-content\/uploads\/2021\/06\/LAWPOINT_\u00a9Lea_Sonderegger-7589-scaled-e1744787818754-298x300.jpg 298w, https:\/\/www.lawpoint.at\/wp-content\/uploads\/2021\/06\/LAWPOINT_\u00a9Lea_Sonderegger-7589-scaled-e1744787818754-1018x1024.jpg 1018w, https:\/\/www.lawpoint.at\/wp-content\/uploads\/2021\/06\/LAWPOINT_\u00a9Lea_Sonderegger-7589-scaled-e1744787818754-768x773.jpg 768w, https:\/\/www.lawpoint.at\/wp-content\/uploads\/2021\/06\/LAWPOINT_\u00a9Lea_Sonderegger-7589-scaled-e1744787818754-1527x1536.jpg 1527w, https:\/\/www.lawpoint.at\/wp-content\/uploads\/2021\/06\/LAWPOINT_\u00a9Lea_Sonderegger-7589-scaled-e1744787818754-12x12.jpg 12w, https:\/\/www.lawpoint.at\/wp-content\/uploads\/2021\/06\/LAWPOINT_\u00a9Lea_Sonderegger-7589-scaled-e1744787818754-914x920.jpg 914w, https:\/\/www.lawpoint.at\/wp-content\/uploads\/2021\/06\/LAWPOINT_\u00a9Lea_Sonderegger-7589-scaled-e1744787818754.jpg 1829w\" sizes=\"(max-width: 150px) 100vw, 150px\" \/><\/div><figcaption class=\"vc_figure-caption\">Mag. Gottfried Schellmann<\/figcaption>\n\t\t<\/figure>\n\t<\/div>\n<div class=\"rt-heading-wrapper text-center rt-3632141\">\n\t\t\t\t\t\t<h2 class=\"rt-heading\" >Ihr Anwalt f\u00fcr Corporate Governance &amp; Compliance<\/h2>\n\t\t\t\t\t<\/div>\n\t<div class=\"wpb_text_column wpb_content_element\" >\n\t\t<div class=\"wpb_wrapper\">\n\t\t\t<p style=\"text-align: center;\"><span data-sheets-root=\"1\">Sie suchen einen Anwalt f\u00fcr Corporate Governance &amp; Compliance? Wir sind gerne f\u00fcr Sie da.<\/span><\/p>\n\n\t\t<\/div>\n\t<\/div>\n<div class=\"button_wrapper  rounded\"><a href=\"https:\/\/www.lawpoint.at\/kontakt\/\" target=\"_self\" title=\"Contact us\" class=\"button_  style-1 medium rt-6531060\"><span><span>Contact us<\/span><\/span><\/a><\/div>\n\t\t<\/div>\n\t<\/div>\n\t<\/div>\n\n\t<div class=\"vc_col-sm-4 wpb_column vc_column_container rt-column-container\">\n\t<div class=\"vc_column-inner rt-column-inner\">\n\t\t<div class=\"wpb_wrapper rt-wrapper\">\n\t\t\t\n\t\t<\/div>\n\t<\/div>\n\t<\/div>\n<\/div>\n<\/div>","protected":false},"excerpt":{"rendered":"Anwalt f\u00fcr Corporate Governance &amp; Compliance Eine klare und gesetzeskonforme Unternehmensf\u00fchrung ist der Schl\u00fcssel zu Stabilit\u00e4t und Vertrauen. Wir beraten Gesch\u00e4ftsf\u00fchrer, Vorst\u00e4nde und Aufsichtsr\u00e4te zu allen Fragen der Corporate Governance und helfen, Compliance-Systeme aufzubauen, die gesetzliche Pflichten zuverl\u00e4ssig erf\u00fcllen. Haftungsvermeidung f\u00fcr Organe Die Haftungsrisiken f\u00fcr Gesch\u00e4ftsf\u00fchrer und Vorst\u00e4nde in \u00d6sterreich sind erheblich. Wir erkl\u00e4ren, welche [...]","protected":false},"author":1,"featured_media":0,"parent":1724,"menu_order":0,"comment_status":"closed","ping_status":"closed","template":"","meta":{"footnotes":""},"class_list":["post-1744","page","type-page","status-publish","hentry"],"yoast_head":"<!-- This site is optimized with the Yoast SEO plugin v27.4 - https:\/\/yoast.com\/product\/yoast-seo-wordpress\/ -->\n<title>Anwalt f\u00fcr Corporate Governance &amp; Compliance - lawpoint<\/title>\n<meta name=\"robots\" content=\"index, follow, max-snippet:-1, max-image-preview:large, max-video-preview:-1\" \/>\n<link rel=\"canonical\" href=\"https:\/\/www.lawpoint.at\/en\/spezialgebiete\/gesellschaftsrecht-ma\/corporate-governance-compliance\/\" \/>\n<meta property=\"og:locale\" content=\"en_US\" \/>\n<meta property=\"og:type\" content=\"article\" \/>\n<meta property=\"og:title\" content=\"Anwalt f\u00fcr Corporate Governance &amp; Compliance - lawpoint\" \/>\n<meta property=\"og:url\" content=\"https:\/\/www.lawpoint.at\/en\/spezialgebiete\/gesellschaftsrecht-ma\/corporate-governance-compliance\/\" \/>\n<meta property=\"og:site_name\" content=\"lawpoint\" \/>\n<meta property=\"article:modified_time\" content=\"2025-08-30T10:36:18+00:00\" \/>\n<meta name=\"twitter:card\" content=\"summary_large_image\" \/>\n<meta name=\"twitter:label1\" content=\"Est. reading time\" \/>\n\t<meta name=\"twitter:data1\" content=\"3 minutes\" \/>\n<script type=\"application\/ld+json\" class=\"yoast-schema-graph\">{\"@context\":\"https:\\\/\\\/schema.org\",\"@graph\":[{\"@type\":\"WebPage\",\"@id\":\"https:\\\/\\\/www.lawpoint.at\\\/spezialgebiete\\\/gesellschaftsrecht-ma\\\/corporate-governance-compliance\\\/\",\"url\":\"https:\\\/\\\/www.lawpoint.at\\\/spezialgebiete\\\/gesellschaftsrecht-ma\\\/corporate-governance-compliance\\\/\",\"name\":\"Anwalt f\u00fcr Corporate Governance & Compliance - lawpoint\",\"isPartOf\":{\"@id\":\"https:\\\/\\\/www.lawpoint.at\\\/#website\"},\"datePublished\":\"2025-08-30T09:36:28+00:00\",\"dateModified\":\"2025-08-30T10:36:18+00:00\",\"breadcrumb\":{\"@id\":\"https:\\\/\\\/www.lawpoint.at\\\/spezialgebiete\\\/gesellschaftsrecht-ma\\\/corporate-governance-compliance\\\/#breadcrumb\"},\"inLanguage\":\"en-US\",\"potentialAction\":[{\"@type\":\"ReadAction\",\"target\":[\"https:\\\/\\\/www.lawpoint.at\\\/spezialgebiete\\\/gesellschaftsrecht-ma\\\/corporate-governance-compliance\\\/\"]}]},{\"@type\":\"BreadcrumbList\",\"@id\":\"https:\\\/\\\/www.lawpoint.at\\\/spezialgebiete\\\/gesellschaftsrecht-ma\\\/corporate-governance-compliance\\\/#breadcrumb\",\"itemListElement\":[{\"@type\":\"ListItem\",\"position\":1,\"name\":\"Startseite\",\"item\":\"https:\\\/\\\/www.lawpoint.at\\\/\"},{\"@type\":\"ListItem\",\"position\":2,\"name\":\"Spezialgebiete\",\"item\":\"https:\\\/\\\/www.lawpoint.at\\\/spezialgebiete\\\/\"},{\"@type\":\"ListItem\",\"position\":3,\"name\":\"Gesellschaftsrecht und M&#038;A\",\"item\":\"https:\\\/\\\/www.lawpoint.at\\\/spezialgebiete\\\/gesellschaftsrecht-ma\\\/\"},{\"@type\":\"ListItem\",\"position\":4,\"name\":\"Corporate Governance &#038; Compliance\"}]},{\"@type\":\"WebSite\",\"@id\":\"https:\\\/\\\/www.lawpoint.at\\\/#website\",\"url\":\"https:\\\/\\\/www.lawpoint.at\\\/\",\"name\":\"lawpoint\",\"description\":\"We get to the point.\",\"publisher\":{\"@id\":\"https:\\\/\\\/www.lawpoint.at\\\/#organization\"},\"potentialAction\":[{\"@type\":\"SearchAction\",\"target\":{\"@type\":\"EntryPoint\",\"urlTemplate\":\"https:\\\/\\\/www.lawpoint.at\\\/?s={search_term_string}\"},\"query-input\":{\"@type\":\"PropertyValueSpecification\",\"valueRequired\":true,\"valueName\":\"search_term_string\"}}],\"inLanguage\":\"en-US\"},{\"@type\":\"Organization\",\"@id\":\"https:\\\/\\\/www.lawpoint.at\\\/#organization\",\"name\":\"lawpoint\",\"url\":\"https:\\\/\\\/www.lawpoint.at\\\/\",\"logo\":{\"@type\":\"ImageObject\",\"inLanguage\":\"en-US\",\"@id\":\"https:\\\/\\\/www.lawpoint.at\\\/#\\\/schema\\\/logo\\\/image\\\/\",\"url\":\"https:\\\/\\\/www.lawpoint.at\\\/wp-content\\\/uploads\\\/2021\\\/05\\\/logo_lawpoint_cmyk_zusatz_rechts_mehr-Arbeitsflaeche.png\",\"contentUrl\":\"https:\\\/\\\/www.lawpoint.at\\\/wp-content\\\/uploads\\\/2021\\\/05\\\/logo_lawpoint_cmyk_zusatz_rechts_mehr-Arbeitsflaeche.png\",\"width\":888,\"height\":448,\"caption\":\"lawpoint\"},\"image\":{\"@id\":\"https:\\\/\\\/www.lawpoint.at\\\/#\\\/schema\\\/logo\\\/image\\\/\"}}]}<\/script>\n<!-- \/ Yoast SEO plugin. -->","yoast_head_json":{"title":"Anwalt f\u00fcr Corporate Governance & Compliance - lawpoint","robots":{"index":"index","follow":"follow","max-snippet":"max-snippet:-1","max-image-preview":"max-image-preview:large","max-video-preview":"max-video-preview:-1"},"canonical":"https:\/\/www.lawpoint.at\/en\/spezialgebiete\/gesellschaftsrecht-ma\/corporate-governance-compliance\/","og_locale":"en_US","og_type":"article","og_title":"Anwalt f\u00fcr Corporate Governance & Compliance - lawpoint","og_url":"https:\/\/www.lawpoint.at\/en\/spezialgebiete\/gesellschaftsrecht-ma\/corporate-governance-compliance\/","og_site_name":"lawpoint","article_modified_time":"2025-08-30T10:36:18+00:00","twitter_card":"summary_large_image","twitter_misc":{"Est. reading time":"3 minutes"},"schema":{"@context":"https:\/\/schema.org","@graph":[{"@type":"WebPage","@id":"https:\/\/www.lawpoint.at\/spezialgebiete\/gesellschaftsrecht-ma\/corporate-governance-compliance\/","url":"https:\/\/www.lawpoint.at\/spezialgebiete\/gesellschaftsrecht-ma\/corporate-governance-compliance\/","name":"Anwalt f\u00fcr Corporate Governance & Compliance - lawpoint","isPartOf":{"@id":"https:\/\/www.lawpoint.at\/#website"},"datePublished":"2025-08-30T09:36:28+00:00","dateModified":"2025-08-30T10:36:18+00:00","breadcrumb":{"@id":"https:\/\/www.lawpoint.at\/spezialgebiete\/gesellschaftsrecht-ma\/corporate-governance-compliance\/#breadcrumb"},"inLanguage":"en-US","potentialAction":[{"@type":"ReadAction","target":["https:\/\/www.lawpoint.at\/spezialgebiete\/gesellschaftsrecht-ma\/corporate-governance-compliance\/"]}]},{"@type":"BreadcrumbList","@id":"https:\/\/www.lawpoint.at\/spezialgebiete\/gesellschaftsrecht-ma\/corporate-governance-compliance\/#breadcrumb","itemListElement":[{"@type":"ListItem","position":1,"name":"Startseite","item":"https:\/\/www.lawpoint.at\/"},{"@type":"ListItem","position":2,"name":"Spezialgebiete","item":"https:\/\/www.lawpoint.at\/spezialgebiete\/"},{"@type":"ListItem","position":3,"name":"Gesellschaftsrecht und M&#038;A","item":"https:\/\/www.lawpoint.at\/spezialgebiete\/gesellschaftsrecht-ma\/"},{"@type":"ListItem","position":4,"name":"Corporate Governance &#038; Compliance"}]},{"@type":"WebSite","@id":"https:\/\/www.lawpoint.at\/#website","url":"https:\/\/www.lawpoint.at\/","name":"lawpoint","description":"We get to the point.","publisher":{"@id":"https:\/\/www.lawpoint.at\/#organization"},"potentialAction":[{"@type":"SearchAction","target":{"@type":"EntryPoint","urlTemplate":"https:\/\/www.lawpoint.at\/?s={search_term_string}"},"query-input":{"@type":"PropertyValueSpecification","valueRequired":true,"valueName":"search_term_string"}}],"inLanguage":"en-US"},{"@type":"Organization","@id":"https:\/\/www.lawpoint.at\/#organization","name":"lawpoint","url":"https:\/\/www.lawpoint.at\/","logo":{"@type":"ImageObject","inLanguage":"en-US","@id":"https:\/\/www.lawpoint.at\/#\/schema\/logo\/image\/","url":"https:\/\/www.lawpoint.at\/wp-content\/uploads\/2021\/05\/logo_lawpoint_cmyk_zusatz_rechts_mehr-Arbeitsflaeche.png","contentUrl":"https:\/\/www.lawpoint.at\/wp-content\/uploads\/2021\/05\/logo_lawpoint_cmyk_zusatz_rechts_mehr-Arbeitsflaeche.png","width":888,"height":448,"caption":"lawpoint"},"image":{"@id":"https:\/\/www.lawpoint.at\/#\/schema\/logo\/image\/"}}]}},"_links":{"self":[{"href":"https:\/\/www.lawpoint.at\/en\/wp-json\/wp\/v2\/pages\/1744","targetHints":{"allow":["GET"]}}],"collection":[{"href":"https:\/\/www.lawpoint.at\/en\/wp-json\/wp\/v2\/pages"}],"about":[{"href":"https:\/\/www.lawpoint.at\/en\/wp-json\/wp\/v2\/types\/page"}],"author":[{"embeddable":true,"href":"https:\/\/www.lawpoint.at\/en\/wp-json\/wp\/v2\/users\/1"}],"replies":[{"embeddable":true,"href":"https:\/\/www.lawpoint.at\/en\/wp-json\/wp\/v2\/comments?post=1744"}],"version-history":[{"count":5,"href":"https:\/\/www.lawpoint.at\/en\/wp-json\/wp\/v2\/pages\/1744\/revisions"}],"predecessor-version":[{"id":1854,"href":"https:\/\/www.lawpoint.at\/en\/wp-json\/wp\/v2\/pages\/1744\/revisions\/1854"}],"up":[{"embeddable":true,"href":"https:\/\/www.lawpoint.at\/en\/wp-json\/wp\/v2\/pages\/1724"}],"wp:attachment":[{"href":"https:\/\/www.lawpoint.at\/en\/wp-json\/wp\/v2\/media?parent=1744"}],"curies":[{"name":"wp","href":"https:\/\/api.w.org\/{rel}","templated":true}]}}