{"id":1761,"date":"2025-08-30T11:36:32","date_gmt":"2025-08-30T09:36:32","guid":{"rendered":"https:\/\/www.lawpoint.at\/?page_id=1761"},"modified":"2025-09-12T10:58:55","modified_gmt":"2025-09-12T08:58:55","slug":"corporate-housekeeping","status":"publish","type":"page","link":"https:\/\/www.lawpoint.at\/en\/spezialgebiete\/gesellschaftsrecht-ma\/corporate-housekeeping\/","title":{"rendered":"Corporate Housekeeping"},"content":{"rendered":"<div class=\"content_row row vc_row wpb_row  default-style fullwidth\">\n\t\n\t<div class=\"content_row_wrapper  default\">\n\t<div class=\"vc_col-sm-12 wpb_column vc_column_container rt-column-container\">\n\t<div class=\"vc_column-inner rt-column-inner\">\n\t\t<div class=\"wpb_wrapper rt-wrapper\">\n\t\t\t\n\t<div  class=\"wpb_single_image wpb_content_element vc_align_center wpb_content_element\">\n\t\t\n\t\t<figure class=\"wpb_wrapper vc_figure\">\n\t\t\t<div class=\"vc_single_image-wrapper   vc_box_border_grey\"><img fetchpriority=\"high\" decoding=\"async\" width=\"2560\" height=\"1024\" src=\"https:\/\/www.lawpoint.at\/wp-content\/uploads\/2025\/08\/mario-gogh-VBLHICVh-lI-unsplash-scaled-1-1-e1756500917260.jpg\" class=\"vc_single_image-img attachment-full\" alt=\"\" title=\"mario-gogh-VBLHICVh-lI-unsplash-scaled-1\" srcset=\"https:\/\/www.lawpoint.at\/wp-content\/uploads\/2025\/08\/mario-gogh-VBLHICVh-lI-unsplash-scaled-1-1-e1756500917260.jpg 2560w, https:\/\/www.lawpoint.at\/wp-content\/uploads\/2025\/08\/mario-gogh-VBLHICVh-lI-unsplash-scaled-1-1-e1756500917260-300x120.jpg 300w, https:\/\/www.lawpoint.at\/wp-content\/uploads\/2025\/08\/mario-gogh-VBLHICVh-lI-unsplash-scaled-1-1-e1756500917260-1024x410.jpg 1024w, https:\/\/www.lawpoint.at\/wp-content\/uploads\/2025\/08\/mario-gogh-VBLHICVh-lI-unsplash-scaled-1-1-e1756500917260-768x307.jpg 768w, https:\/\/www.lawpoint.at\/wp-content\/uploads\/2025\/08\/mario-gogh-VBLHICVh-lI-unsplash-scaled-1-1-e1756500917260-1536x614.jpg 1536w, https:\/\/www.lawpoint.at\/wp-content\/uploads\/2025\/08\/mario-gogh-VBLHICVh-lI-unsplash-scaled-1-1-e1756500917260-2048x819.jpg 2048w, https:\/\/www.lawpoint.at\/wp-content\/uploads\/2025\/08\/mario-gogh-VBLHICVh-lI-unsplash-scaled-1-1-e1756500917260-18x7.jpg 18w, https:\/\/www.lawpoint.at\/wp-content\/uploads\/2025\/08\/mario-gogh-VBLHICVh-lI-unsplash-scaled-1-1-e1756500917260-1280x512.jpg 1280w\" sizes=\"(max-width: 2560px) 100vw, 2560px\" \/><\/div>\n\t\t<\/figure>\n\t<\/div>\n\n\t\t<\/div>\n\t<\/div>\n\t<\/div>\n\n<\/div>\n<\/div>\n\n<div  class=\"content_row row vc_row wpb_row  default-style fullwidth\">\n\t\n\t<div class=\"content_row_wrapper  default\"><div class=\"vc_col-sm-8 wpb_column vc_column_container rt-column-container\">\n\t<div class=\"vc_column-inner rt-column-inner\">\n\t\t<div class=\"wpb_wrapper rt-wrapper\">\n\t\t\t<div class=\"rt-heading-wrapper style-5 rt-3056033\">\n\t\t\t\t\t\t<h1 class=\"rt-heading style-5\" >Anwalt f\u00fcr Corporate Housekeeping<\/h1>\n\t\t\t\t\t<\/div>\n\t<div class=\"wpb_text_column wpb_content_element\" >\n\t\t<div class=\"wpb_wrapper\">\n\t\t\t<p>Eine Gesellschaft muss nicht nur gut gef\u00fchrt, sondern auch ordnungsgem\u00e4\u00df verwaltet werden. Wir \u00fcbernehmen f\u00fcr Sie alle <strong>wiederkehrenden rechtlichen Aufgaben<\/strong>, damit Ihr Unternehmen jederzeit gesetzeskonform bleibt.<\/p>\n\n\t\t<\/div>\n\t<\/div>\n\n\t\t<\/div>\n\t<\/div>\n\t<\/div>\n\n\t<div class=\"vc_col-sm-4 wpb_column vc_column_container rt-column-container\">\n\t<div class=\"vc_column-inner rt-column-inner\">\n\t\t<div class=\"wpb_wrapper rt-wrapper\">\n\t\t\t\n\t\t<\/div>\n\t<\/div>\n\t<\/div>\n<\/div>\n<\/div>\n\n<div  class=\"content_row row vc_row wpb_row  default-style fullwidth\">\n\t\n\t<div class=\"content_row_wrapper  default\"><div class=\"vc_col-sm-8 wpb_column vc_column_container rt-column-container\">\n\t<div class=\"vc_column-inner rt-column-inner\">\n\t\t<div class=\"wpb_wrapper rt-wrapper\">\n\t\t\t<div class=\"rt-heading-wrapper rt-7718514\">\n\t\t\t\t\t\t<h2 class=\"rt-heading\" >Generalversammlungen und Beschl\u00fcsse<\/h2>\n\t\t\t\t\t<\/div>\n\t<div class=\"wpb_text_column wpb_content_element\" >\n\t\t<div class=\"wpb_wrapper\">\n\t\t\t<p>Von der Erstellung der Einladungen \u00fcber die rechtssichere <strong>Protokollierung<\/strong> bis hin zur <strong>Umsetzung<\/strong> der gefassten Beschl\u00fcsse \u2013 wir sorgen daf\u00fcr, dass jede Generalversammlung den gesetzlichen Anforderungen entspricht. Auch au\u00dferordentliche <strong>Generalversammlungen<\/strong> and <strong>Umlaufbeschl\u00fcsse<\/strong> setzen wir f\u00fcr Sie professionell um.<\/p>\n\n\t\t<\/div>\n\t<\/div>\n\n\t\t<\/div>\n\t<\/div>\n\t<\/div>\n\n\t<div class=\"vc_col-sm-4 wpb_column vc_column_container rt-column-container\">\n\t<div class=\"vc_column-inner rt-column-inner\">\n\t\t<div class=\"wpb_wrapper rt-wrapper\">\n\t\t\t\n\t\t<\/div>\n\t<\/div>\n\t<\/div>\n<\/div>\n<\/div>\n\n<div  class=\"content_row row vc_row wpb_row  default-style fullwidth\">\n\t\n\t<div class=\"content_row_wrapper  default\"><div class=\"vc_col-sm-8 wpb_column vc_column_container rt-column-container\">\n\t<div class=\"vc_column-inner rt-column-inner\">\n\t\t<div class=\"wpb_wrapper rt-wrapper\">\n\t\t\t<div class=\"rt-heading-wrapper rt-2615643\">\n\t\t\t\t\t\t<h2 class=\"rt-heading\" >Firmenbuchmeldungen<\/h2>\n\t\t\t\t\t<\/div>\n\t<div class=\"wpb_text_column wpb_content_element\" >\n\t\t<div class=\"wpb_wrapper\">\n\t\t\t<p>Ver\u00e4nderungen wie <strong>Gesch\u00e4ftsf\u00fchrerwechsel<\/strong>, <strong>Sitzverlegungen<\/strong>, <strong>Kapitalerh\u00f6hungen<\/strong> oder <strong>Satzungs\u00e4nderungen<\/strong> m\u00fcssen beim Firmenbuch gemeldet werden. Wir bereiten die Unterlagen vor, koordinieren mit dem Notar und \u00fcbernehmen die gesamte Abwicklung.<\/p>\n\n\t\t<\/div>\n\t<\/div>\n\n\t\t<\/div>\n\t<\/div>\n\t<\/div>\n\n\t<div class=\"vc_col-sm-4 wpb_column vc_column_container rt-column-container\">\n\t<div class=\"vc_column-inner rt-column-inner\">\n\t\t<div class=\"wpb_wrapper rt-wrapper\">\n\t\t\t\n\t\t<\/div>\n\t<\/div>\n\t<\/div>\n<\/div>\n<\/div>\n\n<div  class=\"content_row row vc_row wpb_row  default-style fullwidth\">\n\t\n\t<div class=\"content_row_wrapper  default\"><div class=\"vc_col-sm-8 wpb_column vc_column_container vc_custom_1756502633742 rt-9471522 border-top border-bottom border-left border-right rt-column-container\">\n\t<div class=\"vc_column-inner rt-column-inner\">\n\t\t<div class=\"wpb_wrapper rt-wrapper\">\n\t\t\t\n<div  class=\"content_row row vc_row wpb_row vc_inner  global-style fullwidth\">\n\t\n\t<div class=\"content_row_wrapper  default\"><div class=\"vc_col-sm-6 wpb_column vc_column_container rt-column-container\">\n\t<div class=\"vc_column-inner rt-column-inner\">\n\t\t<div class=\"wpb_wrapper rt-wrapper\">\n\t\t\t\n\t<div  class=\"wpb_single_image wpb_content_element vc_align_right wpb_content_element\">\n\t\t\n\t\t<figure class=\"wpb_wrapper vc_figure\">\n\t\t\t<div class=\"vc_single_image-wrapper   vc_box_border_grey\"><img decoding=\"async\" width=\"150\" height=\"150\" src=\"https:\/\/www.lawpoint.at\/wp-content\/uploads\/2021\/06\/LAWPOINT_\u00a9Lea_Sonderegger-7589-scaled-e1744787818754-150x150.jpg\" class=\"vc_single_image-img attachment-thumbnail\" alt=\"Mag. Gottfried Schellmann\" title=\"LAWPOINT_\u00a9Lea_Sonderegger-7589\" srcset=\"https:\/\/www.lawpoint.at\/wp-content\/uploads\/2021\/06\/LAWPOINT_\u00a9Lea_Sonderegger-7589-scaled-e1744787818754-150x150.jpg 150w, https:\/\/www.lawpoint.at\/wp-content\/uploads\/2021\/06\/LAWPOINT_\u00a9Lea_Sonderegger-7589-scaled-e1744787818754-298x300.jpg 298w, https:\/\/www.lawpoint.at\/wp-content\/uploads\/2021\/06\/LAWPOINT_\u00a9Lea_Sonderegger-7589-scaled-e1744787818754-1018x1024.jpg 1018w, https:\/\/www.lawpoint.at\/wp-content\/uploads\/2021\/06\/LAWPOINT_\u00a9Lea_Sonderegger-7589-scaled-e1744787818754-768x773.jpg 768w, https:\/\/www.lawpoint.at\/wp-content\/uploads\/2021\/06\/LAWPOINT_\u00a9Lea_Sonderegger-7589-scaled-e1744787818754-1527x1536.jpg 1527w, https:\/\/www.lawpoint.at\/wp-content\/uploads\/2021\/06\/LAWPOINT_\u00a9Lea_Sonderegger-7589-scaled-e1744787818754-12x12.jpg 12w, https:\/\/www.lawpoint.at\/wp-content\/uploads\/2021\/06\/LAWPOINT_\u00a9Lea_Sonderegger-7589-scaled-e1744787818754-914x920.jpg 914w, https:\/\/www.lawpoint.at\/wp-content\/uploads\/2021\/06\/LAWPOINT_\u00a9Lea_Sonderegger-7589-scaled-e1744787818754.jpg 1829w\" sizes=\"(max-width: 150px) 100vw, 150px\" \/><\/div><figcaption class=\"vc_figure-caption\">Mag. Gottfried Schellmann<\/figcaption>\n\t\t<\/figure>\n\t<\/div>\n\n\t\t<\/div>\n\t<\/div>\n\t<\/div>\n\n\t<div class=\"vc_col-sm-6 wpb_column vc_column_container rt-column-container\">\n\t<div class=\"vc_column-inner rt-column-inner\">\n\t\t<div class=\"wpb_wrapper rt-wrapper\">\n\t\t\t\n\t<div  class=\"wpb_single_image wpb_content_element vc_align_left wpb_content_element\">\n\t\t\n\t\t<figure class=\"wpb_wrapper vc_figure\">\n\t\t\t<div class=\"vc_single_image-wrapper   vc_box_border_grey\"><img decoding=\"async\" width=\"150\" height=\"150\" src=\"https:\/\/www.lawpoint.at\/wp-content\/uploads\/2024\/09\/Jakob-thumbnail.jpg\" class=\"vc_single_image-img attachment-thumbnail\" alt=\"Mag. Jakob H\u00fctthaler-Brandauer\" title=\"Mag. Jakob H\u00fctthaler-Brandauer\" srcset=\"https:\/\/www.lawpoint.at\/wp-content\/uploads\/2024\/09\/Jakob-thumbnail.jpg 150w, https:\/\/www.lawpoint.at\/wp-content\/uploads\/2024\/09\/Jakob-thumbnail-12x12.jpg 12w, https:\/\/www.lawpoint.at\/wp-content\/uploads\/2024\/09\/Jakob-thumbnail-75x75.jpg 75w\" sizes=\"(max-width: 150px) 100vw, 150px\" \/><\/div><figcaption class=\"vc_figure-caption\">Mag. Jakob H\u00fctthaler-Brandauer<\/figcaption>\n\t\t<\/figure>\n\t<\/div>\n\n\t\t<\/div>\n\t<\/div>\n\t<\/div>\n<\/div>\n<\/div>\n<div class=\"rt-heading-wrapper text-center rt-6044866\">\n\t\t\t\t\t\t<h2 class=\"rt-heading\" >Ihre Anw\u00e4lte f\u00fcr Corporate Housekeeping<\/h2>\n\t\t\t\t\t<\/div>\n\t<div class=\"wpb_text_column wpb_content_element\" >\n\t\t<div class=\"wpb_wrapper\">\n\t\t\t<p style=\"text-align: center;\"><span data-sheets-root=\"1\">Sie ben\u00f6tigen eine Rechtsberatung f\u00fcr Corporate Housekeeping? Wir sind gerne f\u00fcr Sie da.<\/span><\/p>\n\n\t\t<\/div>\n\t<\/div>\n<div class=\"button_wrapper  aligncenter rounded\"><a href=\"https:\/\/www.lawpoint.at\/kontakt\/\" target=\"_self\" title=\"Contact us\" class=\"button_  style-1 medium rt-2595097\"><span><span>Contact us<\/span><\/span><\/a><\/div>\n\t\t<\/div>\n\t<\/div>\n\t<\/div>\n\n\t<div class=\"vc_col-sm-4 wpb_column vc_column_container rt-column-container\">\n\t<div class=\"vc_column-inner rt-column-inner\">\n\t\t<div class=\"wpb_wrapper rt-wrapper\">\n\t\t\t\n\t\t<\/div>\n\t<\/div>\n\t<\/div>\n<\/div>\n<\/div>","protected":false},"excerpt":{"rendered":"Anwalt f\u00fcr Corporate Housekeeping Eine Gesellschaft muss nicht nur gut gef\u00fchrt, sondern auch ordnungsgem\u00e4\u00df verwaltet werden. Wir \u00fcbernehmen f\u00fcr Sie alle wiederkehrenden rechtlichen Aufgaben, damit Ihr Unternehmen jederzeit gesetzeskonform bleibt. Generalversammlungen und Beschl\u00fcsse Von der Erstellung der Einladungen \u00fcber die rechtssichere Protokollierung bis hin zur Umsetzung der gefassten Beschl\u00fcsse \u2013 wir sorgen daf\u00fcr, dass jede [...]","protected":false},"author":1,"featured_media":0,"parent":1724,"menu_order":0,"comment_status":"closed","ping_status":"closed","template":"","meta":{"footnotes":""},"class_list":["post-1761","page","type-page","status-publish","hentry"],"yoast_head":"<!-- This site is optimized with the Yoast SEO plugin v27.4 - https:\/\/yoast.com\/product\/yoast-seo-wordpress\/ -->\n<title>Anwalt f\u00fcr Corporate Housekeeping - lawpoint<\/title>\n<meta name=\"robots\" content=\"index, follow, max-snippet:-1, max-image-preview:large, max-video-preview:-1\" \/>\n<link rel=\"canonical\" href=\"https:\/\/www.lawpoint.at\/en\/spezialgebiete\/gesellschaftsrecht-ma\/corporate-housekeeping\/\" \/>\n<meta property=\"og:locale\" content=\"en_US\" \/>\n<meta property=\"og:type\" content=\"article\" \/>\n<meta property=\"og:title\" content=\"Anwalt f\u00fcr Corporate Housekeeping - lawpoint\" \/>\n<meta property=\"og:url\" content=\"https:\/\/www.lawpoint.at\/en\/spezialgebiete\/gesellschaftsrecht-ma\/corporate-housekeeping\/\" \/>\n<meta property=\"og:site_name\" content=\"lawpoint\" \/>\n<meta property=\"article:modified_time\" content=\"2025-09-12T08:58:55+00:00\" \/>\n<meta name=\"twitter:card\" content=\"summary_large_image\" \/>\n<meta name=\"twitter:label1\" content=\"Est. reading time\" \/>\n\t<meta name=\"twitter:data1\" content=\"3 minutes\" \/>\n<script type=\"application\/ld+json\" class=\"yoast-schema-graph\">{\"@context\":\"https:\\\/\\\/schema.org\",\"@graph\":[{\"@type\":\"WebPage\",\"@id\":\"https:\\\/\\\/www.lawpoint.at\\\/spezialgebiete\\\/gesellschaftsrecht-ma\\\/corporate-housekeeping\\\/\",\"url\":\"https:\\\/\\\/www.lawpoint.at\\\/spezialgebiete\\\/gesellschaftsrecht-ma\\\/corporate-housekeeping\\\/\",\"name\":\"Anwalt f\u00fcr Corporate Housekeeping - lawpoint\",\"isPartOf\":{\"@id\":\"https:\\\/\\\/www.lawpoint.at\\\/#website\"},\"datePublished\":\"2025-08-30T09:36:32+00:00\",\"dateModified\":\"2025-09-12T08:58:55+00:00\",\"breadcrumb\":{\"@id\":\"https:\\\/\\\/www.lawpoint.at\\\/spezialgebiete\\\/gesellschaftsrecht-ma\\\/corporate-housekeeping\\\/#breadcrumb\"},\"inLanguage\":\"en-US\",\"potentialAction\":[{\"@type\":\"ReadAction\",\"target\":[\"https:\\\/\\\/www.lawpoint.at\\\/spezialgebiete\\\/gesellschaftsrecht-ma\\\/corporate-housekeeping\\\/\"]}]},{\"@type\":\"BreadcrumbList\",\"@id\":\"https:\\\/\\\/www.lawpoint.at\\\/spezialgebiete\\\/gesellschaftsrecht-ma\\\/corporate-housekeeping\\\/#breadcrumb\",\"itemListElement\":[{\"@type\":\"ListItem\",\"position\":1,\"name\":\"Startseite\",\"item\":\"https:\\\/\\\/www.lawpoint.at\\\/\"},{\"@type\":\"ListItem\",\"position\":2,\"name\":\"Spezialgebiete\",\"item\":\"https:\\\/\\\/www.lawpoint.at\\\/spezialgebiete\\\/\"},{\"@type\":\"ListItem\",\"position\":3,\"name\":\"Gesellschaftsrecht und M&#038;A\",\"item\":\"https:\\\/\\\/www.lawpoint.at\\\/spezialgebiete\\\/gesellschaftsrecht-ma\\\/\"},{\"@type\":\"ListItem\",\"position\":4,\"name\":\"Corporate Housekeeping\"}]},{\"@type\":\"WebSite\",\"@id\":\"https:\\\/\\\/www.lawpoint.at\\\/#website\",\"url\":\"https:\\\/\\\/www.lawpoint.at\\\/\",\"name\":\"lawpoint\",\"description\":\"We get to the point.\",\"publisher\":{\"@id\":\"https:\\\/\\\/www.lawpoint.at\\\/#organization\"},\"potentialAction\":[{\"@type\":\"SearchAction\",\"target\":{\"@type\":\"EntryPoint\",\"urlTemplate\":\"https:\\\/\\\/www.lawpoint.at\\\/?s={search_term_string}\"},\"query-input\":{\"@type\":\"PropertyValueSpecification\",\"valueRequired\":true,\"valueName\":\"search_term_string\"}}],\"inLanguage\":\"en-US\"},{\"@type\":\"Organization\",\"@id\":\"https:\\\/\\\/www.lawpoint.at\\\/#organization\",\"name\":\"lawpoint\",\"url\":\"https:\\\/\\\/www.lawpoint.at\\\/\",\"logo\":{\"@type\":\"ImageObject\",\"inLanguage\":\"en-US\",\"@id\":\"https:\\\/\\\/www.lawpoint.at\\\/#\\\/schema\\\/logo\\\/image\\\/\",\"url\":\"https:\\\/\\\/www.lawpoint.at\\\/wp-content\\\/uploads\\\/2021\\\/05\\\/logo_lawpoint_cmyk_zusatz_rechts_mehr-Arbeitsflaeche.png\",\"contentUrl\":\"https:\\\/\\\/www.lawpoint.at\\\/wp-content\\\/uploads\\\/2021\\\/05\\\/logo_lawpoint_cmyk_zusatz_rechts_mehr-Arbeitsflaeche.png\",\"width\":888,\"height\":448,\"caption\":\"lawpoint\"},\"image\":{\"@id\":\"https:\\\/\\\/www.lawpoint.at\\\/#\\\/schema\\\/logo\\\/image\\\/\"}}]}<\/script>\n<!-- \/ Yoast SEO plugin. -->","yoast_head_json":{"title":"Anwalt f\u00fcr Corporate Housekeeping - lawpoint","robots":{"index":"index","follow":"follow","max-snippet":"max-snippet:-1","max-image-preview":"max-image-preview:large","max-video-preview":"max-video-preview:-1"},"canonical":"https:\/\/www.lawpoint.at\/en\/spezialgebiete\/gesellschaftsrecht-ma\/corporate-housekeeping\/","og_locale":"en_US","og_type":"article","og_title":"Anwalt f\u00fcr Corporate Housekeeping - lawpoint","og_url":"https:\/\/www.lawpoint.at\/en\/spezialgebiete\/gesellschaftsrecht-ma\/corporate-housekeeping\/","og_site_name":"lawpoint","article_modified_time":"2025-09-12T08:58:55+00:00","twitter_card":"summary_large_image","twitter_misc":{"Est. reading time":"3 minutes"},"schema":{"@context":"https:\/\/schema.org","@graph":[{"@type":"WebPage","@id":"https:\/\/www.lawpoint.at\/spezialgebiete\/gesellschaftsrecht-ma\/corporate-housekeeping\/","url":"https:\/\/www.lawpoint.at\/spezialgebiete\/gesellschaftsrecht-ma\/corporate-housekeeping\/","name":"Anwalt f\u00fcr Corporate Housekeeping - lawpoint","isPartOf":{"@id":"https:\/\/www.lawpoint.at\/#website"},"datePublished":"2025-08-30T09:36:32+00:00","dateModified":"2025-09-12T08:58:55+00:00","breadcrumb":{"@id":"https:\/\/www.lawpoint.at\/spezialgebiete\/gesellschaftsrecht-ma\/corporate-housekeeping\/#breadcrumb"},"inLanguage":"en-US","potentialAction":[{"@type":"ReadAction","target":["https:\/\/www.lawpoint.at\/spezialgebiete\/gesellschaftsrecht-ma\/corporate-housekeeping\/"]}]},{"@type":"BreadcrumbList","@id":"https:\/\/www.lawpoint.at\/spezialgebiete\/gesellschaftsrecht-ma\/corporate-housekeeping\/#breadcrumb","itemListElement":[{"@type":"ListItem","position":1,"name":"Startseite","item":"https:\/\/www.lawpoint.at\/"},{"@type":"ListItem","position":2,"name":"Spezialgebiete","item":"https:\/\/www.lawpoint.at\/spezialgebiete\/"},{"@type":"ListItem","position":3,"name":"Gesellschaftsrecht und M&#038;A","item":"https:\/\/www.lawpoint.at\/spezialgebiete\/gesellschaftsrecht-ma\/"},{"@type":"ListItem","position":4,"name":"Corporate Housekeeping"}]},{"@type":"WebSite","@id":"https:\/\/www.lawpoint.at\/#website","url":"https:\/\/www.lawpoint.at\/","name":"lawpoint","description":"We get to the point.","publisher":{"@id":"https:\/\/www.lawpoint.at\/#organization"},"potentialAction":[{"@type":"SearchAction","target":{"@type":"EntryPoint","urlTemplate":"https:\/\/www.lawpoint.at\/?s={search_term_string}"},"query-input":{"@type":"PropertyValueSpecification","valueRequired":true,"valueName":"search_term_string"}}],"inLanguage":"en-US"},{"@type":"Organization","@id":"https:\/\/www.lawpoint.at\/#organization","name":"lawpoint","url":"https:\/\/www.lawpoint.at\/","logo":{"@type":"ImageObject","inLanguage":"en-US","@id":"https:\/\/www.lawpoint.at\/#\/schema\/logo\/image\/","url":"https:\/\/www.lawpoint.at\/wp-content\/uploads\/2021\/05\/logo_lawpoint_cmyk_zusatz_rechts_mehr-Arbeitsflaeche.png","contentUrl":"https:\/\/www.lawpoint.at\/wp-content\/uploads\/2021\/05\/logo_lawpoint_cmyk_zusatz_rechts_mehr-Arbeitsflaeche.png","width":888,"height":448,"caption":"lawpoint"},"image":{"@id":"https:\/\/www.lawpoint.at\/#\/schema\/logo\/image\/"}}]}},"_links":{"self":[{"href":"https:\/\/www.lawpoint.at\/en\/wp-json\/wp\/v2\/pages\/1761","targetHints":{"allow":["GET"]}}],"collection":[{"href":"https:\/\/www.lawpoint.at\/en\/wp-json\/wp\/v2\/pages"}],"about":[{"href":"https:\/\/www.lawpoint.at\/en\/wp-json\/wp\/v2\/types\/page"}],"author":[{"embeddable":true,"href":"https:\/\/www.lawpoint.at\/en\/wp-json\/wp\/v2\/users\/1"}],"replies":[{"embeddable":true,"href":"https:\/\/www.lawpoint.at\/en\/wp-json\/wp\/v2\/comments?post=1761"}],"version-history":[{"count":9,"href":"https:\/\/www.lawpoint.at\/en\/wp-json\/wp\/v2\/pages\/1761\/revisions"}],"predecessor-version":[{"id":1883,"href":"https:\/\/www.lawpoint.at\/en\/wp-json\/wp\/v2\/pages\/1761\/revisions\/1883"}],"up":[{"embeddable":true,"href":"https:\/\/www.lawpoint.at\/en\/wp-json\/wp\/v2\/pages\/1724"}],"wp:attachment":[{"href":"https:\/\/www.lawpoint.at\/en\/wp-json\/wp\/v2\/media?parent=1761"}],"curies":[{"name":"wp","href":"https:\/\/api.w.org\/{rel}","templated":true}]}}