{"id":1765,"date":"2025-08-30T11:35:35","date_gmt":"2025-08-30T09:35:35","guid":{"rendered":"https:\/\/www.lawpoint.at\/?page_id=1765"},"modified":"2025-09-12T11:00:09","modified_gmt":"2025-09-12T09:00:09","slug":"venture-capital","status":"publish","type":"page","link":"https:\/\/www.lawpoint.at\/en\/spezialgebiete\/gesellschaftsrecht-ma\/venture-capital\/","title":{"rendered":"Venture Capital"},"content":{"rendered":"<div class=\"content_row row vc_row wpb_row  default-style fullwidth\">\n\t\n\t<div class=\"content_row_wrapper  default\">\n\t<div class=\"vc_col-sm-12 wpb_column vc_column_container rt-column-container\">\n\t<div class=\"vc_column-inner rt-column-inner\">\n\t\t<div class=\"wpb_wrapper rt-wrapper\">\n\t\t\t\n\t<div  class=\"wpb_single_image wpb_content_element vc_align_center wpb_content_element\">\n\t\t\n\t\t<figure class=\"wpb_wrapper vc_figure\">\n\t\t\t<div class=\"vc_single_image-wrapper   vc_box_border_grey\"><img fetchpriority=\"high\" decoding=\"async\" width=\"2560\" height=\"1024\" src=\"https:\/\/www.lawpoint.at\/wp-content\/uploads\/2025\/08\/towfiqu-barbhuiya-joqWSI9u_XM-unsplash-scaled-1-1-e1756501432752.jpg\" class=\"vc_single_image-img attachment-full\" alt=\"\" title=\"towfiqu-barbhuiya-joqWSI9u_XM-unsplash-scaled-1\" srcset=\"https:\/\/www.lawpoint.at\/wp-content\/uploads\/2025\/08\/towfiqu-barbhuiya-joqWSI9u_XM-unsplash-scaled-1-1-e1756501432752.jpg 2560w, https:\/\/www.lawpoint.at\/wp-content\/uploads\/2025\/08\/towfiqu-barbhuiya-joqWSI9u_XM-unsplash-scaled-1-1-e1756501432752-300x120.jpg 300w, https:\/\/www.lawpoint.at\/wp-content\/uploads\/2025\/08\/towfiqu-barbhuiya-joqWSI9u_XM-unsplash-scaled-1-1-e1756501432752-1024x410.jpg 1024w, https:\/\/www.lawpoint.at\/wp-content\/uploads\/2025\/08\/towfiqu-barbhuiya-joqWSI9u_XM-unsplash-scaled-1-1-e1756501432752-768x307.jpg 768w, https:\/\/www.lawpoint.at\/wp-content\/uploads\/2025\/08\/towfiqu-barbhuiya-joqWSI9u_XM-unsplash-scaled-1-1-e1756501432752-1536x614.jpg 1536w, https:\/\/www.lawpoint.at\/wp-content\/uploads\/2025\/08\/towfiqu-barbhuiya-joqWSI9u_XM-unsplash-scaled-1-1-e1756501432752-2048x819.jpg 2048w, https:\/\/www.lawpoint.at\/wp-content\/uploads\/2025\/08\/towfiqu-barbhuiya-joqWSI9u_XM-unsplash-scaled-1-1-e1756501432752-18x7.jpg 18w, https:\/\/www.lawpoint.at\/wp-content\/uploads\/2025\/08\/towfiqu-barbhuiya-joqWSI9u_XM-unsplash-scaled-1-1-e1756501432752-1280x512.jpg 1280w\" sizes=\"(max-width: 2560px) 100vw, 2560px\" \/><\/div>\n\t\t<\/figure>\n\t<\/div>\n\n\t\t<\/div>\n\t<\/div>\n\t<\/div>\n\n<\/div>\n<\/div>\n\n<div  class=\"content_row row vc_row wpb_row  default-style fullwidth\">\n\t\n\t<div class=\"content_row_wrapper  default\"><div class=\"vc_col-sm-8 wpb_column vc_column_container rt-column-container\">\n\t<div class=\"vc_column-inner rt-column-inner\">\n\t\t<div class=\"wpb_wrapper rt-wrapper\">\n\t\t\t<div class=\"rt-heading-wrapper style-5 rt-7629989\">\n\t\t\t\t\t\t<h1 class=\"rt-heading style-5\" >Anwalt f\u00fcr Venture Capital<\/h1>\n\t\t\t\t\t<\/div>\n\t<div class=\"wpb_text_column wpb_content_element\" >\n\t\t<div class=\"wpb_wrapper\">\n\t\t\t<p>Wachstum braucht Kapital \u2013 und klare rechtliche Regelungen. Wir beraten sowohl Gr\u00fcnder als auch Investoren bei Finanzierungsrunden und Beteiligungsvertr\u00e4gen, um langfristigen Erfolg zu sichern.<\/p>\n\n\t\t<\/div>\n\t<\/div>\n\n\t\t<\/div>\n\t<\/div>\n\t<\/div>\n\n\t<div class=\"vc_col-sm-4 wpb_column vc_column_container rt-column-container\">\n\t<div class=\"vc_column-inner rt-column-inner\">\n\t\t<div class=\"wpb_wrapper rt-wrapper\">\n\t\t\t\n\t\t<\/div>\n\t<\/div>\n\t<\/div>\n<\/div>\n<\/div>\n\n<div  class=\"content_row row vc_row wpb_row  default-style fullwidth\">\n\t\n\t<div class=\"content_row_wrapper  default\"><div class=\"vc_col-sm-8 wpb_column vc_column_container rt-column-container\">\n\t<div class=\"vc_column-inner rt-column-inner\">\n\t\t<div class=\"wpb_wrapper rt-wrapper\">\n\t\t\t<div class=\"rt-heading-wrapper rt-7372961\">\n\t\t\t\t\t\t<h2 class=\"rt-heading\" >Investorenvertr\u00e4ge<\/h2>\n\t\t\t\t\t<\/div>\n\t<div class=\"wpb_text_column wpb_content_element\" >\n\t\t<div class=\"wpb_wrapper\">\n\t\t\t<p>Ein gut gestalteter <strong>Investitionsvertrag<\/strong> sch\u00fctzt beide Seiten und schafft Transparenz \u00fcber Rechte, Pflichten und <strong>Beteiligungsverh\u00e4ltnisse<\/strong>. Wir entwerfen ma\u00dfgeschneiderte Vertr\u00e4ge, die zuk\u00fcnftige Finanzierungsrunden ber\u00fccksichtigen und Streitigkeiten vorbeugen.<\/p>\n\n\t\t<\/div>\n\t<\/div>\n\n\t\t<\/div>\n\t<\/div>\n\t<\/div>\n\n\t<div class=\"vc_col-sm-4 wpb_column vc_column_container rt-column-container\">\n\t<div class=\"vc_column-inner rt-column-inner\">\n\t\t<div class=\"wpb_wrapper rt-wrapper\">\n\t\t\t\n\t\t<\/div>\n\t<\/div>\n\t<\/div>\n<\/div>\n<\/div>\n\n<div  class=\"content_row row vc_row wpb_row  default-style fullwidth\">\n\t\n\t<div class=\"content_row_wrapper  default\"><div class=\"vc_col-sm-8 wpb_column vc_column_container rt-column-container\">\n\t<div class=\"vc_column-inner rt-column-inner\">\n\t\t<div class=\"wpb_wrapper rt-wrapper\">\n\t\t\t<div class=\"rt-heading-wrapper rt-3057615\">\n\t\t\t\t\t\t<h2 class=\"rt-heading\" >Begleitung von Finanzierungsrunden<\/h2>\n\t\t\t\t\t<\/div>\n\t<div class=\"wpb_text_column wpb_content_element\" >\n\t\t<div class=\"wpb_wrapper\">\n\t\t\t<p>\u00dcber jede Wachstumsrunde begleiten wir Sie durch den gesamten Prozess. Wir unterst\u00fctzen bei den <strong>Vertragsverhandlungen<\/strong>, pr\u00fcfen die Konditionen und stellen sicher, dass die <strong>Beteiligungsstruktur<\/strong> strategisch sinnvoll und belastbar ist.<\/p>\n\n\t\t<\/div>\n\t<\/div>\n\n\t\t<\/div>\n\t<\/div>\n\t<\/div>\n\n\t<div class=\"vc_col-sm-4 wpb_column vc_column_container rt-column-container\">\n\t<div class=\"vc_column-inner rt-column-inner\">\n\t\t<div class=\"wpb_wrapper rt-wrapper\">\n\t\t\t\n\t\t<\/div>\n\t<\/div>\n\t<\/div>\n<\/div>\n<\/div>\n\n<div  class=\"content_row row vc_row wpb_row  default-style fullwidth\">\n\t\n\t<div class=\"content_row_wrapper  default\"><div class=\"vc_col-sm-8 wpb_column vc_column_container vc_custom_1756503002401 rt-3862604 border-top border-bottom border-left border-right rt-column-container\">\n\t<div class=\"vc_column-inner rt-column-inner\">\n\t\t<div class=\"wpb_wrapper rt-wrapper\">\n\t\t\t\n<div  class=\"content_row row vc_row wpb_row vc_inner  global-style fullwidth\">\n\t\n\t<div class=\"content_row_wrapper  default\"><div class=\"vc_col-sm-6 wpb_column vc_column_container rt-column-container\">\n\t<div class=\"vc_column-inner rt-column-inner\">\n\t\t<div class=\"wpb_wrapper rt-wrapper\">\n\t\t\t\n\t<div  class=\"wpb_single_image wpb_content_element vc_align_right wpb_content_element\">\n\t\t\n\t\t<figure class=\"wpb_wrapper vc_figure\">\n\t\t\t<div class=\"vc_single_image-wrapper   vc_box_border_grey\"><img decoding=\"async\" width=\"150\" height=\"150\" src=\"https:\/\/www.lawpoint.at\/wp-content\/uploads\/2021\/06\/LAWPOINT_\u00a9Lea_Sonderegger-7589-scaled-e1744787818754-150x150.jpg\" class=\"vc_single_image-img attachment-thumbnail\" alt=\"Mag. Gottfried Schellmann\" title=\"LAWPOINT_\u00a9Lea_Sonderegger-7589\" srcset=\"https:\/\/www.lawpoint.at\/wp-content\/uploads\/2021\/06\/LAWPOINT_\u00a9Lea_Sonderegger-7589-scaled-e1744787818754-150x150.jpg 150w, https:\/\/www.lawpoint.at\/wp-content\/uploads\/2021\/06\/LAWPOINT_\u00a9Lea_Sonderegger-7589-scaled-e1744787818754-298x300.jpg 298w, https:\/\/www.lawpoint.at\/wp-content\/uploads\/2021\/06\/LAWPOINT_\u00a9Lea_Sonderegger-7589-scaled-e1744787818754-1018x1024.jpg 1018w, https:\/\/www.lawpoint.at\/wp-content\/uploads\/2021\/06\/LAWPOINT_\u00a9Lea_Sonderegger-7589-scaled-e1744787818754-768x773.jpg 768w, https:\/\/www.lawpoint.at\/wp-content\/uploads\/2021\/06\/LAWPOINT_\u00a9Lea_Sonderegger-7589-scaled-e1744787818754-1527x1536.jpg 1527w, https:\/\/www.lawpoint.at\/wp-content\/uploads\/2021\/06\/LAWPOINT_\u00a9Lea_Sonderegger-7589-scaled-e1744787818754-12x12.jpg 12w, https:\/\/www.lawpoint.at\/wp-content\/uploads\/2021\/06\/LAWPOINT_\u00a9Lea_Sonderegger-7589-scaled-e1744787818754-914x920.jpg 914w, https:\/\/www.lawpoint.at\/wp-content\/uploads\/2021\/06\/LAWPOINT_\u00a9Lea_Sonderegger-7589-scaled-e1744787818754.jpg 1829w\" sizes=\"(max-width: 150px) 100vw, 150px\" \/><\/div><figcaption class=\"vc_figure-caption\">Mag. Gottfried Schellmann<\/figcaption>\n\t\t<\/figure>\n\t<\/div>\n\n\t\t<\/div>\n\t<\/div>\n\t<\/div>\n\n\t<div class=\"vc_col-sm-6 wpb_column vc_column_container rt-column-container\">\n\t<div class=\"vc_column-inner rt-column-inner\">\n\t\t<div class=\"wpb_wrapper rt-wrapper\">\n\t\t\t\n\t<div  class=\"wpb_single_image wpb_content_element vc_align_left wpb_content_element\">\n\t\t\n\t\t<figure class=\"wpb_wrapper vc_figure\">\n\t\t\t<div class=\"vc_single_image-wrapper   vc_box_border_grey\"><img decoding=\"async\" width=\"150\" height=\"150\" src=\"https:\/\/www.lawpoint.at\/wp-content\/uploads\/2024\/09\/Jakob-thumbnail.jpg\" class=\"vc_single_image-img attachment-thumbnail\" alt=\"Mag. Jakob H\u00fctthaler-Brandauer\" title=\"Mag. Jakob H\u00fctthaler-Brandauer\" srcset=\"https:\/\/www.lawpoint.at\/wp-content\/uploads\/2024\/09\/Jakob-thumbnail.jpg 150w, https:\/\/www.lawpoint.at\/wp-content\/uploads\/2024\/09\/Jakob-thumbnail-12x12.jpg 12w, https:\/\/www.lawpoint.at\/wp-content\/uploads\/2024\/09\/Jakob-thumbnail-75x75.jpg 75w\" sizes=\"(max-width: 150px) 100vw, 150px\" \/><\/div><figcaption class=\"vc_figure-caption\">Mag. Jakob H\u00fctthaler-Brandauer<\/figcaption>\n\t\t<\/figure>\n\t<\/div>\n\n\t\t<\/div>\n\t<\/div>\n\t<\/div>\n<\/div>\n<\/div>\n<div class=\"rt-heading-wrapper text-center rt-8708138\">\n\t\t\t\t\t\t<h2 class=\"rt-heading\" >Ihre Anw\u00e4lte f\u00fcr Venture Capital<\/h2>\n\t\t\t\t\t<\/div>\n\t<div class=\"wpb_text_column wpb_content_element\" >\n\t\t<div class=\"wpb_wrapper\">\n\t\t\t<p style=\"text-align: center;\"><span data-sheets-root=\"1\">Sie ben\u00f6tigen eine Rechtsberatung f\u00fcr Venture Capital? Wir sind gerne f\u00fcr Sie da.<\/span><\/p>\n\n\t\t<\/div>\n\t<\/div>\n<div class=\"button_wrapper  aligncenter rounded\"><a href=\"https:\/\/www.lawpoint.at\/kontakt\/\" target=\"_self\" title=\"Contact us\" class=\"button_  style-1 medium rt-6640417\"><span><span>Contact us<\/span><\/span><\/a><\/div>\n\t\t<\/div>\n\t<\/div>\n\t<\/div>\n\n\t<div class=\"vc_col-sm-4 wpb_column vc_column_container rt-column-container\">\n\t<div class=\"vc_column-inner rt-column-inner\">\n\t\t<div class=\"wpb_wrapper rt-wrapper\">\n\t\t\t\n\t\t<\/div>\n\t<\/div>\n\t<\/div>\n<\/div>\n<\/div>","protected":false},"excerpt":{"rendered":"Anwalt f\u00fcr Venture Capital Wachstum braucht Kapital \u2013 und klare rechtliche Regelungen. Wir beraten sowohl Gr\u00fcnder als auch Investoren bei Finanzierungsrunden und Beteiligungsvertr\u00e4gen, um langfristigen Erfolg zu sichern. Investorenvertr\u00e4ge Ein gut gestalteter Investitionsvertrag sch\u00fctzt beide Seiten und schafft Transparenz \u00fcber Rechte, Pflichten und Beteiligungsverh\u00e4ltnisse. Wir entwerfen ma\u00dfgeschneiderte Vertr\u00e4ge, die zuk\u00fcnftige Finanzierungsrunden ber\u00fccksichtigen und Streitigkeiten vorbeugen. [...]","protected":false},"author":1,"featured_media":0,"parent":1724,"menu_order":0,"comment_status":"closed","ping_status":"closed","template":"","meta":{"footnotes":""},"class_list":["post-1765","page","type-page","status-publish","hentry"],"yoast_head":"<!-- This site is optimized with the Yoast SEO plugin v27.4 - https:\/\/yoast.com\/product\/yoast-seo-wordpress\/ -->\n<title>Anwalt f\u00fcr Venture Capital - lawpoint<\/title>\n<meta name=\"robots\" content=\"index, follow, max-snippet:-1, max-image-preview:large, max-video-preview:-1\" \/>\n<link rel=\"canonical\" href=\"https:\/\/www.lawpoint.at\/en\/spezialgebiete\/gesellschaftsrecht-ma\/venture-capital\/\" \/>\n<meta property=\"og:locale\" content=\"en_US\" \/>\n<meta property=\"og:type\" content=\"article\" \/>\n<meta property=\"og:title\" content=\"Anwalt f\u00fcr Venture Capital - lawpoint\" \/>\n<meta property=\"og:url\" content=\"https:\/\/www.lawpoint.at\/en\/spezialgebiete\/gesellschaftsrecht-ma\/venture-capital\/\" \/>\n<meta property=\"og:site_name\" content=\"lawpoint\" \/>\n<meta property=\"article:modified_time\" content=\"2025-09-12T09:00:09+00:00\" \/>\n<meta name=\"twitter:card\" content=\"summary_large_image\" \/>\n<meta name=\"twitter:label1\" content=\"Est. reading time\" \/>\n\t<meta name=\"twitter:data1\" content=\"3 minutes\" \/>\n<script type=\"application\/ld+json\" class=\"yoast-schema-graph\">{\"@context\":\"https:\\\/\\\/schema.org\",\"@graph\":[{\"@type\":\"WebPage\",\"@id\":\"https:\\\/\\\/www.lawpoint.at\\\/spezialgebiete\\\/gesellschaftsrecht-ma\\\/venture-capital\\\/\",\"url\":\"https:\\\/\\\/www.lawpoint.at\\\/spezialgebiete\\\/gesellschaftsrecht-ma\\\/venture-capital\\\/\",\"name\":\"Anwalt f\u00fcr Venture Capital - lawpoint\",\"isPartOf\":{\"@id\":\"https:\\\/\\\/www.lawpoint.at\\\/#website\"},\"datePublished\":\"2025-08-30T09:35:35+00:00\",\"dateModified\":\"2025-09-12T09:00:09+00:00\",\"breadcrumb\":{\"@id\":\"https:\\\/\\\/www.lawpoint.at\\\/spezialgebiete\\\/gesellschaftsrecht-ma\\\/venture-capital\\\/#breadcrumb\"},\"inLanguage\":\"en-US\",\"potentialAction\":[{\"@type\":\"ReadAction\",\"target\":[\"https:\\\/\\\/www.lawpoint.at\\\/spezialgebiete\\\/gesellschaftsrecht-ma\\\/venture-capital\\\/\"]}]},{\"@type\":\"BreadcrumbList\",\"@id\":\"https:\\\/\\\/www.lawpoint.at\\\/spezialgebiete\\\/gesellschaftsrecht-ma\\\/venture-capital\\\/#breadcrumb\",\"itemListElement\":[{\"@type\":\"ListItem\",\"position\":1,\"name\":\"Startseite\",\"item\":\"https:\\\/\\\/www.lawpoint.at\\\/\"},{\"@type\":\"ListItem\",\"position\":2,\"name\":\"Spezialgebiete\",\"item\":\"https:\\\/\\\/www.lawpoint.at\\\/spezialgebiete\\\/\"},{\"@type\":\"ListItem\",\"position\":3,\"name\":\"Gesellschaftsrecht und M&#038;A\",\"item\":\"https:\\\/\\\/www.lawpoint.at\\\/spezialgebiete\\\/gesellschaftsrecht-ma\\\/\"},{\"@type\":\"ListItem\",\"position\":4,\"name\":\"Venture Capital\"}]},{\"@type\":\"WebSite\",\"@id\":\"https:\\\/\\\/www.lawpoint.at\\\/#website\",\"url\":\"https:\\\/\\\/www.lawpoint.at\\\/\",\"name\":\"lawpoint\",\"description\":\"We get to the point.\",\"publisher\":{\"@id\":\"https:\\\/\\\/www.lawpoint.at\\\/#organization\"},\"potentialAction\":[{\"@type\":\"SearchAction\",\"target\":{\"@type\":\"EntryPoint\",\"urlTemplate\":\"https:\\\/\\\/www.lawpoint.at\\\/?s={search_term_string}\"},\"query-input\":{\"@type\":\"PropertyValueSpecification\",\"valueRequired\":true,\"valueName\":\"search_term_string\"}}],\"inLanguage\":\"en-US\"},{\"@type\":\"Organization\",\"@id\":\"https:\\\/\\\/www.lawpoint.at\\\/#organization\",\"name\":\"lawpoint\",\"url\":\"https:\\\/\\\/www.lawpoint.at\\\/\",\"logo\":{\"@type\":\"ImageObject\",\"inLanguage\":\"en-US\",\"@id\":\"https:\\\/\\\/www.lawpoint.at\\\/#\\\/schema\\\/logo\\\/image\\\/\",\"url\":\"https:\\\/\\\/www.lawpoint.at\\\/wp-content\\\/uploads\\\/2021\\\/05\\\/logo_lawpoint_cmyk_zusatz_rechts_mehr-Arbeitsflaeche.png\",\"contentUrl\":\"https:\\\/\\\/www.lawpoint.at\\\/wp-content\\\/uploads\\\/2021\\\/05\\\/logo_lawpoint_cmyk_zusatz_rechts_mehr-Arbeitsflaeche.png\",\"width\":888,\"height\":448,\"caption\":\"lawpoint\"},\"image\":{\"@id\":\"https:\\\/\\\/www.lawpoint.at\\\/#\\\/schema\\\/logo\\\/image\\\/\"}}]}<\/script>\n<!-- \/ Yoast SEO plugin. -->","yoast_head_json":{"title":"Anwalt f\u00fcr Venture Capital - lawpoint","robots":{"index":"index","follow":"follow","max-snippet":"max-snippet:-1","max-image-preview":"max-image-preview:large","max-video-preview":"max-video-preview:-1"},"canonical":"https:\/\/www.lawpoint.at\/en\/spezialgebiete\/gesellschaftsrecht-ma\/venture-capital\/","og_locale":"en_US","og_type":"article","og_title":"Anwalt f\u00fcr Venture Capital - lawpoint","og_url":"https:\/\/www.lawpoint.at\/en\/spezialgebiete\/gesellschaftsrecht-ma\/venture-capital\/","og_site_name":"lawpoint","article_modified_time":"2025-09-12T09:00:09+00:00","twitter_card":"summary_large_image","twitter_misc":{"Est. reading time":"3 minutes"},"schema":{"@context":"https:\/\/schema.org","@graph":[{"@type":"WebPage","@id":"https:\/\/www.lawpoint.at\/spezialgebiete\/gesellschaftsrecht-ma\/venture-capital\/","url":"https:\/\/www.lawpoint.at\/spezialgebiete\/gesellschaftsrecht-ma\/venture-capital\/","name":"Anwalt f\u00fcr Venture Capital - lawpoint","isPartOf":{"@id":"https:\/\/www.lawpoint.at\/#website"},"datePublished":"2025-08-30T09:35:35+00:00","dateModified":"2025-09-12T09:00:09+00:00","breadcrumb":{"@id":"https:\/\/www.lawpoint.at\/spezialgebiete\/gesellschaftsrecht-ma\/venture-capital\/#breadcrumb"},"inLanguage":"en-US","potentialAction":[{"@type":"ReadAction","target":["https:\/\/www.lawpoint.at\/spezialgebiete\/gesellschaftsrecht-ma\/venture-capital\/"]}]},{"@type":"BreadcrumbList","@id":"https:\/\/www.lawpoint.at\/spezialgebiete\/gesellschaftsrecht-ma\/venture-capital\/#breadcrumb","itemListElement":[{"@type":"ListItem","position":1,"name":"Startseite","item":"https:\/\/www.lawpoint.at\/"},{"@type":"ListItem","position":2,"name":"Spezialgebiete","item":"https:\/\/www.lawpoint.at\/spezialgebiete\/"},{"@type":"ListItem","position":3,"name":"Gesellschaftsrecht und M&#038;A","item":"https:\/\/www.lawpoint.at\/spezialgebiete\/gesellschaftsrecht-ma\/"},{"@type":"ListItem","position":4,"name":"Venture Capital"}]},{"@type":"WebSite","@id":"https:\/\/www.lawpoint.at\/#website","url":"https:\/\/www.lawpoint.at\/","name":"lawpoint","description":"We get to the point.","publisher":{"@id":"https:\/\/www.lawpoint.at\/#organization"},"potentialAction":[{"@type":"SearchAction","target":{"@type":"EntryPoint","urlTemplate":"https:\/\/www.lawpoint.at\/?s={search_term_string}"},"query-input":{"@type":"PropertyValueSpecification","valueRequired":true,"valueName":"search_term_string"}}],"inLanguage":"en-US"},{"@type":"Organization","@id":"https:\/\/www.lawpoint.at\/#organization","name":"lawpoint","url":"https:\/\/www.lawpoint.at\/","logo":{"@type":"ImageObject","inLanguage":"en-US","@id":"https:\/\/www.lawpoint.at\/#\/schema\/logo\/image\/","url":"https:\/\/www.lawpoint.at\/wp-content\/uploads\/2021\/05\/logo_lawpoint_cmyk_zusatz_rechts_mehr-Arbeitsflaeche.png","contentUrl":"https:\/\/www.lawpoint.at\/wp-content\/uploads\/2021\/05\/logo_lawpoint_cmyk_zusatz_rechts_mehr-Arbeitsflaeche.png","width":888,"height":448,"caption":"lawpoint"},"image":{"@id":"https:\/\/www.lawpoint.at\/#\/schema\/logo\/image\/"}}]}},"_links":{"self":[{"href":"https:\/\/www.lawpoint.at\/en\/wp-json\/wp\/v2\/pages\/1765","targetHints":{"allow":["GET"]}}],"collection":[{"href":"https:\/\/www.lawpoint.at\/en\/wp-json\/wp\/v2\/pages"}],"about":[{"href":"https:\/\/www.lawpoint.at\/en\/wp-json\/wp\/v2\/types\/page"}],"author":[{"embeddable":true,"href":"https:\/\/www.lawpoint.at\/en\/wp-json\/wp\/v2\/users\/1"}],"replies":[{"embeddable":true,"href":"https:\/\/www.lawpoint.at\/en\/wp-json\/wp\/v2\/comments?post=1765"}],"version-history":[{"count":9,"href":"https:\/\/www.lawpoint.at\/en\/wp-json\/wp\/v2\/pages\/1765\/revisions"}],"predecessor-version":[{"id":1884,"href":"https:\/\/www.lawpoint.at\/en\/wp-json\/wp\/v2\/pages\/1765\/revisions\/1884"}],"up":[{"embeddable":true,"href":"https:\/\/www.lawpoint.at\/en\/wp-json\/wp\/v2\/pages\/1724"}],"wp:attachment":[{"href":"https:\/\/www.lawpoint.at\/en\/wp-json\/wp\/v2\/media?parent=1765"}],"curies":[{"name":"wp","href":"https:\/\/api.w.org\/{rel}","templated":true}]}}