{"id":247,"date":"2021-04-09T11:37:17","date_gmt":"2021-04-09T09:37:17","guid":{"rendered":"https:\/\/dev.lawpoint.at\/?page_id=247"},"modified":"2021-05-26T15:19:46","modified_gmt":"2021-05-26T13:19:46","slug":"unternehmensrecht","status":"publish","type":"page","link":"https:\/\/www.lawpoint.at\/en\/spezialgebiete\/unternehmensrecht\/","title":{"rendered":"Corporate Law"},"content":{"rendered":"<div  class=\"content_row row vc_row wpb_row  default-style fullwidth\">\n\t\n\t<div class=\"content_row_wrapper  default\"><div class=\"vc_col-sm-8 wpb_column vc_column_container rt-column-container\">\n\t<div class=\"vc_column-inner rt-column-inner\">\n\t\t<div class=\"wpb_wrapper rt-wrapper\">\n\t\t\t\n\t<div class=\"wpb_text_column wpb_content_element\" >\n\t\t<div class=\"wpb_wrapper\">\n\t\t\t<p>In order to offer our clients a comprehensive service, we are available for numerous tasks in corporate law.<\/p>\n\n\t\t<\/div>\n\t<\/div>\n<div  class=\"rt-toggle  icons\"><ol><li  class=\"\"><div class=\"toggle-head\"><div class=\"toggle-title\"><span class=\"icon_name\"><\/span>CORPORATE LAW<\/div><\/div><div class=\"toggle-content\"><p>Corporate law issues are essential, especially for small and medium-sized enterprises, but should not cause costs that threaten the existence of the company. Here we offer all classic services in corporate law, from company formation to takeover, sale and liquidation.<\/p>\n<\/div><\/li><li  class=\"\"><div class=\"toggle-head\"><div class=\"toggle-title\"><span class=\"icon_name\"><\/span>COMPETITION LAW<\/div><\/div><div class=\"toggle-content\"><p>In the food \/ pharmaceutical sector in particular, questions of competition law or legal disputes arise. Expertise is required in order to achieve a positive outcome to such disputes. Often even a competition violation is deliberately accepted. Then it is time to limit the damage.<\/p>\n<\/div><\/li><li  class=\"\"><div class=\"toggle-head\"><div class=\"toggle-title\"><span class=\"icon_name\"><\/span>INTELLECTUAL PROPERTY LAW<\/div><\/div><div class=\"toggle-content\"><p>Here we offer all relevant services, especially in trademark law. From advice on the creation and registration of a national or European trademark to the enforcement of claims from trademark law (trademark lawsuit), our area of \u200b\u200bactivity covers the needs of our clients.<\/p>\n<\/div><\/li><li  class=\"\"><div class=\"toggle-head\"><div class=\"toggle-title\"><span class=\"icon_name\"><\/span>GENERAL CONTRACT LAW<\/div><\/div><div class=\"toggle-content\"><p>Creativity and accuracy can be lived in contract law. We draft and review all classic contracts and also process them by taking on trusteeships. We are also available for contract negotiations.<\/p>\n<\/div><\/li><\/ol><\/div><div class=\"vc_empty_space\"   style=\"height: 32px\"><span class=\"vc_empty_space_inner\"><\/span><\/div><div class=\"button_wrapper  arrow rounded\"><a href=\"https:\/\/www.lawpoint.at\/kontakt\/\" target=\"_self\" title=\"Contact us\" class=\"button_  custom medium rt-8893989\"><span><span>Contact us<\/span><\/span><\/a><\/div><div class=\"vc_empty_space\"   style=\"height: 60px\"><span class=\"vc_empty_space_inner\"><\/span><\/div>\n\t\t<\/div>\n\t<\/div>\n\t<\/div>\n\n\t<div class=\"vc_col-sm-4 wpb_column vc_column_container rt-column-container\">\n\t<div class=\"vc_column-inner rt-column-inner\">\n\t\t<div class=\"wpb_wrapper rt-wrapper\">\n\t\t\t\n\t\t<\/div>\n\t<\/div>\n\t<\/div>\n<\/div>\n<\/div>","protected":false},"excerpt":{"rendered":"Um unseren Kunden ein umfassendes Service anzubieten, stehen wir f\u00fcr zahlreiche Aufgaben im Unternehmensrecht zur Verf\u00fcgung. GESELLSCHAFTSRECHTGerade f\u00fcr Klein- und Mittelunternehmen sind gesellschaftsrechtliche Fragen essentiell, sollen aber nicht existenzbedrohende Kosten verursachen. Hier bieten wir von der Gesellschaftsgr\u00fcndung, bis zur \u00dcbernahme, dem Verkauf und der Liquidation alle klassischen Dienstleistungen im Gesellschaftsrecht an. WETTBEWERBSRECHTSpeziell im Lebensmittel-\/Arzneimittelbereich stellen [...]","protected":false},"author":1,"featured_media":0,"parent":200,"menu_order":0,"comment_status":"closed","ping_status":"closed","template":"","meta":{"footnotes":""},"class_list":["post-247","page","type-page","status-publish","hentry"],"yoast_head":"<!-- This site is optimized with the Yoast SEO plugin v27.2 - https:\/\/yoast.com\/product\/yoast-seo-wordpress\/ -->\n<title>Unternehmensrecht - lawpoint<\/title>\n<meta name=\"robots\" content=\"index, follow, max-snippet:-1, max-image-preview:large, max-video-preview:-1\" \/>\n<link rel=\"canonical\" href=\"https:\/\/www.lawpoint.at\/en\/spezialgebiete\/unternehmensrecht\/\" \/>\n<meta property=\"og:locale\" content=\"en_US\" \/>\n<meta property=\"og:type\" content=\"article\" \/>\n<meta property=\"og:title\" content=\"Unternehmensrecht - lawpoint\" \/>\n<meta property=\"og:url\" content=\"https:\/\/www.lawpoint.at\/en\/spezialgebiete\/unternehmensrecht\/\" \/>\n<meta property=\"og:site_name\" content=\"lawpoint\" \/>\n<meta property=\"article:modified_time\" content=\"2021-05-26T13:19:46+00:00\" \/>\n<meta name=\"twitter:card\" content=\"summary_large_image\" \/>\n<meta name=\"twitter:label1\" content=\"Est. reading time\" \/>\n\t<meta name=\"twitter:data1\" content=\"1 minute\" \/>\n<script type=\"application\/ld+json\" class=\"yoast-schema-graph\">{\"@context\":\"https:\/\/schema.org\",\"@graph\":[{\"@type\":\"WebPage\",\"@id\":\"https:\/\/www.lawpoint.at\/en\/spezialgebiete\/unternehmensrecht\/\",\"url\":\"https:\/\/www.lawpoint.at\/en\/spezialgebiete\/unternehmensrecht\/\",\"name\":\"Unternehmensrecht - lawpoint\",\"isPartOf\":{\"@id\":\"https:\/\/www.lawpoint.at\/#website\"},\"datePublished\":\"2021-04-09T09:37:17+00:00\",\"dateModified\":\"2021-05-26T13:19:46+00:00\",\"breadcrumb\":{\"@id\":\"https:\/\/www.lawpoint.at\/en\/spezialgebiete\/unternehmensrecht\/#breadcrumb\"},\"inLanguage\":\"en-US\",\"potentialAction\":[{\"@type\":\"ReadAction\",\"target\":[\"https:\/\/www.lawpoint.at\/en\/spezialgebiete\/unternehmensrecht\/\"]}]},{\"@type\":\"BreadcrumbList\",\"@id\":\"https:\/\/www.lawpoint.at\/en\/spezialgebiete\/unternehmensrecht\/#breadcrumb\",\"itemListElement\":[{\"@type\":\"ListItem\",\"position\":1,\"name\":\"Startseite\",\"item\":\"https:\/\/www.lawpoint.at\/\"},{\"@type\":\"ListItem\",\"position\":2,\"name\":\"Spezialgebiete\",\"item\":\"https:\/\/www.lawpoint.at\/spezialgebiete\/\"},{\"@type\":\"ListItem\",\"position\":3,\"name\":\"Unternehmensrecht\"}]},{\"@type\":\"WebSite\",\"@id\":\"https:\/\/www.lawpoint.at\/#website\",\"url\":\"https:\/\/www.lawpoint.at\/\",\"name\":\"lawpoint\",\"description\":\"We get to the point.\",\"publisher\":{\"@id\":\"https:\/\/www.lawpoint.at\/#organization\"},\"potentialAction\":[{\"@type\":\"SearchAction\",\"target\":{\"@type\":\"EntryPoint\",\"urlTemplate\":\"https:\/\/www.lawpoint.at\/?s={search_term_string}\"},\"query-input\":{\"@type\":\"PropertyValueSpecification\",\"valueRequired\":true,\"valueName\":\"search_term_string\"}}],\"inLanguage\":\"en-US\"},{\"@type\":\"Organization\",\"@id\":\"https:\/\/www.lawpoint.at\/#organization\",\"name\":\"lawpoint\",\"url\":\"https:\/\/www.lawpoint.at\/\",\"logo\":{\"@type\":\"ImageObject\",\"inLanguage\":\"en-US\",\"@id\":\"https:\/\/www.lawpoint.at\/#\/schema\/logo\/image\/\",\"url\":\"https:\/\/www.lawpoint.at\/wp-content\/uploads\/2021\/05\/logo_lawpoint_cmyk_zusatz_rechts_mehr-Arbeitsflaeche.png\",\"contentUrl\":\"https:\/\/www.lawpoint.at\/wp-content\/uploads\/2021\/05\/logo_lawpoint_cmyk_zusatz_rechts_mehr-Arbeitsflaeche.png\",\"width\":888,\"height\":448,\"caption\":\"lawpoint\"},\"image\":{\"@id\":\"https:\/\/www.lawpoint.at\/#\/schema\/logo\/image\/\"}}]}<\/script>\n<!-- \/ Yoast SEO plugin. -->","yoast_head_json":{"title":"Unternehmensrecht - lawpoint","robots":{"index":"index","follow":"follow","max-snippet":"max-snippet:-1","max-image-preview":"max-image-preview:large","max-video-preview":"max-video-preview:-1"},"canonical":"https:\/\/www.lawpoint.at\/en\/spezialgebiete\/unternehmensrecht\/","og_locale":"en_US","og_type":"article","og_title":"Unternehmensrecht - lawpoint","og_url":"https:\/\/www.lawpoint.at\/en\/spezialgebiete\/unternehmensrecht\/","og_site_name":"lawpoint","article_modified_time":"2021-05-26T13:19:46+00:00","twitter_card":"summary_large_image","twitter_misc":{"Est. reading time":"1 minute"},"schema":{"@context":"https:\/\/schema.org","@graph":[{"@type":"WebPage","@id":"https:\/\/www.lawpoint.at\/en\/spezialgebiete\/unternehmensrecht\/","url":"https:\/\/www.lawpoint.at\/en\/spezialgebiete\/unternehmensrecht\/","name":"Unternehmensrecht - lawpoint","isPartOf":{"@id":"https:\/\/www.lawpoint.at\/#website"},"datePublished":"2021-04-09T09:37:17+00:00","dateModified":"2021-05-26T13:19:46+00:00","breadcrumb":{"@id":"https:\/\/www.lawpoint.at\/en\/spezialgebiete\/unternehmensrecht\/#breadcrumb"},"inLanguage":"en-US","potentialAction":[{"@type":"ReadAction","target":["https:\/\/www.lawpoint.at\/en\/spezialgebiete\/unternehmensrecht\/"]}]},{"@type":"BreadcrumbList","@id":"https:\/\/www.lawpoint.at\/en\/spezialgebiete\/unternehmensrecht\/#breadcrumb","itemListElement":[{"@type":"ListItem","position":1,"name":"Startseite","item":"https:\/\/www.lawpoint.at\/"},{"@type":"ListItem","position":2,"name":"Spezialgebiete","item":"https:\/\/www.lawpoint.at\/spezialgebiete\/"},{"@type":"ListItem","position":3,"name":"Unternehmensrecht"}]},{"@type":"WebSite","@id":"https:\/\/www.lawpoint.at\/#website","url":"https:\/\/www.lawpoint.at\/","name":"lawpoint","description":"We get to the point.","publisher":{"@id":"https:\/\/www.lawpoint.at\/#organization"},"potentialAction":[{"@type":"SearchAction","target":{"@type":"EntryPoint","urlTemplate":"https:\/\/www.lawpoint.at\/?s={search_term_string}"},"query-input":{"@type":"PropertyValueSpecification","valueRequired":true,"valueName":"search_term_string"}}],"inLanguage":"en-US"},{"@type":"Organization","@id":"https:\/\/www.lawpoint.at\/#organization","name":"lawpoint","url":"https:\/\/www.lawpoint.at\/","logo":{"@type":"ImageObject","inLanguage":"en-US","@id":"https:\/\/www.lawpoint.at\/#\/schema\/logo\/image\/","url":"https:\/\/www.lawpoint.at\/wp-content\/uploads\/2021\/05\/logo_lawpoint_cmyk_zusatz_rechts_mehr-Arbeitsflaeche.png","contentUrl":"https:\/\/www.lawpoint.at\/wp-content\/uploads\/2021\/05\/logo_lawpoint_cmyk_zusatz_rechts_mehr-Arbeitsflaeche.png","width":888,"height":448,"caption":"lawpoint"},"image":{"@id":"https:\/\/www.lawpoint.at\/#\/schema\/logo\/image\/"}}]}},"_links":{"self":[{"href":"https:\/\/www.lawpoint.at\/en\/wp-json\/wp\/v2\/pages\/247","targetHints":{"allow":["GET"]}}],"collection":[{"href":"https:\/\/www.lawpoint.at\/en\/wp-json\/wp\/v2\/pages"}],"about":[{"href":"https:\/\/www.lawpoint.at\/en\/wp-json\/wp\/v2\/types\/page"}],"author":[{"embeddable":true,"href":"https:\/\/www.lawpoint.at\/en\/wp-json\/wp\/v2\/users\/1"}],"replies":[{"embeddable":true,"href":"https:\/\/www.lawpoint.at\/en\/wp-json\/wp\/v2\/comments?post=247"}],"version-history":[{"count":9,"href":"https:\/\/www.lawpoint.at\/en\/wp-json\/wp\/v2\/pages\/247\/revisions"}],"predecessor-version":[{"id":700,"href":"https:\/\/www.lawpoint.at\/en\/wp-json\/wp\/v2\/pages\/247\/revisions\/700"}],"up":[{"embeddable":true,"href":"https:\/\/www.lawpoint.at\/en\/wp-json\/wp\/v2\/pages\/200"}],"wp:attachment":[{"href":"https:\/\/www.lawpoint.at\/en\/wp-json\/wp\/v2\/media?parent=247"}],"curies":[{"name":"wp","href":"https:\/\/api.w.org\/{rel}","templated":true}]}}