{"id":595,"date":"2021-05-05T16:39:33","date_gmt":"2021-05-05T14:39:33","guid":{"rendered":"https:\/\/dev.lawpoint.at\/?page_id=595"},"modified":"2021-06-09T12:22:00","modified_gmt":"2021-06-09T10:22:00","slug":"gemeinderecht","status":"publish","type":"page","link":"https:\/\/www.lawpoint.at\/en\/spezialgebiete\/gemeinderecht\/","title":{"rendered":"Community Law"},"content":{"rendered":"<div  class=\"content_row row vc_row wpb_row  default-style fullwidth\">\n\t\n\t<div class=\"content_row_wrapper  default\">\n\t<div class=\"vc_col-sm-12 wpb_column vc_column_container rt-column-container\">\n\t<div class=\"vc_column-inner rt-column-inner\">\n\t\t<div class=\"wpb_wrapper rt-wrapper\">\n\t\t\t\n\t<div class=\"wpb_text_column wpb_content_element\" >\n\t\t<div class=\"wpb_wrapper\">\n\t\t\t<p>Municipalities are confronted with a wide variety of issues and problems every day. The affairs of the municipality and the mayor range from the official handling of applications (e.g. building permits) and the issuing of ordinances (e.g. zoning plans) to the awarding of complex and economically important contracts. In addition to the numerous provisions of general law, the actions of municipal bodies and their organization are determined in many respects by the respective municipal code. We advise municipalities both on the enactment of official acts and on their private-sector activities.<\/p>\n\n\t\t<\/div>\n\t<\/div>\n<div class=\"vc_empty_space\"   style=\"height: 32px\"><span class=\"vc_empty_space_inner\"><\/span><\/div><div class=\"button_wrapper  arrow rounded\"><a href=\"https:\/\/www.lawpoint.at\/kontakt\/\" target=\"_self\" title=\"Contact us\" class=\"button_  style-1 medium rt-6608592\"><span><span>Contact us<\/span><\/span><\/a><\/div>\n\t\t<\/div>\n\t<\/div>\n\t<\/div>\n\n<\/div>\n<\/div>","protected":false},"excerpt":{"rendered":"Gemeinden sind jeden Tag mit den unterschiedlichsten Fragestellungen und Problemen konfrontiert. Die Angelegenheiten der Gemeinde bzw des B\u00fcrgermeisters reichen dabei von der bescheidm\u00e4\u00dfigen Erledigung von Antr\u00e4gen (etwa Baubewilligungen) \u00fcber die Erlassung von Verordnungen (wie etwa von Fl\u00e4chenwidmungspl\u00e4nen) bis hin zu komplexen und wirtschaftlich bedeutsamen Auftragsvergaben. Neben den zahlreichen Vorgaben allgemeinrechtlicher Natur wird das Handeln der [...]","protected":false},"author":1,"featured_media":0,"parent":200,"menu_order":0,"comment_status":"closed","ping_status":"closed","template":"","meta":{"footnotes":""},"class_list":["post-595","page","type-page","status-publish","hentry"],"yoast_head":"<!-- This site is optimized with the Yoast SEO plugin v27.4 - https:\/\/yoast.com\/product\/yoast-seo-wordpress\/ -->\n<title>Gemeinderecht - lawpoint<\/title>\n<meta name=\"robots\" content=\"index, follow, max-snippet:-1, max-image-preview:large, max-video-preview:-1\" \/>\n<link rel=\"canonical\" href=\"https:\/\/www.lawpoint.at\/en\/spezialgebiete\/gemeinderecht\/\" \/>\n<meta property=\"og:locale\" content=\"en_US\" \/>\n<meta property=\"og:type\" content=\"article\" \/>\n<meta property=\"og:title\" content=\"Gemeinderecht - lawpoint\" \/>\n<meta property=\"og:url\" content=\"https:\/\/www.lawpoint.at\/en\/spezialgebiete\/gemeinderecht\/\" \/>\n<meta property=\"og:site_name\" content=\"lawpoint\" \/>\n<meta property=\"article:modified_time\" content=\"2021-06-09T10:22:00+00:00\" \/>\n<meta name=\"twitter:card\" content=\"summary_large_image\" \/>\n<meta name=\"twitter:label1\" content=\"Est. reading time\" \/>\n\t<meta name=\"twitter:data1\" content=\"1 minute\" \/>\n<script type=\"application\/ld+json\" class=\"yoast-schema-graph\">{\"@context\":\"https:\\\/\\\/schema.org\",\"@graph\":[{\"@type\":\"WebPage\",\"@id\":\"https:\\\/\\\/www.lawpoint.at\\\/en\\\/spezialgebiete\\\/gemeinderecht\\\/\",\"url\":\"https:\\\/\\\/www.lawpoint.at\\\/en\\\/spezialgebiete\\\/gemeinderecht\\\/\",\"name\":\"Gemeinderecht - lawpoint\",\"isPartOf\":{\"@id\":\"https:\\\/\\\/www.lawpoint.at\\\/#website\"},\"datePublished\":\"2021-05-05T14:39:33+00:00\",\"dateModified\":\"2021-06-09T10:22:00+00:00\",\"breadcrumb\":{\"@id\":\"https:\\\/\\\/www.lawpoint.at\\\/en\\\/spezialgebiete\\\/gemeinderecht\\\/#breadcrumb\"},\"inLanguage\":\"en-US\",\"potentialAction\":[{\"@type\":\"ReadAction\",\"target\":[\"https:\\\/\\\/www.lawpoint.at\\\/en\\\/spezialgebiete\\\/gemeinderecht\\\/\"]}]},{\"@type\":\"BreadcrumbList\",\"@id\":\"https:\\\/\\\/www.lawpoint.at\\\/en\\\/spezialgebiete\\\/gemeinderecht\\\/#breadcrumb\",\"itemListElement\":[{\"@type\":\"ListItem\",\"position\":1,\"name\":\"Startseite\",\"item\":\"https:\\\/\\\/www.lawpoint.at\\\/\"},{\"@type\":\"ListItem\",\"position\":2,\"name\":\"Spezialgebiete\",\"item\":\"https:\\\/\\\/www.lawpoint.at\\\/spezialgebiete\\\/\"},{\"@type\":\"ListItem\",\"position\":3,\"name\":\"Gemeinderecht\"}]},{\"@type\":\"WebSite\",\"@id\":\"https:\\\/\\\/www.lawpoint.at\\\/#website\",\"url\":\"https:\\\/\\\/www.lawpoint.at\\\/\",\"name\":\"lawpoint\",\"description\":\"We get to the point.\",\"publisher\":{\"@id\":\"https:\\\/\\\/www.lawpoint.at\\\/#organization\"},\"potentialAction\":[{\"@type\":\"SearchAction\",\"target\":{\"@type\":\"EntryPoint\",\"urlTemplate\":\"https:\\\/\\\/www.lawpoint.at\\\/?s={search_term_string}\"},\"query-input\":{\"@type\":\"PropertyValueSpecification\",\"valueRequired\":true,\"valueName\":\"search_term_string\"}}],\"inLanguage\":\"en-US\"},{\"@type\":\"Organization\",\"@id\":\"https:\\\/\\\/www.lawpoint.at\\\/#organization\",\"name\":\"lawpoint\",\"url\":\"https:\\\/\\\/www.lawpoint.at\\\/\",\"logo\":{\"@type\":\"ImageObject\",\"inLanguage\":\"en-US\",\"@id\":\"https:\\\/\\\/www.lawpoint.at\\\/#\\\/schema\\\/logo\\\/image\\\/\",\"url\":\"https:\\\/\\\/www.lawpoint.at\\\/wp-content\\\/uploads\\\/2021\\\/05\\\/logo_lawpoint_cmyk_zusatz_rechts_mehr-Arbeitsflaeche.png\",\"contentUrl\":\"https:\\\/\\\/www.lawpoint.at\\\/wp-content\\\/uploads\\\/2021\\\/05\\\/logo_lawpoint_cmyk_zusatz_rechts_mehr-Arbeitsflaeche.png\",\"width\":888,\"height\":448,\"caption\":\"lawpoint\"},\"image\":{\"@id\":\"https:\\\/\\\/www.lawpoint.at\\\/#\\\/schema\\\/logo\\\/image\\\/\"}}]}<\/script>\n<!-- \/ Yoast SEO plugin. -->","yoast_head_json":{"title":"Gemeinderecht - lawpoint","robots":{"index":"index","follow":"follow","max-snippet":"max-snippet:-1","max-image-preview":"max-image-preview:large","max-video-preview":"max-video-preview:-1"},"canonical":"https:\/\/www.lawpoint.at\/en\/spezialgebiete\/gemeinderecht\/","og_locale":"en_US","og_type":"article","og_title":"Gemeinderecht - lawpoint","og_url":"https:\/\/www.lawpoint.at\/en\/spezialgebiete\/gemeinderecht\/","og_site_name":"lawpoint","article_modified_time":"2021-06-09T10:22:00+00:00","twitter_card":"summary_large_image","twitter_misc":{"Est. reading time":"1 minute"},"schema":{"@context":"https:\/\/schema.org","@graph":[{"@type":"WebPage","@id":"https:\/\/www.lawpoint.at\/en\/spezialgebiete\/gemeinderecht\/","url":"https:\/\/www.lawpoint.at\/en\/spezialgebiete\/gemeinderecht\/","name":"Gemeinderecht - lawpoint","isPartOf":{"@id":"https:\/\/www.lawpoint.at\/#website"},"datePublished":"2021-05-05T14:39:33+00:00","dateModified":"2021-06-09T10:22:00+00:00","breadcrumb":{"@id":"https:\/\/www.lawpoint.at\/en\/spezialgebiete\/gemeinderecht\/#breadcrumb"},"inLanguage":"en-US","potentialAction":[{"@type":"ReadAction","target":["https:\/\/www.lawpoint.at\/en\/spezialgebiete\/gemeinderecht\/"]}]},{"@type":"BreadcrumbList","@id":"https:\/\/www.lawpoint.at\/en\/spezialgebiete\/gemeinderecht\/#breadcrumb","itemListElement":[{"@type":"ListItem","position":1,"name":"Startseite","item":"https:\/\/www.lawpoint.at\/"},{"@type":"ListItem","position":2,"name":"Spezialgebiete","item":"https:\/\/www.lawpoint.at\/spezialgebiete\/"},{"@type":"ListItem","position":3,"name":"Gemeinderecht"}]},{"@type":"WebSite","@id":"https:\/\/www.lawpoint.at\/#website","url":"https:\/\/www.lawpoint.at\/","name":"lawpoint","description":"We get to the point.","publisher":{"@id":"https:\/\/www.lawpoint.at\/#organization"},"potentialAction":[{"@type":"SearchAction","target":{"@type":"EntryPoint","urlTemplate":"https:\/\/www.lawpoint.at\/?s={search_term_string}"},"query-input":{"@type":"PropertyValueSpecification","valueRequired":true,"valueName":"search_term_string"}}],"inLanguage":"en-US"},{"@type":"Organization","@id":"https:\/\/www.lawpoint.at\/#organization","name":"lawpoint","url":"https:\/\/www.lawpoint.at\/","logo":{"@type":"ImageObject","inLanguage":"en-US","@id":"https:\/\/www.lawpoint.at\/#\/schema\/logo\/image\/","url":"https:\/\/www.lawpoint.at\/wp-content\/uploads\/2021\/05\/logo_lawpoint_cmyk_zusatz_rechts_mehr-Arbeitsflaeche.png","contentUrl":"https:\/\/www.lawpoint.at\/wp-content\/uploads\/2021\/05\/logo_lawpoint_cmyk_zusatz_rechts_mehr-Arbeitsflaeche.png","width":888,"height":448,"caption":"lawpoint"},"image":{"@id":"https:\/\/www.lawpoint.at\/#\/schema\/logo\/image\/"}}]}},"_links":{"self":[{"href":"https:\/\/www.lawpoint.at\/en\/wp-json\/wp\/v2\/pages\/595","targetHints":{"allow":["GET"]}}],"collection":[{"href":"https:\/\/www.lawpoint.at\/en\/wp-json\/wp\/v2\/pages"}],"about":[{"href":"https:\/\/www.lawpoint.at\/en\/wp-json\/wp\/v2\/types\/page"}],"author":[{"embeddable":true,"href":"https:\/\/www.lawpoint.at\/en\/wp-json\/wp\/v2\/users\/1"}],"replies":[{"embeddable":true,"href":"https:\/\/www.lawpoint.at\/en\/wp-json\/wp\/v2\/comments?post=595"}],"version-history":[{"count":5,"href":"https:\/\/www.lawpoint.at\/en\/wp-json\/wp\/v2\/pages\/595\/revisions"}],"predecessor-version":[{"id":821,"href":"https:\/\/www.lawpoint.at\/en\/wp-json\/wp\/v2\/pages\/595\/revisions\/821"}],"up":[{"embeddable":true,"href":"https:\/\/www.lawpoint.at\/en\/wp-json\/wp\/v2\/pages\/200"}],"wp:attachment":[{"href":"https:\/\/www.lawpoint.at\/en\/wp-json\/wp\/v2\/media?parent=595"}],"curies":[{"name":"wp","href":"https:\/\/api.w.org\/{rel}","templated":true}]}}