{"id":855,"date":"2021-06-17T15:03:16","date_gmt":"2021-06-17T13:03:16","guid":{"rendered":"https:\/\/dev.lawpoint.at\/?page_id=855"},"modified":"2021-06-30T17:10:13","modified_gmt":"2021-06-30T15:10:13","slug":"impressum","status":"publish","type":"page","link":"https:\/\/www.lawpoint.at\/en\/impressum\/","title":{"rendered":"Imprint"},"content":{"rendered":"<div class=\"content_row row vc_row wpb_row  default-style fullwidth\">\n\t\n\t<div class=\"content_row_wrapper  default\">\n\t<div class=\"vc_col-sm-12 wpb_column vc_column_container rt-column-container\">\n\t<div class=\"vc_column-inner rt-column-inner\">\n\t\t<div class=\"wpb_wrapper rt-wrapper\">\n\t\t\t\n\t\t\t\t<p class=\"rs-p-wp-fix\"><\/p>\n\t\t\t\t<sr7-module data-alias=\"impressum-1\" data-id=\"69\" id=\"SR7_69_1\" data-version=\"6.7.51\">\n\t\t\t\t\t<sr7-adjuster><\/sr7-adjuster>\n\t\t\t\t\t<sr7-content>\n\t\t\t\t\t\t<sr7-slide id=\"SR7_69_1-47\" data-key=\"47\">\n\t\t\t\t\t\t\t<sr7-txt id=\"SR7_69_1-47-1\" class=\"sr7-layer\">IMPRESSUM<\/sr7-txt>\n\t\t\t\t\t\t<\/sr7-slide>\n\t\t\t\t\t\t<sr7-slide id=\"SR7_69_1-86\" data-key=\"86\">\n\t\t\t\t\t\t<\/sr7-slide>\n\t\t\t\t\t<\/sr7-content>\n\t\t\t\t<\/sr7-module>\n\t\t\t\t<script>\n\t\t\t\t\twindow.SR7 ??={};SR7.PMH ??={}; SR7.PMH[\"SR7_69_1\"] = {cn:100,state:false,fn: function() { if (window._tpt!==undefined && window._tpt.prepareModuleHeight !== undefined) {  _tpt.prepareModuleHeight({id:\"SR7_69_1\",el:[300,230,190,160],type:'standard',shdw:'0',gh:[300,230,190,160],gw:[1240,1024,778,480],vpt:['-200px'],size:{fullWidth:true, fullHeight:false},mh:'0',onh:0,onw:0,bg:{color:'transparent'}});   SR7.PMH[\"SR7_69_1\"].state=true;} else if(SR7.PMH[\"SR7_69_1\"].cn-->0)\tsetTimeout( SR7.PMH[\"SR7_69_1\"].fn,19);}};SR7.PMH[\"SR7_69_1\" ].fn();\n\t\t\t\t<\/script>\n\n\t\t<\/div>\n\t<\/div>\n\t<\/div>\n\n<\/div>\n<\/div>\n\n<div  class=\"content_row row vc_row wpb_row  default-style fullwidth rt-2696893\">\n\t\n\t<div class=\"content_row_wrapper  default\">\n\t<div class=\"vc_col-sm-12 wpb_column vc_column_container rt-column-container\">\n\t<div class=\"vc_column-inner rt-column-inner\">\n\t\t<div class=\"wpb_wrapper rt-wrapper\">\n\t\t\t\n\t<div class=\"wpb_text_column wpb_content_element\" >\n\t\t<div class=\"wpb_wrapper\">\n\t\t\t<div class=\"content_row row vc_row wpb_row default-style fullwidth\">\n<div class=\"content_row_wrapper default\">\n<div class=\"vc_col-sm-12 wpb_column vc_column_container rt-column-container\">\n<div class=\"vc_column-inner rt-column-inner\">\n<div class=\"wpb_wrapper rt-wrapper\">\n<div class=\"wpb_text_column wpb_content_element \">\n<div class=\"wpb_wrapper\">\n<p><strong>INFORMATIONSPFLICHTEN <\/strong><\/p>\n<p><strong>gem\u00e4\u00df \u00a7 5 E-Commerce- Gesetz und Offenlegung gem\u00e4\u00df \u00a7 25 Mediengesetz<\/strong><\/p>\n<p><strong>Firma:<\/strong> lawpoint H\u00fctthaler-Brandauer &amp; Aky\u00fcrek Rechtsanw\u00e4lte GmbH<br \/>\n<strong>Adresse:<\/strong> Otto Bauer Gasse 4, 1060 Wien<br \/>\n<strong>Tel:<\/strong> +43 \/ 1 \/ 5870558<br \/>\n<strong>Fax:<\/strong> +43 \/ 1 \/5870558 \u2013 20<br \/>\n<strong>E-Mail:<\/strong>\u00a0<a href=\"mailto:kanzlei@lawpoint.at\">kanzlei@lawpoint.at<\/a><br \/>\n<strong>Website:<\/strong>\u00a0<a href=\"http:\/\/www.lawpoint.at\/\">www.lawpoint.at<\/a><\/p>\n<p><strong>UID-Nummer:<\/strong> ATU77001058<br \/>\n<strong>Firmenbuch:<\/strong> Handelsgericht Wien FN 558453f<br \/>\n<strong>Zust\u00e4ndige Aufsichtsbeh\u00f6rde:<\/strong> Rechtsanwaltskammer Wien<br \/>\n<strong>Kammerzugeh\u00f6rigkeit:<\/strong> Rechtsanwaltskammer Wien<br \/>\n<strong>Berufsbezeichnung:<\/strong> Rechtsanw\u00e4lte<br \/>\n<strong>Gesetzliche berufsm\u00e4\u00dfige Bestimmungen:<\/strong> Rechtsanwaltsordnung (RAO), Novellierungen nachzulesen unter:\u00a0<a href=\"http:\/\/www.ris.bka.gv.at\/bundesrecht\">www.ris.bka.gv.at\/bundesrecht<\/a><\/p>\n<p><strong>Medieninhaber:<\/strong> lawpoint H\u00fctthaler-Brandauer &amp; Aky\u00fcrek Rechtsanw\u00e4lte GmbH<\/p>\n<p><strong>Unternehmensgegenstand<\/strong>: Gegenstand des Unternehmens ist die Aus\u00fcbung der Rechtsanwaltschaft einschlie\u00dflich der erforderlichen Hilfst\u00e4tigkeiten und der Verwaltung des Gesellschaftsverm\u00f6gens (\u00a7 21c Z 6 RAO). Bankgesch\u00e4fte nach dem \u00f6sterreichischen Bankwesengesetz und dem Wertpapieraufsichtsgesetz sind vom Unternehmensgegenstand jedenfalls ausgeschlossen.<\/p>\n<p><strong>Gesellschafter und Gesch\u00e4ftsf\u00fchrer:<\/strong> Dr. Metin Aky\u00fcrek, Mag, Jakob H\u00fctthaler-Brandauer<\/p>\n<p>Offenlegung nach \u00a7 25 Abs 4 MedienG: Diese Website dient der Information \u00fcber die lawpoint H\u00fctthaler-Brandauer &amp; Aky\u00fcrek Rechtsanw\u00e4lte GmbH, die erbrachten Dienstleistungen und rechtlichen Neuerungen. Die Website ist ein Kommunikationsmedium und richtet sich an Mandanten\/Kunden und sonstige an Rechtsfragen interessierte Personen.<\/p>\n<\/div>\n<\/div>\n<\/div>\n<\/div>\n<\/div>\n<\/div>\n<\/div>\n<div class=\"content_row row vc_row wpb_row default-style fullwidth\">\n<div class=\"content_row_wrapper default\">\n<div class=\"vc_col-sm-12 wpb_column vc_column_container rt-column-container\">\n<div class=\"vc_column-inner rt-column-inner\">\n<div class=\"wpb_wrapper rt-wrapper\">\n<div class=\"rt-heading-wrapper rt-3650567\">\n<p id=\"datenschutz\" class=\"rt-heading\"><strong>Datenschutz<\/strong><\/p>\n<\/div>\n<div class=\"wpb_text_column wpb_content_element \">\n<div class=\"wpb_wrapper\">\n<p><a href=\"http:\/\/www.lawpoint.at\/datenschutz\">Hier geht\u2019s zur Datenschutzerkl\u00e4rung<\/a><\/p>\n<\/div>\n<\/div>\n<\/div>\n<\/div>\n<\/div>\n<\/div>\n<\/div>\n\n\t\t<\/div>\n\t<\/div>\n\n\t\t<\/div>\n\t<\/div>\n\t<\/div>\n\n<\/div>\n<\/div>\n","protected":false},"excerpt":{"rendered":"IMPRESSUM INFORMATIONSPFLICHTEN gem\u00e4\u00df \u00a7 5 E-Commerce- Gesetz und Offenlegung gem\u00e4\u00df \u00a7 25 Mediengesetz Firma: lawpoint H\u00fctthaler-Brandauer &amp; Aky\u00fcrek Rechtsanw\u00e4lte GmbH Adresse: Otto Bauer Gasse 4, 1060 Wien Tel: +43 \/ 1 \/ 5870558 Fax: +43 \/ 1 \/5870558 \u2013 20 E-Mail:\u00a0kanzlei@lawpoint.at Website:\u00a0www.lawpoint.at UID-Nummer: ATU77001058 Firmenbuch: Handelsgericht Wien FN 558453f Zust\u00e4ndige Aufsichtsbeh\u00f6rde: Rechtsanwaltskammer Wien Kammerzugeh\u00f6rigkeit: Rechtsanwaltskammer [...]","protected":false},"author":1,"featured_media":0,"parent":0,"menu_order":0,"comment_status":"closed","ping_status":"closed","template":"","meta":{"footnotes":""},"class_list":["post-855","page","type-page","status-publish","hentry"],"yoast_head":"<!-- This site is optimized with the Yoast SEO plugin v27.2 - https:\/\/yoast.com\/product\/yoast-seo-wordpress\/ -->\n<title>Impressum - lawpoint<\/title>\n<meta name=\"robots\" content=\"index, follow, max-snippet:-1, max-image-preview:large, max-video-preview:-1\" \/>\n<link rel=\"canonical\" href=\"https:\/\/www.lawpoint.at\/en\/impressum\/\" \/>\n<meta property=\"og:locale\" content=\"en_US\" \/>\n<meta property=\"og:type\" content=\"article\" \/>\n<meta property=\"og:title\" content=\"Impressum - lawpoint\" \/>\n<meta property=\"og:url\" content=\"https:\/\/www.lawpoint.at\/en\/impressum\/\" \/>\n<meta property=\"og:site_name\" content=\"lawpoint\" \/>\n<meta property=\"article:modified_time\" content=\"2021-06-30T15:10:13+00:00\" \/>\n<meta name=\"twitter:card\" content=\"summary_large_image\" \/>\n<meta name=\"twitter:label1\" content=\"Est. reading time\" \/>\n\t<meta name=\"twitter:data1\" content=\"1 minute\" \/>\n<script type=\"application\/ld+json\" class=\"yoast-schema-graph\">{\"@context\":\"https:\/\/schema.org\",\"@graph\":[{\"@type\":\"WebPage\",\"@id\":\"https:\/\/www.lawpoint.at\/impressum\/\",\"url\":\"https:\/\/www.lawpoint.at\/impressum\/\",\"name\":\"Impressum - lawpoint\",\"isPartOf\":{\"@id\":\"https:\/\/www.lawpoint.at\/#website\"},\"datePublished\":\"2021-06-17T13:03:16+00:00\",\"dateModified\":\"2021-06-30T15:10:13+00:00\",\"breadcrumb\":{\"@id\":\"https:\/\/www.lawpoint.at\/impressum\/#breadcrumb\"},\"inLanguage\":\"en-US\",\"potentialAction\":[{\"@type\":\"ReadAction\",\"target\":[\"https:\/\/www.lawpoint.at\/impressum\/\"]}]},{\"@type\":\"BreadcrumbList\",\"@id\":\"https:\/\/www.lawpoint.at\/impressum\/#breadcrumb\",\"itemListElement\":[{\"@type\":\"ListItem\",\"position\":1,\"name\":\"Startseite\",\"item\":\"https:\/\/www.lawpoint.at\/\"},{\"@type\":\"ListItem\",\"position\":2,\"name\":\"Impressum\"}]},{\"@type\":\"WebSite\",\"@id\":\"https:\/\/www.lawpoint.at\/#website\",\"url\":\"https:\/\/www.lawpoint.at\/\",\"name\":\"lawpoint\",\"description\":\"We get to the point.\",\"publisher\":{\"@id\":\"https:\/\/www.lawpoint.at\/#organization\"},\"potentialAction\":[{\"@type\":\"SearchAction\",\"target\":{\"@type\":\"EntryPoint\",\"urlTemplate\":\"https:\/\/www.lawpoint.at\/?s={search_term_string}\"},\"query-input\":{\"@type\":\"PropertyValueSpecification\",\"valueRequired\":true,\"valueName\":\"search_term_string\"}}],\"inLanguage\":\"en-US\"},{\"@type\":\"Organization\",\"@id\":\"https:\/\/www.lawpoint.at\/#organization\",\"name\":\"lawpoint\",\"url\":\"https:\/\/www.lawpoint.at\/\",\"logo\":{\"@type\":\"ImageObject\",\"inLanguage\":\"en-US\",\"@id\":\"https:\/\/www.lawpoint.at\/#\/schema\/logo\/image\/\",\"url\":\"https:\/\/www.lawpoint.at\/wp-content\/uploads\/2021\/05\/logo_lawpoint_cmyk_zusatz_rechts_mehr-Arbeitsflaeche.png\",\"contentUrl\":\"https:\/\/www.lawpoint.at\/wp-content\/uploads\/2021\/05\/logo_lawpoint_cmyk_zusatz_rechts_mehr-Arbeitsflaeche.png\",\"width\":888,\"height\":448,\"caption\":\"lawpoint\"},\"image\":{\"@id\":\"https:\/\/www.lawpoint.at\/#\/schema\/logo\/image\/\"}}]}<\/script>\n<!-- \/ Yoast SEO plugin. -->","yoast_head_json":{"title":"Impressum - lawpoint","robots":{"index":"index","follow":"follow","max-snippet":"max-snippet:-1","max-image-preview":"max-image-preview:large","max-video-preview":"max-video-preview:-1"},"canonical":"https:\/\/www.lawpoint.at\/en\/impressum\/","og_locale":"en_US","og_type":"article","og_title":"Impressum - lawpoint","og_url":"https:\/\/www.lawpoint.at\/en\/impressum\/","og_site_name":"lawpoint","article_modified_time":"2021-06-30T15:10:13+00:00","twitter_card":"summary_large_image","twitter_misc":{"Est. reading time":"1 minute"},"schema":{"@context":"https:\/\/schema.org","@graph":[{"@type":"WebPage","@id":"https:\/\/www.lawpoint.at\/impressum\/","url":"https:\/\/www.lawpoint.at\/impressum\/","name":"Impressum - lawpoint","isPartOf":{"@id":"https:\/\/www.lawpoint.at\/#website"},"datePublished":"2021-06-17T13:03:16+00:00","dateModified":"2021-06-30T15:10:13+00:00","breadcrumb":{"@id":"https:\/\/www.lawpoint.at\/impressum\/#breadcrumb"},"inLanguage":"en-US","potentialAction":[{"@type":"ReadAction","target":["https:\/\/www.lawpoint.at\/impressum\/"]}]},{"@type":"BreadcrumbList","@id":"https:\/\/www.lawpoint.at\/impressum\/#breadcrumb","itemListElement":[{"@type":"ListItem","position":1,"name":"Startseite","item":"https:\/\/www.lawpoint.at\/"},{"@type":"ListItem","position":2,"name":"Impressum"}]},{"@type":"WebSite","@id":"https:\/\/www.lawpoint.at\/#website","url":"https:\/\/www.lawpoint.at\/","name":"lawpoint","description":"We get to the point.","publisher":{"@id":"https:\/\/www.lawpoint.at\/#organization"},"potentialAction":[{"@type":"SearchAction","target":{"@type":"EntryPoint","urlTemplate":"https:\/\/www.lawpoint.at\/?s={search_term_string}"},"query-input":{"@type":"PropertyValueSpecification","valueRequired":true,"valueName":"search_term_string"}}],"inLanguage":"en-US"},{"@type":"Organization","@id":"https:\/\/www.lawpoint.at\/#organization","name":"lawpoint","url":"https:\/\/www.lawpoint.at\/","logo":{"@type":"ImageObject","inLanguage":"en-US","@id":"https:\/\/www.lawpoint.at\/#\/schema\/logo\/image\/","url":"https:\/\/www.lawpoint.at\/wp-content\/uploads\/2021\/05\/logo_lawpoint_cmyk_zusatz_rechts_mehr-Arbeitsflaeche.png","contentUrl":"https:\/\/www.lawpoint.at\/wp-content\/uploads\/2021\/05\/logo_lawpoint_cmyk_zusatz_rechts_mehr-Arbeitsflaeche.png","width":888,"height":448,"caption":"lawpoint"},"image":{"@id":"https:\/\/www.lawpoint.at\/#\/schema\/logo\/image\/"}}]}},"_links":{"self":[{"href":"https:\/\/www.lawpoint.at\/en\/wp-json\/wp\/v2\/pages\/855","targetHints":{"allow":["GET"]}}],"collection":[{"href":"https:\/\/www.lawpoint.at\/en\/wp-json\/wp\/v2\/pages"}],"about":[{"href":"https:\/\/www.lawpoint.at\/en\/wp-json\/wp\/v2\/types\/page"}],"author":[{"embeddable":true,"href":"https:\/\/www.lawpoint.at\/en\/wp-json\/wp\/v2\/users\/1"}],"replies":[{"embeddable":true,"href":"https:\/\/www.lawpoint.at\/en\/wp-json\/wp\/v2\/comments?post=855"}],"version-history":[{"count":13,"href":"https:\/\/www.lawpoint.at\/en\/wp-json\/wp\/v2\/pages\/855\/revisions"}],"predecessor-version":[{"id":931,"href":"https:\/\/www.lawpoint.at\/en\/wp-json\/wp\/v2\/pages\/855\/revisions\/931"}],"wp:attachment":[{"href":"https:\/\/www.lawpoint.at\/en\/wp-json\/wp\/v2\/media?parent=855"}],"curies":[{"name":"wp","href":"https:\/\/api.w.org\/{rel}","templated":true}]}}